{"id":3393,"date":"2018-05-28T18:10:53","date_gmt":"2018-05-28T18:10:53","guid":{"rendered":"http:\/\/www.fibcnet.com\/?page_id=3393"},"modified":"2019-02-21T18:53:10","modified_gmt":"2019-02-21T18:53:10","slug":"rdi","status":"publish","type":"page","link":"https:\/\/www.fibcnet.com\/ca\/rdi\/","title":{"rendered":"R+D+I"},"content":{"rendered":"<p><div class=\"fusion-fullwidth fullwidth-box fusion-builder-row-1 nonhundred-percent-fullwidth non-hundred-percent-height-scrolling\" style=\"background-color: #fbc918;background-position: left top;background-repeat: no-repeat;padding-top:0px;padding-right:0px;padding-bottom:0px;padding-left:0px;margin-bottom: 0px;margin-top: 0px;border-width: 0px 0px 0px 0px;border-color:#eae9e9;border-style:solid;\" ><div class=\"fusion-builder-row fusion-row\"><div class=\"fusion-layout-column fusion_builder_column fusion-builder-column-0 fusion_builder_column_1_1 1_1 fusion-one-full fusion-column-first fusion-column-last fusion-animated\" style=\"margin-top:0px;margin-bottom:20px;\" data-animationType=\"fadeInDown\" data-animationDuration=\"1.0\" data-animationOffset=\"top-into-view\"><div class=\"fusion-column-wrapper fusion-flex-column-wrapper-legacy\" style=\"background-position:left top;background-repeat:no-repeat;-webkit-background-size:cover;-moz-background-size:cover;-o-background-size:cover;background-size:cover;padding: 0px 0px 0px 0px;\"><div class=\"fusion-sep-clear\"><\/div><div class=\"fusion-separator fusion-full-width-sep\" style=\"margin-left: auto;margin-right: auto;margin-top:30px;margin-bottom:30px;width:100%;\"><\/div><div class=\"fusion-sep-clear\"><\/div><div class=\"fusion-text fusion-text-1\"><h1 style=\"text-align: center;\">R + D + I<\/h1>\n<\/div><div class=\"fusion-sep-clear\"><\/div><div class=\"fusion-separator fusion-full-width-sep\" style=\"margin-left: auto;margin-right: auto;margin-top:5px;margin-bottom:5px;width:100%;\"><\/div><div class=\"fusion-sep-clear\"><\/div><div class=\"fusion-clearfix\"><\/div><\/div><\/div><\/div><\/div><div class=\"fusion-fullwidth fullwidth-box fusion-builder-row-2 nonhundred-percent-fullwidth non-hundred-percent-height-scrolling\" style=\"background-color: #f2f2f2;background-position: left top;background-repeat: no-repeat;padding-top:0px;padding-right:0px;padding-bottom:0px;padding-left:0px;margin-bottom: 0px;margin-top: 0px;border-width: 0px 0px 0px 0px;border-color:#eae9e9;border-style:solid;\" ><div class=\"fusion-builder-row fusion-row\"><div class=\"fusion-layout-column fusion_builder_column fusion-builder-column-1 fusion_builder_column_1_5 1_5 fusion-one-fifth fusion-column-first\" style=\"width:16.8%; margin-right: 4%;margin-top:0px;margin-bottom:20px;\"><div class=\"fusion-column-wrapper fusion-flex-column-wrapper-legacy\" style=\"background-position:left top;background-repeat:no-repeat;-webkit-background-size:cover;-moz-background-size:cover;-o-background-size:cover;background-size:cover;background-color:#f2f2f2;padding: 0px 0px 0px 0px;\"><div class=\"fusion-sep-clear\"><\/div><div class=\"fusion-separator fusion-full-width-sep\" style=\"margin-left: auto;margin-right: auto;margin-top:30px;width:100%;\"><\/div><div class=\"fusion-sep-clear\"><\/div><div class=\"fusion-clearfix\"><\/div><\/div><\/div><div class=\"fusion-layout-column fusion_builder_column fusion-builder-column-2 fusion_builder_column_3_5 3_5 fusion-three-fifth\" style=\"width:58.4%; margin-right: 4%;margin-top:0px;margin-bottom:20px;\"><div class=\"fusion-column-wrapper fusion-flex-column-wrapper-legacy\" style=\"background-position:left top;background-repeat:no-repeat;-webkit-background-size:cover;-moz-background-size:cover;-o-background-size:cover;background-size:cover;background-color:#f2f2f2;padding: 0px 0px 0px 0px;\"><div class=\"fusion-sep-clear\"><\/div><div class=\"fusion-separator fusion-full-width-sep\" style=\"margin-left: auto;margin-right: auto;margin-top:30px;width:100%;\"><\/div><div class=\"fusion-sep-clear\"><\/div><div class=\"fusion-text fusion-text-2\"><h2>R + D + I<\/h2>\n<p>En <strong>CLIMESA\u00a0<\/strong>no deixem d\u2019innovar ni d\u2019incorporar noves solucions al mercat que ens distingeixen en el nostre sector gr\u00e0cies als nostres contenidors flexibles de gran valor afegit.<\/p>\n<p>Els nostres avan\u00e7os m\u00e9s recents estan enfocats a optimitzar i perfeccionar les t\u00e8cniques de conservaci\u00f3 de productes en contenidors flexibles preparats per treballar en atmosferes modificades. En aquest sentit, l\u2019\u00e8xit rotund del nostre sistema VACSAC\u00ae, principalment en el mercat alimentari, ens permet obtenir un valu\u00f3s <em>feedback<\/em> que redunda en millores cont\u00ednues i beneficioses.<\/p>\n<p>A banda d\u2019investigar cont\u00ednuament materials nous per al nostre env\u00e0s VACSAC\u00ae, tamb\u00e9 analitzem, desenvolupem i proposem noves t\u00e8cniques i equips per a les operacions necess\u00e0ries en aquest tipus d\u2019envasament amb l\u2019objectiu d\u2019obtenir un env\u00e0s \u00f2ptim i un envasament productiu, efica\u00e7 i amb garantia.<\/p>\n<p>A m\u00e9s a m\u00e9s, CLIMESA est\u00e0 perfeccionant actualment noves t\u00e8cniques d\u2019impressi\u00f3 que permeten un salt de qualitat molt important en la definici\u00f3 de la imatge i en la integritat del color de tota mena de logotips, llegendes i grafismes. Amb aquestes t\u00e8cniques noves, les parets dels contenidors flexibles es converteixen en aut\u00e8ntics espais publicitaris que ressalten la imatge i el missatge que es vol transmetre i destaquen la imatge corporativa dels nostres clients.no dejamos de innovar e incorporar nuevas soluciones al mercado que nos distinguen en nuestro sector gracias a nuestros Contenedores Flexibles de alto valor a\u00f1adido.<\/p>\n<\/div><div class=\"fusion-clearfix\"><\/div><\/div><\/div><\/div><\/div><\/p>\n","protected":false},"excerpt":{"rendered":"","protected":false},"author":2,"featured_media":0,"parent":0,"menu_order":0,"comment_status":"closed","ping_status":"closed","template":"100-width.php","meta":{"footnotes":""},"class_list":["post-3393","page","type-page","status-publish","hentry"],"_links":{"self":[{"href":"https:\/\/www.fibcnet.com\/ca\/wp-json\/wp\/v2\/pages\/3393","targetHints":{"allow":["GET"]}}],"collection":[{"href":"https:\/\/www.fibcnet.com\/ca\/wp-json\/wp\/v2\/pages"}],"about":[{"href":"https:\/\/www.fibcnet.com\/ca\/wp-json\/wp\/v2\/types\/page"}],"author":[{"embeddable":true,"href":"https:\/\/www.fibcnet.com\/ca\/wp-json\/wp\/v2\/users\/2"}],"replies":[{"embeddable":true,"href":"https:\/\/www.fibcnet.com\/ca\/wp-json\/wp\/v2\/comments?post=3393"}],"version-history":[{"count":8,"href":"https:\/\/www.fibcnet.com\/ca\/wp-json\/wp\/v2\/pages\/3393\/revisions"}],"predecessor-version":[{"id":4286,"href":"https:\/\/www.fibcnet.com\/ca\/wp-json\/wp\/v2\/pages\/3393\/revisions\/4286"}],"wp:attachment":[{"href":"https:\/\/www.fibcnet.com\/ca\/wp-json\/wp\/v2\/media?parent=3393"}],"curies":[{"name":"wp","href":"https:\/\/api.w.org\/{rel}","templated":true}]}}