{"id":3406,"date":"2018-05-28T18:19:32","date_gmt":"2018-05-28T18:19:32","guid":{"rendered":"http:\/\/www.fibcnet.com\/?page_id=3406"},"modified":"2021-11-29T10:53:27","modified_gmt":"2021-11-29T09:53:27","slug":"sistemes-de-qualitat","status":"publish","type":"page","link":"https:\/\/www.fibcnet.com\/ca\/sistemes-de-qualitat\/","title":{"rendered":"Sistemes de Qualitat"},"content":{"rendered":"<p><div class=\"fusion-fullwidth fullwidth-box fusion-builder-row-1 nonhundred-percent-fullwidth non-hundred-percent-height-scrolling\" style=\"background-color: #fbc918;background-position: left top;background-repeat: no-repeat;padding-top:0px;padding-right:0px;padding-bottom:0px;padding-left:0px;margin-bottom: 0px;margin-top: 0px;border-width: 0px 0px 0px 0px;border-color:#eae9e9;border-style:solid;\" ><div class=\"fusion-builder-row fusion-row\"><div class=\"fusion-layout-column fusion_builder_column fusion-builder-column-0 fusion_builder_column_1_1 1_1 fusion-one-full fusion-column-first fusion-column-last fusion-animated\" style=\"margin-top:0px;margin-bottom:20px;\" data-animationType=\"fadeInDown\" data-animationDuration=\"1.0\" data-animationOffset=\"top-into-view\"><div class=\"fusion-column-wrapper fusion-flex-column-wrapper-legacy\" style=\"background-position:left top;background-repeat:no-repeat;-webkit-background-size:cover;-moz-background-size:cover;-o-background-size:cover;background-size:cover;padding: 0px 0px 0px 0px;\"><div class=\"fusion-sep-clear\"><\/div><div class=\"fusion-separator fusion-full-width-sep\" style=\"margin-left: auto;margin-right: auto;margin-top:30px;margin-bottom:30px;width:100%;\"><\/div><div class=\"fusion-sep-clear\"><\/div><div class=\"fusion-text fusion-text-1\"><h1 style=\"text-align: center;\">Sistemes de Qualitat<\/h1>\n<\/div><div class=\"fusion-sep-clear\"><\/div><div class=\"fusion-separator fusion-full-width-sep\" style=\"margin-left: auto;margin-right: auto;margin-top:5px;margin-bottom:5px;width:100%;\"><\/div><div class=\"fusion-sep-clear\"><\/div><div class=\"fusion-clearfix\"><\/div><\/div><\/div><\/div><\/div><div class=\"fusion-fullwidth fullwidth-box fusion-builder-row-2 nonhundred-percent-fullwidth non-hundred-percent-height-scrolling\" style=\"background-color: #f2f2f2;background-position: left top;background-repeat: no-repeat;padding-top:0px;padding-right:0px;padding-bottom:0px;padding-left:0px;margin-bottom: 0px;margin-top: 0px;border-width: 0px 0px 0px 0px;border-color:#eae9e9;border-style:solid;\" ><div class=\"fusion-builder-row fusion-row\"><div class=\"fusion-layout-column fusion_builder_column fusion-builder-column-1 fusion_builder_column_1_1 1_1 fusion-one-full fusion-column-first fusion-column-last\" style=\"margin-top:0px;margin-bottom:20px;\"><div class=\"fusion-column-wrapper fusion-flex-column-wrapper-legacy\" style=\"background-position:left top;background-repeat:no-repeat;-webkit-background-size:cover;-moz-background-size:cover;-o-background-size:cover;background-size:cover;background-color:#f2f2f2;padding: 0px 0px 0px 0px;\"><div class=\"fusion-sep-clear\"><\/div><div class=\"fusion-separator fusion-full-width-sep\" style=\"margin-left: auto;margin-right: auto;margin-top:30px;width:100%;\"><\/div><div class=\"fusion-sep-clear\"><\/div><div class=\"fusion-clearfix\"><\/div><\/div><\/div><div class=\"fusion-layout-column fusion_builder_column fusion-builder-column-2 fusion_builder_column_1_5 1_5 fusion-one-fifth fusion-column-first\" style=\"width:16.8%; margin-right: 4%;margin-top:0px;margin-bottom:20px;\"><div class=\"fusion-column-wrapper fusion-flex-column-wrapper-legacy\" style=\"background-position:left top;background-repeat:no-repeat;-webkit-background-size:cover;-moz-background-size:cover;-o-background-size:cover;background-size:cover;background-color:#f2f2f2;padding: 0px 0px 0px 0px;\"><div class=\"fusion-align-block\"><style type=\"text\/css\">.fusion-button.button-1 .fusion-button-text, .fusion-button.button-1 i {color:#666666;}.fusion-button.button-1 .fusion-button-icon-divider{border-color:#666666;}.fusion-button.button-1:hover .fusion-button-text, .fusion-button.button-1:hover i,.fusion-button.button-1:focus .fusion-button-text, .fusion-button.button-1:focus i,.fusion-button.button-1:active .fusion-button-text, .fusion-button.button-1:active{color:#666666;}.fusion-button.button-1:hover .fusion-button-icon-divider, .fusion-button.button-1:hover .fusion-button-icon-divider, .fusion-button.button-1:active .fusion-button-icon-divider{border-color:#666666;}.fusion-button.button-1:hover, .fusion-button.button-1:focus, .fusion-button.button-1:active{border-color:#666666;}.fusion-button.button-1 {border-color:#666666;border-radius:0px;}.fusion-button.button-1{background: #ffffff;}.fusion-button.button-1:hover,.button-1:focus,.fusion-button.button-1:active{background: #fecc33;}<\/style><a class=\"fusion-button button-flat fusion-button-default-size button-custom button-1 fusion-button-span-yes \" target=\"_self\" href=\"#ISO9001\"><span class=\"fusion-button-text\">QUALITAT CERTIFICADA &#8211; ISO 9001<\/span><\/a><\/div><div class=\"fusion-sep-clear\"><\/div><div class=\"fusion-separator fusion-full-width-sep\" style=\"margin-left: auto;margin-right: auto;margin-top:5px;margin-bottom:5px;width:100%;\"><\/div><div class=\"fusion-sep-clear\"><\/div><div class=\"fusion-align-block\"><style type=\"text\/css\">.fusion-button.button-2 .fusion-button-text, .fusion-button.button-2 i {color:#666666;}.fusion-button.button-2 .fusion-button-icon-divider{border-color:#666666;}.fusion-button.button-2:hover .fusion-button-text, .fusion-button.button-2:hover i,.fusion-button.button-2:focus .fusion-button-text, .fusion-button.button-2:focus i,.fusion-button.button-2:active .fusion-button-text, .fusion-button.button-2:active{color:#666666;}.fusion-button.button-2:hover .fusion-button-icon-divider, .fusion-button.button-2:hover .fusion-button-icon-divider, .fusion-button.button-2:active .fusion-button-icon-divider{border-color:#666666;}.fusion-button.button-2:hover, .fusion-button.button-2:focus, .fusion-button.button-2:active{border-color:#666666;}.fusion-button.button-2 {border-color:#666666;border-radius:0px;}.fusion-button.button-2{background: #ffffff;}.fusion-button.button-2:hover,.button-2:focus,.fusion-button.button-2:active{background: #fecc33;}<\/style><a class=\"fusion-button button-flat fusion-button-default-size button-custom button-2 fusion-button-span-yes \" target=\"_self\" href=\"#ensayos\"><span class=\"fusion-button-text\">ASSAJOS DE QUALITAT<\/span><\/a><\/div><div class=\"fusion-sep-clear\"><\/div><div class=\"fusion-separator fusion-full-width-sep\" style=\"margin-left: auto;margin-right: auto;margin-top:5px;margin-bottom:5px;width:100%;\"><\/div><div class=\"fusion-sep-clear\"><\/div><div class=\"fusion-align-block\"><style type=\"text\/css\">.fusion-button.button-3 .fusion-button-text, .fusion-button.button-3 i {color:#666666;}.fusion-button.button-3 .fusion-button-icon-divider{border-color:#666666;}.fusion-button.button-3:hover .fusion-button-text, .fusion-button.button-3:hover i,.fusion-button.button-3:focus .fusion-button-text, .fusion-button.button-3:focus i,.fusion-button.button-3:active .fusion-button-text, .fusion-button.button-3:active{color:#666666;}.fusion-button.button-3:hover .fusion-button-icon-divider, .fusion-button.button-3:hover .fusion-button-icon-divider, .fusion-button.button-3:active .fusion-button-icon-divider{border-color:#666666;}.fusion-button.button-3:hover, .fusion-button.button-3:focus, .fusion-button.button-3:active{border-color:#666666;}.fusion-button.button-3 {border-color:#666666;border-radius:0px;}.fusion-button.button-3{background: #ffffff;}.fusion-button.button-3:hover,.button-3:focus,.fusion-button.button-3:active{background: #fecc33;}<\/style><a class=\"fusion-button button-flat fusion-button-default-size button-custom button-3 fusion-button-span-yes \" target=\"_self\" href=\"#satisfaccion\"><span class=\"fusion-button-text\">SATISFACCI\u00d3 DELS CLIENTS<\/span><\/a><\/div><div class=\"fusion-clearfix\"><\/div><\/div><\/div><div class=\"fusion-layout-column fusion_builder_column fusion-builder-column-3 fusion_builder_column_1_3 1_3 fusion-one-third\" style=\"width:30.6666%; margin-right: 4%;margin-top:0px;margin-bottom:20px;\"><div class=\"fusion-column-wrapper fusion-flex-column-wrapper-legacy\" style=\"background-position:left top;background-repeat:no-repeat;-webkit-background-size:cover;-moz-background-size:cover;-o-background-size:cover;background-size:cover;background-color:#f2f2f2;padding: 0px 0px 0px 0px;\"><div class=\"fusion-menu-anchor\" id=\"ISO9001\"><\/div><style type=\"text\/css\">.fusion-gallery-1 .fusion-gallery-image {border:0px solid #f6f6f6;}<\/style><div class=\"fusion-gallery fusion-gallery-container fusion-grid-1 fusion-columns-total-2 fusion-gallery-layout-grid fusion-gallery-1\" style=\"margin:-5px;\"><div style=\"padding:5px;\" class=\"fusion-grid-column fusion-gallery-column fusion-gallery-column-1 hover-type-none\"><div class=\"fusion-gallery-image\"><img decoding=\"async\" src=\"https:\/\/www.fibcnet.com\/wp-content\/uploads\/2018\/03\/IMG_1932-460x295.jpg\" width=\"460\" height=\"295\" alt=\"\" title=\"IMG_1932\" aria-label=\"IMG_1932\" class=\"img-responsive wp-image-2351 fusion-gallery-image-size-fixed\" \/><\/div><\/div><div class=\"clearfix\"><\/div><div style=\"padding:5px;\" class=\"fusion-grid-column fusion-gallery-column fusion-gallery-column-1 hover-type-none\"><div class=\"fusion-gallery-image\"><img decoding=\"async\" src=\"https:\/\/www.fibcnet.com\/wp-content\/uploads\/2018\/03\/CERTIFICADO-BRC-460x295.jpg\" width=\"460\" height=\"295\" alt=\"\" title=\"CERTIFICADO BRC\" aria-label=\"CERTIFICADO BRC\" class=\"img-responsive wp-image-2352 fusion-gallery-image-size-fixed\" \/><\/div><\/div><div class=\"clearfix\"><\/div><\/div><div class=\"fusion-clearfix\"><\/div><\/div><\/div><div class=\"fusion-layout-column fusion_builder_column fusion-builder-column-4 fusion_builder_column_2_5 2_5 fusion-two-fifth\" style=\"width:37.6%; margin-right: 4%;margin-top:0px;margin-bottom:20px;\"><div class=\"fusion-column-wrapper fusion-flex-column-wrapper-legacy\" style=\"background-position:left top;background-repeat:no-repeat;-webkit-background-size:cover;-moz-background-size:cover;-o-background-size:cover;background-size:cover;background-color:#f2f2f2;padding: 0px 0px 0px 0px;\"><div class=\"fusion-text fusion-text-2\"><h2>Qualitat certificada &#8211; ISO 9001<\/h2>\n<p style=\"text-align: justify;\">CLIMESA disposa del certificat ISO\u00a09001 des de fa m\u00e9s de 20 anys de manera ininterrompuda. CLIMESA t\u00e9 el comprom\u00eds de mantenir una elevada satisfacci\u00f3 dels seus clients, que \u00e9s el reflex fidel de la qualitat dels seus productes i de la seva professionalitat, aix\u00ed com de l\u2019equip que conforma l\u2019organitzaci\u00f3.<\/p>\n<p style=\"text-align: justify;\">L\u2019estructura de l\u2019empresa s\u2019estableix mitjan\u00e7ant processos clarament definits i enfocats a complir els requisits dels clients de la manera m\u00e9s eficient possible. Aix\u00f2 obliga a vigilar i avaluar tots aquests processos de manera cont\u00ednua per garantir una bona execuci\u00f3 de les tasques, alhora que s\u2019optimitzen els recursos i els costos.<\/p>\n<p style=\"text-align: justify;\">Gr\u00e0cies a aix\u00f2, CLIMESA t\u00e9 una forta estructura empresarial que projecta una gran imatge en el mercat i que li permet distingir-se en el sector.<\/p>\n<\/div><div class=\"fusion-clearfix\"><\/div><\/div><\/div><div class=\"fusion-layout-column fusion_builder_column fusion-builder-column-5 fusion_builder_column_1_1 1_1 fusion-one-full fusion-column-last\" style=\"margin-top:0px;margin-bottom:20px;\"><div class=\"fusion-column-wrapper fusion-flex-column-wrapper-legacy\" style=\"background-position:left top;background-repeat:no-repeat;-webkit-background-size:cover;-moz-background-size:cover;-o-background-size:cover;background-size:cover;background-color:#f2f2f2;padding: 0px 0px 0px 0px;\"><div class=\"fusion-sep-clear\"><\/div><div class=\"fusion-separator fusion-full-width-sep\" style=\"margin-left: auto;margin-right: auto;margin-top:5px;margin-bottom:5px;width:100%;\"><\/div><div class=\"fusion-sep-clear\"><\/div><div class=\"fusion-clearfix\"><\/div><\/div><\/div><div class=\"fusion-layout-column fusion_builder_column fusion-builder-column-6 fusion_builder_column_1_5 1_5 fusion-one-fifth fusion-column-first\" style=\"width:16.8%; margin-right: 4%;margin-top:0px;margin-bottom:20px;\"><div class=\"fusion-column-wrapper fusion-flex-column-wrapper-legacy\" style=\"background-position:left top;background-repeat:no-repeat;-webkit-background-size:cover;-moz-background-size:cover;-o-background-size:cover;background-size:cover;background-color:#f2f2f2;padding: 0px 0px 0px 0px;\"><div class=\"fusion-sep-clear\"><\/div><div class=\"fusion-separator fusion-full-width-sep\" style=\"margin-left: auto;margin-right: auto;margin-top:5px;margin-bottom:5px;width:100%;\"><\/div><div class=\"fusion-sep-clear\"><\/div><div class=\"fusion-clearfix\"><\/div><\/div><\/div><div class=\"fusion-layout-column fusion_builder_column fusion-builder-column-7 fusion_builder_column_1_3 1_3 fusion-one-third\" style=\"width:30.6666%; margin-right: 4%;margin-top:0px;margin-bottom:20px;\"><div class=\"fusion-column-wrapper fusion-flex-column-wrapper-legacy\" style=\"background-position:left top;background-repeat:no-repeat;-webkit-background-size:cover;-moz-background-size:cover;-o-background-size:cover;background-size:cover;background-color:#f2f2f2;padding: 0px 0px 0px 0px;\"><div class=\"fusion-menu-anchor\" id=\"ensayos\"><\/div><style type=\"text\/css\">.fusion-gallery-2 .fusion-gallery-image {border:0px solid #f6f6f6;}<\/style><div class=\"fusion-gallery fusion-gallery-container fusion-grid-1 fusion-columns-total-1 fusion-gallery-layout-grid fusion-gallery-2\" style=\"margin:-5px;\"><div style=\"padding:5px;\" class=\"fusion-grid-column fusion-gallery-column fusion-gallery-column-1 hover-type-none\"><div class=\"fusion-gallery-image\"><img decoding=\"async\" src=\"https:\/\/www.fibcnet.com\/wp-content\/uploads\/2018\/03\/IMG_1958-460x295.jpg\" width=\"460\" height=\"295\" alt=\"\" title=\"IMG_1958\" aria-label=\"IMG_1958\" class=\"img-responsive wp-image-2356 fusion-gallery-image-size-fixed\" \/><\/div><\/div><div class=\"clearfix\"><\/div><\/div><div class=\"fusion-clearfix\"><\/div><\/div><\/div><div class=\"fusion-layout-column fusion_builder_column fusion-builder-column-8 fusion_builder_column_2_5 2_5 fusion-two-fifth\" style=\"width:37.6%; margin-right: 4%;margin-top:0px;margin-bottom:20px;\"><div class=\"fusion-column-wrapper fusion-flex-column-wrapper-legacy\" style=\"background-position:left top;background-repeat:no-repeat;-webkit-background-size:cover;-moz-background-size:cover;-o-background-size:cover;background-size:cover;background-color:#f2f2f2;padding: 0px 0px 0px 0px;\"><div class=\"fusion-text fusion-text-3\"><h2>Assajos de qualitat<\/h2>\n<p class=\"p1\">A CLIMESA es porten a terme diversos controls i assajos de qualitat en els contenidors flexibles per garantir que s\u2019ajustin tant als requisits legals com als dels nostres clients. L\u2019empresa disposa de tots els equips d\u2019assaig necessaris i de personal qualificat per fer-los servir.<\/p>\n<p class=\"p1\">L\u2019assaig principal que es fa \u00e9s el de tracci\u00f3, que posa a prova la resist\u00e8ncia mec\u00e0nica dels contenidors flexibles. En aquestes proves se segueix la normativa UNE-EN\u00a0ISO\u00a021898:2004 Contenidors polivalents flexibles per a productes a granel (IBCs) per a mercaderies no perilloses. L\u2019objectiu principal \u00e9s demostrar, sota condicions establertes, la seva capacitat de c\u00e0rrega i assegurar-ne el factor de seguretat de treball.<\/p>\n<p class=\"p1\">Un altre dels assajos fonamentals \u00e9s el de comprovaci\u00f3 de les propietats electroest\u00e0tiques dels contenidors flexibles. CLIMESA fabrica tots els tipus de contenidors flexibles destinats a garantir la seguretat en ambients laborals en qu\u00e8 hi ha risc d\u2019acumulaci\u00f3 de c\u00e0rregues electroest\u00e0tiques en els contenidors. Per aquest motiu es fan comprovacions segons la norma IEC\u00a061340-4-4 <em>Standard test methods for specific applications \u2013 Electrostatic classification of flexible intermediate bulk containers (FIBC)<\/em>, en qu\u00e8 s\u2019analitza si els teixits i les desviacions de corrent a terra treballen adequadament.<\/p>\n<\/div><div class=\"fusion-clearfix\"><\/div><\/div><\/div><div class=\"fusion-layout-column fusion_builder_column fusion-builder-column-9 fusion_builder_column_1_1 1_1 fusion-one-full fusion-column-last\" style=\"margin-top:0px;margin-bottom:20px;\"><div class=\"fusion-column-wrapper fusion-flex-column-wrapper-legacy\" style=\"background-position:left top;background-repeat:no-repeat;-webkit-background-size:cover;-moz-background-size:cover;-o-background-size:cover;background-size:cover;background-color:#f2f2f2;padding: 0px 0px 0px 0px;\"><div class=\"fusion-sep-clear\"><\/div><div class=\"fusion-separator fusion-full-width-sep\" style=\"margin-left: auto;margin-right: auto;margin-top:5px;margin-bottom:5px;width:100%;\"><\/div><div class=\"fusion-sep-clear\"><\/div><div class=\"fusion-clearfix\"><\/div><\/div><\/div><div class=\"fusion-layout-column fusion_builder_column fusion-builder-column-10 fusion_builder_column_1_5 1_5 fusion-one-fifth fusion-column-first\" style=\"width:16.8%; margin-right: 4%;margin-top:0px;margin-bottom:20px;\"><div class=\"fusion-column-wrapper fusion-flex-column-wrapper-legacy\" style=\"background-position:left top;background-repeat:no-repeat;-webkit-background-size:cover;-moz-background-size:cover;-o-background-size:cover;background-size:cover;background-color:#f2f2f2;padding: 0px 0px 0px 0px;\"><div class=\"fusion-sep-clear\"><\/div><div class=\"fusion-separator fusion-full-width-sep\" style=\"margin-left: auto;margin-right: auto;margin-top:5px;margin-bottom:5px;width:100%;\"><\/div><div class=\"fusion-sep-clear\"><\/div><div class=\"fusion-clearfix\"><\/div><\/div><\/div><div class=\"fusion-layout-column fusion_builder_column fusion-builder-column-11 fusion_builder_column_1_3 1_3 fusion-one-third\" style=\"width:30.6666%; margin-right: 4%;margin-top:0px;margin-bottom:20px;\"><div class=\"fusion-column-wrapper fusion-flex-column-wrapper-legacy\" style=\"background-position:left top;background-repeat:no-repeat;-webkit-background-size:cover;-moz-background-size:cover;-o-background-size:cover;background-size:cover;background-color:#f2f2f2;padding: 0px 0px 0px 0px;\"><div class=\"fusion-menu-anchor\" id=\"satisfaccion\"><\/div><style type=\"text\/css\">.fusion-gallery-3 .fusion-gallery-image {border:0px solid #f6f6f6;}<\/style><div class=\"fusion-gallery fusion-gallery-container fusion-grid-1 fusion-columns-total-1 fusion-gallery-layout-grid fusion-gallery-3\" style=\"margin:-5px;\"><div style=\"padding:5px;\" class=\"fusion-grid-column fusion-gallery-column fusion-gallery-column-1 hover-type-none\"><div class=\"fusion-gallery-image\"><img decoding=\"async\" src=\"https:\/\/www.fibcnet.com\/wp-content\/uploads\/2021\/11\/Ejemplo-grafico-Calidad-scaled.jpg\" width=\"2560\" height=\"1187\" alt=\"\" title=\"TOP 25 Interloc 2017.xlsx\" aria-label=\"TOP 25 Interloc 2017.xlsx\" class=\"img-responsive wp-image-5225\" srcset=\"https:\/\/www.fibcnet.com\/wp-content\/uploads\/2021\/11\/Ejemplo-grafico-Calidad-200x93.jpg 200w, https:\/\/www.fibcnet.com\/wp-content\/uploads\/2021\/11\/Ejemplo-grafico-Calidad-400x186.jpg 400w, https:\/\/www.fibcnet.com\/wp-content\/uploads\/2021\/11\/Ejemplo-grafico-Calidad-600x278.jpg 600w, https:\/\/www.fibcnet.com\/wp-content\/uploads\/2021\/11\/Ejemplo-grafico-Calidad-800x371.jpg 800w, https:\/\/www.fibcnet.com\/wp-content\/uploads\/2021\/11\/Ejemplo-grafico-Calidad-1200x557.jpg 1200w, https:\/\/www.fibcnet.com\/wp-content\/uploads\/2021\/11\/Ejemplo-grafico-Calidad-scaled.jpg 2560w\" sizes=\"(min-width: 2200px) 100vw, (min-width: 640px) 1100px, \" \/><\/div><\/div><div class=\"clearfix\"><\/div><\/div><div class=\"fusion-clearfix\"><\/div><\/div><\/div><div class=\"fusion-layout-column fusion_builder_column fusion-builder-column-12 fusion_builder_column_2_5 2_5 fusion-two-fifth\" style=\"width:37.6%; margin-right: 4%;margin-top:0px;margin-bottom:20px;\"><div class=\"fusion-column-wrapper fusion-flex-column-wrapper-legacy\" style=\"background-position:left top;background-repeat:no-repeat;-webkit-background-size:cover;-moz-background-size:cover;-o-background-size:cover;background-size:cover;background-color:#f2f2f2;padding: 0px 0px 0px 0px;\"><div class=\"fusion-text fusion-text-4\"><h2>Satisfacci\u00f3 dels clients<\/h2>\n<p class=\"p1\">L\u2019objectiu principal de la tasca de CLIMESA \u00e9s complir tots els requisits i expectatives dels seus clients, la m\u00e0xima satisfacci\u00f3 dels quals ajuda a crear i a establir fortes relacions de confian\u00e7a.<\/p>\n<p class=\"p1\">Les dades recollides cada any en les enquestes de satisfacci\u00f3 dels clients no fan m\u00e9s que ratificar l\u2019excel\u00b7lent qualitat dels productes i dels serveis que presta CLIMESA.<\/p>\n<p class=\"p1\">Aquesta gran imatge de marca ens permet introduir-nos en qualsevol \u00e0mbit i assolir \u00e8xits des dels primers moments de les relacions.<\/p>\n<\/div><div class=\"fusion-clearfix\"><\/div><\/div><\/div><\/div><\/div><\/p>\n","protected":false},"excerpt":{"rendered":"","protected":false},"author":2,"featured_media":0,"parent":0,"menu_order":0,"comment_status":"closed","ping_status":"closed","template":"100-width.php","meta":{"footnotes":""},"class_list":["post-3406","page","type-page","status-publish","hentry"],"_links":{"self":[{"href":"https:\/\/www.fibcnet.com\/ca\/wp-json\/wp\/v2\/pages\/3406","targetHints":{"allow":["GET"]}}],"collection":[{"href":"https:\/\/www.fibcnet.com\/ca\/wp-json\/wp\/v2\/pages"}],"about":[{"href":"https:\/\/www.fibcnet.com\/ca\/wp-json\/wp\/v2\/types\/page"}],"author":[{"embeddable":true,"href":"https:\/\/www.fibcnet.com\/ca\/wp-json\/wp\/v2\/users\/2"}],"replies":[{"embeddable":true,"href":"https:\/\/www.fibcnet.com\/ca\/wp-json\/wp\/v2\/comments?post=3406"}],"version-history":[{"count":10,"href":"https:\/\/www.fibcnet.com\/ca\/wp-json\/wp\/v2\/pages\/3406\/revisions"}],"predecessor-version":[{"id":5230,"href":"https:\/\/www.fibcnet.com\/ca\/wp-json\/wp\/v2\/pages\/3406\/revisions\/5230"}],"wp:attachment":[{"href":"https:\/\/www.fibcnet.com\/ca\/wp-json\/wp\/v2\/media?parent=3406"}],"curies":[{"name":"wp","href":"https:\/\/api.w.org\/{rel}","templated":true}]}}