{"id":3415,"date":"2018-05-28T18:27:22","date_gmt":"2018-05-28T18:27:22","guid":{"rendered":"http:\/\/www.fibcnet.com\/?page_id=3415"},"modified":"2026-04-28T23:42:27","modified_gmt":"2026-04-28T21:42:27","slug":"qualitat","status":"publish","type":"page","link":"https:\/\/www.fibcnet.com\/ca\/qualitat\/","title":{"rendered":"QUALITAT"},"content":{"rendered":"<p><div class=\"fusion-fullwidth fullwidth-box fusion-builder-row-1 nonhundred-percent-fullwidth non-hundred-percent-height-scrolling\" style=\"background-color: #fbc918;background-position: left top;background-repeat: no-repeat;padding-top:0px;padding-right:0px;padding-bottom:0px;padding-left:0px;margin-bottom: 0px;margin-top: 0px;border-width: 0px 0px 0px 0px;border-color:#eae9e9;border-style:solid;\" ><div class=\"fusion-builder-row fusion-row\"><div class=\"fusion-layout-column fusion_builder_column fusion-builder-column-0 fusion_builder_column_1_1 1_1 fusion-one-full fusion-column-first fusion-column-last fusion-animated\" style=\"margin-top:0px;margin-bottom:20px;\" data-animationType=\"fadeInDown\" data-animationDuration=\"1.0\" data-animationOffset=\"top-into-view\"><div class=\"fusion-column-wrapper fusion-flex-column-wrapper-legacy\" style=\"background-position:left top;background-repeat:no-repeat;-webkit-background-size:cover;-moz-background-size:cover;-o-background-size:cover;background-size:cover;padding: 0px 0px 0px 0px;\"><div class=\"fusion-sep-clear\"><\/div><div class=\"fusion-separator fusion-full-width-sep\" style=\"margin-left: auto;margin-right: auto;margin-top:30px;margin-bottom:30px;width:100%;\"><\/div><div class=\"fusion-sep-clear\"><\/div><div class=\"fusion-text fusion-text-1\"><h1 style=\"text-align: center;\">Gesti\u00f3 de la qualitat<\/h1>\n<h2 style=\"text-align: center;\">Millora cont\u00ednua<\/h2>\n<\/div><div class=\"fusion-sep-clear\"><\/div><div class=\"fusion-separator fusion-full-width-sep\" style=\"margin-left: auto;margin-right: auto;margin-top:5px;margin-bottom:5px;width:100%;\"><\/div><div class=\"fusion-sep-clear\"><\/div><div class=\"fusion-clearfix\"><\/div><\/div><\/div><\/div><\/div><div class=\"fusion-fullwidth fullwidth-box fusion-builder-row-2 nonhundred-percent-fullwidth non-hundred-percent-height-scrolling\" style=\"background-color: #f2f2f2;background-position: left top;background-repeat: no-repeat;padding-top:0px;padding-right:0px;padding-bottom:50px;padding-left:0px;margin-bottom: 0px;margin-top: 0px;border-width: 0px 0px 0px 0px;border-color:#eae9e9;border-style:solid;\" ><div class=\"fusion-builder-row fusion-row\"><div class=\"fusion-layout-column fusion_builder_column fusion-builder-column-1 fusion_builder_column_1_1 1_1 fusion-one-full fusion-column-first fusion-column-last\" style=\"margin-top:0px;margin-bottom:20px;\"><div class=\"fusion-column-wrapper fusion-flex-column-wrapper-legacy\" style=\"background-position:left top;background-repeat:no-repeat;-webkit-background-size:cover;-moz-background-size:cover;-o-background-size:cover;background-size:cover;background-color:#f2f2f2;padding: 0px 0px 0px 0px;\"><div class=\"fusion-sep-clear\"><\/div><div class=\"fusion-separator fusion-full-width-sep\" style=\"margin-left: auto;margin-right: auto;margin-top:30px;width:100%;\"><\/div><div class=\"fusion-sep-clear\"><\/div><div class=\"fusion-clearfix\"><\/div><\/div><\/div><div class=\"fusion-layout-column fusion_builder_column fusion-builder-column-2 fusion_builder_column_1_3 1_3 fusion-one-third fusion-column-first\" style=\"width:30.6666%; margin-right: 4%;margin-top:0px;margin-bottom:20px;\"><div class=\"fusion-column-wrapper fusion-flex-column-wrapper-legacy\" style=\"background-position:left top;background-repeat:no-repeat;-webkit-background-size:cover;-moz-background-size:cover;-o-background-size:cover;background-size:cover;padding: 0px 0px 0px 0px;\"><span class=\" fusion-imageframe imageframe-none imageframe-1 hover-type-zoomin\"><img decoding=\"async\" width=\"264\" height=\"253\" title=\"icon-iso-gran\" src=\"http:\/\/www.fibcnet.com\/wp-content\/uploads\/icon-iso-gran.png\" class=\"img-responsive wp-image-795\"\/><\/span><div class=\"fusion-clearfix\"><\/div><\/div><\/div><div class=\"fusion-layout-column fusion_builder_column fusion-builder-column-3 fusion_builder_column_3_5 3_5 fusion-three-fifth\" style=\"width:58.4%; margin-right: 4%;margin-top:0px;margin-bottom:20px;\"><div class=\"fusion-column-wrapper fusion-flex-column-wrapper-legacy\" style=\"background-position:left top;background-repeat:no-repeat;-webkit-background-size:cover;-moz-background-size:cover;-o-background-size:cover;background-size:cover;background-color:#f2f2f2;padding: 0px 0px 0px 0px;\"><div class=\"fusion-text fusion-text-2\"><h2>La superaci\u00f3 constant i la millora cont\u00ednua de l\u2019efic\u00e0cia dels processos formen part de la hist\u00f2ria i de l\u2019evoluci\u00f3 de CLIMESA.<\/h2>\n<p>L\u2019any 1996, CLIMESA va obtenir la certificaci\u00f3 del seu sistema de qualitat segons la norma ISO\u00a09002:1994, que actualment correspon a la norma ISO\u00a09001:2008. La pol\u00edtica de qualitat de CLIMESA est\u00e0 clarament enfocada a la satisfacci\u00f3 dels seus clients.<\/p>\n<blockquote>\n<p>A CLIMESA entenem la QUALITAT com una manera de treballar que ens permeti definir i elaborar qualsevol producte, proc\u00e9s o servei seguint un patr\u00f3 predefinit, sense desviacions i amb un cost m\u00ednim.<\/p>\n<\/blockquote>\n<p>Per aconseguir-ho, lluitem per complir els requisits i les expectatives dels nostres clients, aix\u00ed com els requisits legals i reglamentaris aplicables, de manera que puguem:<\/p>\n<ul>\n<li>Assegurar la qualitat t\u00e8cnica dels productes per poder ser competitius.<\/li>\n<li>Captar, transmetre i gestionar la informaci\u00f3 necess\u00e0ria per millorar cont\u00ednuament els nostres productes.<\/li>\n<li>Oferir assist\u00e8ncia t\u00e8cnica r\u00e0pida i efica\u00e7.<\/li>\n<li>Garantir un servei correcte en quantitat i termini.<\/li>\n<li>Ser capa\u00e7os de captar i adaptar-nos a les necessitats del mercat en general i del client en particular.<\/li>\n<li>Oferir preus competitius.<\/li>\n<li>Millorar de manera cont\u00ednua l\u2019efic\u00e0cia del sistema de qualitat per incrementar la satisfacci\u00f3 del client.<\/li>\n<li>A banda de disposar d\u2019un sistema de qualitat que garanteixi l\u2019\u00e8xit dels nostres processos, garantim la qualitat i la seguretat dels nostres productes amb una s\u00e8rie d\u2019assajos d\u2019homologaci\u00f3 efectuats en laboratoris acreditats (SGS, APPLUS, LABORDATA i N.E.L.) que asseguren el compliment de normatives espec\u00edfiques EFIBCA, ISO i UN per a cada tipologia de productes que fabriquem.<\/li>\n<\/ul>\n<\/div><div class=\"fusion-sep-clear\"><\/div><div class=\"fusion-separator fusion-full-width-sep\" style=\"margin-left: auto;margin-right: auto;margin-top:30px;width:100%;\"><\/div><div class=\"fusion-sep-clear\"><\/div><div class=\"fusion-clearfix\"><\/div><\/div><\/div><\/div><\/div><\/p>\n","protected":false},"excerpt":{"rendered":"","protected":false},"author":2,"featured_media":0,"parent":0,"menu_order":0,"comment_status":"closed","ping_status":"closed","template":"100-width.php","meta":{"footnotes":""},"class_list":["post-3415","page","type-page","status-publish","hentry"],"_links":{"self":[{"href":"https:\/\/www.fibcnet.com\/ca\/wp-json\/wp\/v2\/pages\/3415","targetHints":{"allow":["GET"]}}],"collection":[{"href":"https:\/\/www.fibcnet.com\/ca\/wp-json\/wp\/v2\/pages"}],"about":[{"href":"https:\/\/www.fibcnet.com\/ca\/wp-json\/wp\/v2\/types\/page"}],"author":[{"embeddable":true,"href":"https:\/\/www.fibcnet.com\/ca\/wp-json\/wp\/v2\/users\/2"}],"replies":[{"embeddable":true,"href":"https:\/\/www.fibcnet.com\/ca\/wp-json\/wp\/v2\/comments?post=3415"}],"version-history":[{"count":9,"href":"https:\/\/www.fibcnet.com\/ca\/wp-json\/wp\/v2\/pages\/3415\/revisions"}],"predecessor-version":[{"id":5650,"href":"https:\/\/www.fibcnet.com\/ca\/wp-json\/wp\/v2\/pages\/3415\/revisions\/5650"}],"wp:attachment":[{"href":"https:\/\/www.fibcnet.com\/ca\/wp-json\/wp\/v2\/media?parent=3415"}],"curies":[{"name":"wp","href":"https:\/\/api.w.org\/{rel}","templated":true}]}}