{"id":3449,"date":"2018-05-29T06:37:32","date_gmt":"2018-05-29T06:37:32","guid":{"rendered":"http:\/\/www.fibcnet.com\/?page_id=3449"},"modified":"2021-09-08T18:57:09","modified_gmt":"2021-09-08T16:57:09","slug":"granesac-industrial-materies-perilloses","status":"publish","type":"page","link":"https:\/\/www.fibcnet.com\/ca\/granesac-industrial-materies-perilloses\/","title":{"rendered":"Mat\u00e8ries perilloses"},"content":{"rendered":"<p><div class=\"fusion-fullwidth fullwidth-box fusion-builder-row-1 nonhundred-percent-fullwidth non-hundred-percent-height-scrolling\" style=\"background-color: rgba(255,255,255,0);background-position: left top;background-repeat: no-repeat;padding-top:0px;padding-right:0px;padding-bottom:0px;padding-left:0px;margin-bottom: 0px;margin-top: 0px;border-width: 0px 0px 0px 0px;border-color:#eae9e9;border-style:solid;\" ><div class=\"fusion-builder-row fusion-row\"><div class=\"fusion-layout-column fusion_builder_column fusion-builder-column-0 fusion_builder_column_2_3 2_3 fusion-two-third fusion-column-first\" style=\"width:65.3333%; margin-right: 4%;margin-top:0px;margin-bottom:20px;\"><div class=\"fusion-column-wrapper fusion-flex-column-wrapper-legacy\" style=\"background-position:left top;background-repeat:no-repeat;-webkit-background-size:cover;-moz-background-size:cover;-o-background-size:cover;background-size:cover;padding: 0px 0px 0px 0px;\"><div class=\"fusion-sep-clear\"><\/div><div class=\"fusion-separator fusion-full-width-sep\" style=\"margin-left: auto;margin-right: auto;margin-top:20px;margin-bottom:10px;width:100%;\"><\/div><div class=\"fusion-sep-clear\"><\/div>\n<div class=\"fusion-slider-revolution rev_slider_wrapper\">\t\t\t<!-- START Granesac Materias peligrosas REVOLUTION SLIDER 6.3.3 --><p class=\"rs-p-wp-fix\"><\/p>\n\t\t\t<rs-module-wrap id=\"rev_slider_19_1_wrapper\" data-source=\"gallery\" style=\"background:#ffffff;padding:0;margin:0px auto;margin-top:0;margin-bottom:0;max-width:;\">\n\t\t\t\t<rs-module id=\"rev_slider_19_1\" style=\"\" data-version=\"6.3.3\">\n\t\t\t\t\t<rs-slides>\n\t\t\t\t\t\t<rs-slide data-key=\"rs-46\" data-thumb=\"\/\/www.fibcnet.com\/wp-content\/uploads\/2021\/01\/granesa-industrial-baja1-100x100.jpg\" data-anim=\"ei:d;eo:d;s:d;r:0;t:crossfade;sl:d;\">\n\t\t\t\t\t\t\t<img decoding=\"async\" src=\"\/\/www.fibcnet.com\/wp-content\/uploads\/2021\/01\/granesa-industrial-baja1.jpg\" title=\"granesa-industrial-baja1\" width=\"1170\" height=\"1100\" data-bg=\"f:contain;\" data-parallax=\"1\" class=\"rev-slidebg\" data-no-retina>\n<!---->\t\t\t\t\t\t<\/rs-slide>\n\t\t\t\t\t\t<rs-slide data-key=\"rs-65\" data-thumb=\"\/\/www.fibcnet.com\/wp-content\/uploads\/2021\/01\/big-bag-06-100x100.jpg\" data-anim=\"ei:d;eo:d;s:d;r:0;t:crossfade;sl:d;\">\n\t\t\t\t\t\t\t<img decoding=\"async\" src=\"\/\/www.fibcnet.com\/wp-content\/uploads\/2021\/01\/big-bag-06.jpg\" title=\"big-bag-06\" width=\"1000\" height=\"750\" data-bg=\"f:contain;\" data-parallax=\"1\" class=\"rev-slidebg\" data-no-retina>\n<!---->\t\t\t\t\t\t<\/rs-slide>\n\t\t\t\t\t\t<rs-slide data-key=\"rs-80\" data-thumb=\"\/\/www.fibcnet.com\/wp-content\/uploads\/2018\/03\/IMG_6679-100x100.jpg\" data-anim=\"ei:d;eo:d;s:d;r:0;t:crossfade;sl:d;\">\n\t\t\t\t\t\t\t<img decoding=\"async\" src=\"\/\/www.fibcnet.com\/wp-content\/uploads\/2018\/03\/IMG_6679.jpg\" title=\"IMG_6679\" width=\"3264\" height=\"2448\" data-bg=\"f:contain;\" data-parallax=\"1\" class=\"rev-slidebg\" data-no-retina>\n<!---->\t\t\t\t\t\t<\/rs-slide>\n\t\t\t\t\t<\/rs-slides>\n\t\t\t\t<\/rs-module>\n\t\t\t\t<script type=\"text\/javascript\">\n\t\t\t\t\tsetREVStartSize({c: 'rev_slider_19_1',rl:[1240,1024,778,480],el:[1100],gw:[1170],gh:[1100],type:'standard',justify:'',layout:'fullwidth',tabh:\"100\",mh:\"0\"});\n\t\t\t\t\tvar\trevapi19,\n\t\t\t\t\t\ttpj;\n\t\t\t\t\tfunction revinit_revslider191() {\n\t\t\t\t\tjQuery(function() {\n\t\t\t\t\t\ttpj = jQuery;\n\t\t\t\t\t\trevapi19 = tpj(\"#rev_slider_19_1\");\n\t\t\t\t\t\ttpj.noConflict();\n\t\t\t\t\t\tif(revapi19==undefined || revapi19.revolution == undefined){\n\t\t\t\t\t\t\trevslider_showDoubleJqueryError(\"rev_slider_19_1\");\n\t\t\t\t\t\t}else{\n\t\t\t\t\t\t\trevapi19.revolution({\n\t\t\t\t\t\t\t\tduration:2000,\n\t\t\t\t\t\t\t\tvisibilityLevels:\"1240,1024,778,480\",\n\t\t\t\t\t\t\t\tgridwidth:1170,\n\t\t\t\t\t\t\t\tgridheight:1100,\n\t\t\t\t\t\t\t\thideLayerAtLimit:481,\n\t\t\t\t\t\t\t\tspinner:\"spinner2\",\n\t\t\t\t\t\t\t\tperspective:600,\n\t\t\t\t\t\t\t\tperspectiveType:\"local\",\n\t\t\t\t\t\t\t\teditorheight:\"1100,768,960,720\",\n\t\t\t\t\t\t\t\tresponsiveLevels:\"1240,1024,778,480\",\n\t\t\t\t\t\t\t\tprogressBar:{disableProgressBar:true},\n\t\t\t\t\t\t\t\tnavigation: {\n\t\t\t\t\t\t\t\t\tmouseScrollNavigation:false,\n\t\t\t\t\t\t\t\t\twheelCallDelay:1000,\n\t\t\t\t\t\t\t\t\tarrows: {\n\t\t\t\t\t\t\t\t\t\tenable:true,\n\t\t\t\t\t\t\t\t\t\tstyle:\"hesperiden\",\n\t\t\t\t\t\t\t\t\t\thide_onmobile:true,\n\t\t\t\t\t\t\t\t\t\thide_onleave:true,\n\t\t\t\t\t\t\t\t\t\tleft: {\n\t\t\t\t\t\t\t\t\t\t\th_offset:40\n\t\t\t\t\t\t\t\t\t\t},\n\t\t\t\t\t\t\t\t\t\tright: {\n\t\t\t\t\t\t\t\t\t\t\th_offset:40\n\t\t\t\t\t\t\t\t\t\t}\n\t\t\t\t\t\t\t\t\t},\n\t\t\t\t\t\t\t\t\ttabs: {\n\t\t\t\t\t\t\t\t\t\tenable:true,\n\t\t\t\t\t\t\t\t\t\ttmp:\"<div class=\\\"tp-tab-content\\\">  <span class=\\\"tp-tab-date\\\">{{param1}}<\/span>  <span class=\\\"tp-tab-title\\\">{{title}}<\/span><\/div><div class=\\\"tp-tab-image\\\"><\/div>\",\n\t\t\t\t\t\t\t\t\t\tstyle:\"hesperiden\",\n\t\t\t\t\t\t\t\t\t\tspace:5,\n\t\t\t\t\t\t\t\t\t\theight:100,\n\t\t\t\t\t\t\t\t\t\tmin_width:0,\n\t\t\t\t\t\t\t\t\t\twrapper_padding:0,\n\t\t\t\t\t\t\t\t\t\twrapper_color:\"rgba(255,255,255,1)\",\n\t\t\t\t\t\t\t\t\t\tvisibleAmount:6,\n\t\t\t\t\t\t\t\t\t\tposition:\"outer-horizontal\"\n\t\t\t\t\t\t\t\t\t}\n\t\t\t\t\t\t\t\t},\n\t\t\t\t\t\t\t\tparallax: {\n\t\t\t\t\t\t\t\t\tlevels:[5,10,15,20,25,30,35,40,45,50,47,48,49,50,51,55],\n\t\t\t\t\t\t\t\t\ttype:\"scroll\",\n\t\t\t\t\t\t\t\t\tdisable_onmobile:true\n\t\t\t\t\t\t\t\t},\n\t\t\t\t\t\t\t\tviewPort: {\n\t\t\t\t\t\t\t\t\tenable:true,\n\t\t\t\t\t\t\t\t\tvisible_area:\"20%\"\n\t\t\t\t\t\t\t\t},\n\t\t\t\t\t\t\t\tfallbacks: {\n\t\t\t\t\t\t\t\t\tallowHTML5AutoPlayOnAndroid:true\n\t\t\t\t\t\t\t\t},\n\t\t\t\t\t\t\t});\n\t\t\t\t\t\t\tjQuery(window).on('scroll',function() {\n    var wh = jQuery(this).height();\n  \tjQuery('.tp-parallax-container').each(function() {\n        var layer = jQuery(this);\n    \tvar po = Math.abs(layer.data('parallaxoffset'));        \n        po = po - 10;\n        if (po<0) po = 0;\n        po = 1 - (po \/ 90);  \n        \/\/ Set the value -> po \/ 90)  higher to make a slower Fade Out, \n        \/\/and set it lower to make a quicker fade out.       \n        punchgs.TweenLite.to(layer,0.2,{opacity:po});\n  });\n});\n\/*\n\nconsole.log(\"Is Mobile:\"+is_mobile());\nif (is_mobile()) \nrevapi19.bind(\"revolution.slide.onloaded\",function (e) {\n\tsetTimeout(function() {\n       revapi19.revpause();\n  },4000);\n});\n\nfunction is_mobile() {\n\t      var agents = ['android', 'webos', 'iphone', 'ipad', 'blackberry','Android', 'webos', ,'iPod', 'iPhone', 'iPad', 'Blackberry', 'BlackBerry'];\n\t   var ismobile=false;\n\t      for(i in agents) {\n\n\t       if (navigator.userAgent.split(agents[i]).length>1) {\n\t              ismobile = true;\n\n\t            }\n\t      }\n\t      return ismobile;\n\t  }*\/\n\t\t\t\t\t\t}\n\t\t\t\t\t\t\n\t\t\t\t\t});\n\t\t\t\t\t} \/\/ End of RevInitScript\n\t\t\t\tvar once_revslider191 = false;\n\t\t\t\tif (document.readyState === \"loading\") {document.addEventListener('readystatechange',function() { if((document.readyState === \"interactive\" || document.readyState === \"complete\") && !once_revslider191 ) { once_revslider191 = true; revinit_revslider191();}});} else {once_revslider191 = true; revinit_revslider191();}\n\t\t\t\t<\/script>\n\t\t\t\t<script>\n\t\t\t\t\tvar htmlDivCss = ' #rev_slider_19_1_wrapper rs-loader.spinner2{ background-color: #FFFFFF !important; } ';\n\t\t\t\t\tvar htmlDiv = document.getElementById('rs-plugin-settings-inline-css');\n\t\t\t\t\tif(htmlDiv) {\n\t\t\t\t\t\thtmlDiv.innerHTML = htmlDiv.innerHTML + htmlDivCss;\n\t\t\t\t\t}else{\n\t\t\t\t\t\tvar htmlDiv = document.createElement('div');\n\t\t\t\t\t\thtmlDiv.innerHTML = '<style>' + htmlDivCss + '<\/style>';\n\t\t\t\t\t\tdocument.getElementsByTagName('head')[0].appendChild(htmlDiv.childNodes[0]);\n\t\t\t\t\t}\n\t\t\t\t<\/script>\n\t\t\t\t<script>\n\t\t\t\t\tvar htmlDivCss = unescape(\"%23rev_slider_19_1_wrapper%20.hesperiden.tparrows%20%7B%0A%09cursor%3Apointer%3B%0A%09background%3Argba%280%2C0%2C0%2C0.5%29%3B%0A%09width%3A40px%3B%0A%09height%3A40px%3B%0A%09position%3Aabsolute%3B%0A%09display%3Ablock%3B%0A%09z-index%3A1000%3B%0A%20%20%20%20border-radius%3A%2050%25%3B%0A%7D%0A%23rev_slider_19_1_wrapper%20.hesperiden.tparrows%3Ahover%20%7B%0A%09background%3A%23fecc3a%3B%0A%7D%0A%23rev_slider_19_1_wrapper%20.hesperiden.tparrows%3Abefore%20%7B%0A%09font-family%3A%20%27revicons%27%3B%0A%09font-size%3A20px%3B%0A%09color%3A%23ffffff%3B%0A%09display%3Ablock%3B%0A%09line-height%3A%2040px%3B%0A%09text-align%3A%20center%3B%0A%7D%0A%23rev_slider_19_1_wrapper%20.hesperiden.tparrows.tp-leftarrow%3Abefore%20%7B%0A%09content%3A%20%27%5Ce82c%27%3B%0A%20%20%20%20margin-left%3A-3px%3B%0A%7D%0A%23rev_slider_19_1_wrapper%20.hesperiden.tparrows.tp-rightarrow%3Abefore%20%7B%0A%09content%3A%20%27%5Ce82d%27%3B%0A%20%20%20%20margin-right%3A-3px%3B%0A%7D%0A%23rev_slider_19_1_wrapper%20.hesperiden%20.tp-tab%20%7B%20%0A%20%20opacity%3A1%3B%20%20%20%20%20%20%0A%20%20padding%3A10px%3B%0A%20%20box-sizing%3Aborder-box%3B%0A%20%20font-family%3A%20%27Roboto%27%2C%20sans-serif%3B%0A%20%20border-bottom%3A%201px%20solid%20%23e5e5e5%3B%0A%20%7D%0A%23rev_slider_19_1_wrapper%20.hesperiden%20.tp-tab-image%20%0A%7B%20%0A%20%20width%3A60px%3B%0A%20%20height%3A60px%3B%20max-height%3A100%25%3B%20max-width%3A100%25%3B%0A%20%20position%3Arelative%3B%0A%20%20display%3Ainline-block%3B%0A%20%20float%3Aleft%3B%0A%0A%7D%0A%23rev_slider_19_1_wrapper%20.hesperiden%20.tp-tab-content%20%0A%7B%0A%20%20%20%20background%3Argba%280%2C0%2C0%2C0%29%3B%20%0A%20%20%20%20position%3Arelative%3B%0A%20%20%20%20padding%3A15px%2015px%2015px%2085px%3B%0A%20left%3A0px%3B%0A%20overflow%3Ahidden%3B%0A%20margin-top%3A-15px%3B%0A%20%20%20%20box-sizing%3Aborder-box%3B%0A%20%20%20%20color%3A%23333333%3B%0A%20%20%20%20display%3A%20inline-block%3B%0A%20%20%20%20width%3A100%25%3B%0A%20%20%20%20height%3A100%25%3B%0A%20position%3Aabsolute%3B%20%7D%0A%23rev_slider_19_1_wrapper%20.hesperiden%20.tp-tab-date%0A%20%20%7B%0A%20%20display%3Ablock%3B%0A%20%20color%3A%20rgba%2851%2C51%2C51%2C0.5%29%3B%0A%20%20font-weight%3A500%3B%0A%20%20font-size%3A12px%3B%0A%20%20margin-bottom%3A0px%3B%0A%20%20%7D%0A%23rev_slider_19_1_wrapper%20.hesperiden%20.tp-tab-title%20%0A%7B%0A%20%20%20%20display%3Ablock%3B%09%0A%20%20%20%20text-align%3Aleft%09%3B%0A%20%20%20%20color%3Argba%280%2C0%2C0%2C1%29%3B%0A%20%20%20%20font-size%3A14px%3B%0A%20%20%20%20font-weight%3A500%3B%0A%20%20%20%20text-transform%3Anone%3B%0A%20%20%20%20line-height%3A17px%3B%0A%7D%0A%23rev_slider_19_1_wrapper%20.hesperiden%20.tp-tab%3Ahover%2C%0A%23rev_slider_19_1_wrapper%20.hesperiden%20.tp-tab.selected%20%7B%0A%09background%3A%23eeeeee%3B%20%0A%7D%0A%0A%23rev_slider_19_1_wrapper%20.hesperiden%20.tp-tab-mask%20%7B%0A%7D%0A%0A%2F%2A%20media%20queries%20%2A%2F%0A%40media%20only%20screen%20and%20%28max-width%3A%20960px%29%20%7B%0A%0A%7D%0A%40media%20only%20screen%20and%20%28max-width%3A%20768px%29%20%7B%0A%0A%7D%0A\");\n\t\t\t\t\tvar htmlDiv = document.getElementById('rs-plugin-settings-inline-css');\n\t\t\t\t\tif(htmlDiv) {\n\t\t\t\t\t\thtmlDiv.innerHTML = htmlDiv.innerHTML + htmlDivCss;\n\t\t\t\t\t}else{\n\t\t\t\t\t\tvar htmlDiv = document.createElement('div');\n\t\t\t\t\t\thtmlDiv.innerHTML = '<style>' + htmlDivCss + '<\/style>';\n\t\t\t\t\t\tdocument.getElementsByTagName('head')[0].appendChild(htmlDiv.childNodes[0]);\n\t\t\t\t\t}\n\t\t\t\t<\/script>\n\t\t\t\t<script>\n\t\t\t\t\tvar htmlDivCss = unescape(\"%0A%0A%0A%0A%0A%0A\");\n\t\t\t\t\tvar htmlDiv = document.getElementById('rs-plugin-settings-inline-css');\n\t\t\t\t\tif(htmlDiv) {\n\t\t\t\t\t\thtmlDiv.innerHTML = htmlDiv.innerHTML + htmlDivCss;\n\t\t\t\t\t}else{\n\t\t\t\t\t\tvar htmlDiv = document.createElement('div');\n\t\t\t\t\t\thtmlDiv.innerHTML = '<style>' + htmlDivCss + '<\/style>';\n\t\t\t\t\t\tdocument.getElementsByTagName('head')[0].appendChild(htmlDiv.childNodes[0]);\n\t\t\t\t\t}\n\t\t\t\t<\/script>\n\t\t\t<\/rs-module-wrap>\n\t\t\t<!-- END REVOLUTION SLIDER -->\n<\/div><div class=\"fusion-clearfix\"><\/div><\/div><\/div><div class=\"fusion-layout-column fusion_builder_column fusion-builder-column-1 fusion_builder_column_1_3 1_3 fusion-one-third fusion-column-last\" style=\"width:30.6666%;margin-top:0px;margin-bottom:20px;\"><div class=\"fusion-column-wrapper fusion-flex-column-wrapper-legacy\" style=\"background-position:left top;background-repeat:no-repeat;-webkit-background-size:cover;-moz-background-size:cover;-o-background-size:cover;background-size:cover;background-color:#f2f2f2;padding: 10% 10% 10% 10%;\"><div class=\"fusion-sep-clear\"><\/div><div class=\"fusion-separator fusion-full-width-sep\" style=\"margin-left: auto;margin-right: auto;margin-top:10px;margin-bottom:10px;width:100%;\"><\/div><div class=\"fusion-sep-clear\"><\/div><div class=\"fusion-text fusion-text-1\"><h1>GRANESAC<sup>\u00ae<\/sup> Industrial<\/h1>\n<\/div><div class=\"fusion-text fusion-text-2\"><h3>Contenidors flexibles per a mercaderies perilloses s\u00f2lides<\/h3>\n<\/div><div class=\"fusion-sep-clear\"><\/div><div class=\"fusion-separator fusion-full-width-sep\" style=\"margin-left: auto;margin-right: auto;margin-top:10px;margin-bottom:10px;width:100%;\"><div class=\"fusion-separator-border sep-single sep-solid\" style=\"border-color:#adadad;border-top-width:1px;\"><\/div><\/div><div class=\"fusion-sep-clear\"><\/div><div class=\"fusion-text fusion-text-3\"><h4>Envasos dissenyats especialment per contenir i transportar mercaderies perilloses s\u00f2lides, de manera que es garanteixi la seguretat amb el compliment dels requisits establerts a les normes internacionals per al transport per carretera, per ferrocarril i per via mar\u00edtima.<\/h4>\n<\/div><div class=\"fusion-sep-clear\"><\/div><div class=\"fusion-separator fusion-full-width-sep\" style=\"margin-left: auto;margin-right: auto;margin-top:10px;margin-bottom:10px;width:100%;\"><div class=\"fusion-separator-border sep-single sep-solid\" style=\"border-color:#adadad;border-top-width:1px;\"><\/div><\/div><div class=\"fusion-sep-clear\"><\/div><div class=\"fusion-text fusion-text-4\"><h5 style=\"text-align: center;\">INFORMACI\u00d3N ADDICIONAL<\/h5>\n<\/div><div class=\"fusion-align-block\"><style type=\"text\/css\">.fusion-button.button-1 {border-radius:2px;}<\/style><a class=\"fusion-button button-flat button-large button-default button-1 fusion-button-span-yes \" target=\"_blank\" rel=\"noopener noreferrer\" href=\"http:\/\/www.fibcnet.com\/wp-content\/uploads\/2021\/06\/dossier_web_GRANESAC-IND_MAT_PELIGROSAS.pdf\"><i class=\" fa fa-file-o button-icon-left\" aria-hidden=\"true\"><\/i><span class=\"fusion-button-text\">DESCARREGAR PDF (ESP)<\/span><\/a><\/div><div class=\"fusion-align-block\"><style type=\"text\/css\">.fusion-button.button-2 {border-radius:2px;}<\/style><a class=\"fusion-button button-flat button-large button-default button-2 fusion-button-span-yes \" target=\"_blank\" rel=\"noopener noreferrer\" href=\"http:\/\/www.fibcnet.com\/ca\/contacte\/\"><span class=\"fusion-button-text\">CONTACTAR<\/span><\/a><\/div><div class=\"fusion-clearfix\"><\/div><\/div><\/div><\/div><\/div><div class=\"fusion-fullwidth fullwidth-box fusion-builder-row-2 nonhundred-percent-fullwidth non-hundred-percent-height-scrolling fusion-equal-height-columns\" style=\"background-color: #ffcc33;background-position: left top;background-repeat: no-repeat;padding-top:2%;padding-right:0px;padding-bottom:0px;padding-left:0px;margin-bottom: 0px;margin-top: 0px;border-width: 0px 0px 0px 0px;border-color:#eae9e9;border-style:solid;\" ><div class=\"fusion-builder-row fusion-row\"><div class=\"fusion-layout-column fusion_builder_column fusion-builder-column-2 fusion_builder_column_1_1 1_1 fusion-one-full fusion-column-first fusion-column-last fusion-column-no-min-height\" style=\"margin-top:0px;margin-bottom:0px;\"><div class=\"fusion-column-wrapper fusion-flex-column-wrapper-legacy\" style=\"background-position:left top;background-repeat:no-repeat;-webkit-background-size:cover;-moz-background-size:cover;-o-background-size:cover;background-size:cover;padding: 0px 0px 0px 0px;\"><div class=\"fusion-text fusion-text-5\"><h2 style=\"text-align: center;\">APTE PER AL TRANSPORT DE LES SEG\u00dcENTS MERCADERIES PERILLOSES<\/h2>\n<\/div><div class=\"fusion-text fusion-text-6\"><div class=\"table-danger\">\n<table width=\"100%\">\n<thead>\n<tr>\n<th align=\"left\"><img decoding=\"async\" class=\"alignnone size-full wp-image-705 aligncenter\" src=\"http:\/\/www.fibcnet.com\/wp-content\/uploads\/icon-danger-1.png\" alt=\"icon-danger-1\" width=\"150\" height=\"150\" \/><\/th>\n<th style=\"text-align: center;\" align=\"left\"><img decoding=\"async\" class=\"alignnone size-full wp-image-706\" src=\"http:\/\/www.fibcnet.com\/wp-content\/uploads\/icon-danger-2.png\" alt=\"icon-danger-2\" width=\"150\" height=\"150\" \/><\/th>\n<th style=\"text-align: center;\" align=\"left\"><img decoding=\"async\" class=\"alignnone size-full wp-image-707\" src=\"http:\/\/www.fibcnet.com\/wp-content\/uploads\/icon-danger-3.png\" alt=\"icon-danger-3\" width=\"150\" height=\"150\" \/><\/th>\n<th style=\"text-align: center;\" align=\"left\"><img decoding=\"async\" class=\"alignnone size-full wp-image-708\" src=\"http:\/\/www.fibcnet.com\/wp-content\/uploads\/icon-danger-4.png\" alt=\"icon-danger-4\" width=\"150\" height=\"150\" \/><\/th>\n<th style=\"text-align: center;\" align=\"left\"><img decoding=\"async\" class=\"alignnone size-full wp-image-709\" src=\"http:\/\/www.fibcnet.com\/wp-content\/uploads\/icon-danger-5.png\" alt=\"icon-danger-5\" width=\"150\" height=\"150\" \/><\/th>\n<th style=\"text-align: center;\" align=\"left\"><img decoding=\"async\" class=\"alignnone size-full wp-image-710\" src=\"http:\/\/www.fibcnet.com\/wp-content\/uploads\/icon-danger-6.png\" alt=\"icon-danger-6\" width=\"150\" height=\"150\" \/><\/th>\n<th style=\"text-align: center;\" align=\"left\"><img decoding=\"async\" class=\"alignnone size-full wp-image-711\" src=\"http:\/\/www.fibcnet.com\/wp-content\/uploads\/icon-danger-7.png\" alt=\"icon-danger-7\" width=\"150\" height=\"150\" \/><\/th>\n<\/tr>\n<\/thead>\n<tbody>\n<tr>\n<td style=\"text-align: center;\"><strong>Clase 4.1<\/strong><br \/>\nS\u00f2lids inflamables, subst\u00e0ncies reactives i explosius dessintetitzats.<\/td>\n<td style=\"text-align: center;\"><strong>Clase 4.2<\/strong><br \/>\nSubst\u00e0ncies que poden provocar una combusti\u00f3 espont\u00e0nia.<\/td>\n<td style=\"text-align: center;\"><strong>Clase 4.3<\/strong><br \/>\nSubst\u00e0ncies que, en contacte amb l\u2019aigua, emeten gasos inflamables.<\/td>\n<td style=\"text-align: center;\"><strong>Clase 5.1<\/strong><br \/>\nSubst\u00e0ncies oxidants.<\/td>\n<td style=\"text-align: center;\"><strong>Clase 6.1<\/strong><br \/>\nSubst\u00e0ncies t\u00f2xiques.<\/td>\n<td style=\"text-align: center;\"><strong>Clase 8<\/strong><br \/>\nSubst\u00e0ncies corrosives.<\/td>\n<td style=\"text-align: center;\"><strong>Clase 9<\/strong><br \/>\nDiversos articles i subst\u00e0ncies perillosos.<\/td>\n<\/tr>\n<\/tbody>\n<\/table>\n<\/div>\n<\/div><div class=\"fusion-clearfix\"><\/div><\/div><\/div><div class=\"fusion-layout-column fusion_builder_column fusion-builder-column-3 fusion_builder_column_1_3 1_3 fusion-one-third fusion-column-first\" style=\"width:30.6666%; margin-right: 4%;margin-top:0px;margin-bottom:0px;\"><div class=\"fusion-column-wrapper fusion-flex-column-wrapper-legacy\" style=\"background-position:left top;background-repeat:no-repeat;-webkit-background-size:cover;-moz-background-size:cover;-o-background-size:cover;background-size:cover;padding: 5% 5% 5% 5%;\"><div class=\"fusion-text fusion-text-7\"><h6><img decoding=\"async\" class=\"size-full wp-image-719 alignleft\" src=\"http:\/\/www.fibcnet.com\/wp-content\/uploads\/icon-danger-8.png\" alt=\"icon-danger-8\" width=\"75\" height=\"75\" \/>El transport de mercaderies perilloses s\u2019ha de dur a terme segons les exig\u00e8ncies dels reglaments o acords internacionals que corresponguin en funci\u00f3 del mitj\u00e0 de transport utilitzat:<\/h6>\n<h6>___<br \/>\nADR Acord internacional per al transport de mercaderies perilloses per carretera (<em>European Agreement concerning the International Carriage of Dangerous Goods by Road<\/em>)<br \/>\n___<br \/>\nRID Reglament de transport internacional de mercaderies perilloses per ferrocarril.<br \/>\n___<br \/>\nCodi IMDG Codi mar\u00edtim internacional de mercaderies perilloses.<\/h6>\n<\/div><div class=\"fusion-clearfix\"><\/div><\/div><\/div><div class=\"fusion-layout-column fusion_builder_column fusion-builder-column-4 fusion_builder_column_1_3 1_3 fusion-one-third\" style=\"width:30.6666%; margin-right: 4%;margin-top:0px;margin-bottom:0px;\"><div class=\"fusion-column-wrapper fusion-flex-column-wrapper-legacy\" style=\"background-position:left top;background-repeat:no-repeat;-webkit-background-size:cover;-moz-background-size:cover;-o-background-size:cover;background-size:cover;padding: 5% 5% 5% 5%;\"><div class=\"fusion-text fusion-text-8\"><h6><img decoding=\"async\" class=\"wp-image-720 size-full alignleft\" src=\"http:\/\/www.fibcnet.com\/wp-content\/uploads\/icon-danger-9.png\" width=\"75\" height=\"75\" \/>Aquestes legislacions estableixen les mercaderies que es poden transportar i les quantitats m\u00e0ximes, les caracter\u00edstiques i les homologacions requerides per als embalatges i els mitjans de transport, la formaci\u00f3 de les persones que hi intervenen, l\u2019etiquetatge, la documentaci\u00f3 i les condicions de seguretat requerides. Les subst\u00e0ncies perilloses s\u00f3n elements qu\u00edmics i compostos que presenten algun risc per a la salut, per a la seguretat o per al medi ambient. T\u00e8cnicament es consideren subst\u00e0ncies perilloses les subst\u00e0ncies i els preparats que en continguin i que figurin a l\u2019annex I de la Directiva 67\/548\/CE.<\/h6>\n<\/div><div class=\"fusion-clearfix\"><\/div><\/div><\/div><div class=\"fusion-layout-column fusion_builder_column fusion-builder-column-5 fusion_builder_column_1_3 1_3 fusion-one-third fusion-column-last\" style=\"width:30.6666%;margin-top:0px;margin-bottom:0px;\"><div class=\"fusion-column-wrapper fusion-flex-column-wrapper-legacy\" style=\"background-position:left top;background-repeat:no-repeat;-webkit-background-size:cover;-moz-background-size:cover;-o-background-size:cover;background-size:cover;padding: 5% 5% 5% 5%;\"><div class=\"fusion-text fusion-text-9\"><h6 style=\"text-align: left;\"><img decoding=\"async\" class=\"wp-image-721 size-full alignleft\" src=\"http:\/\/www.fibcnet.com\/wp-content\/uploads\/icon-danger-10.png\" width=\"75\" height=\"75\" \/>En el cas de l\u2019amiant, tant el transport com el tractament dels residus d\u2019aquest material s\u2019han de dur a terme d\u2019acord amb la normativa vigent (Llei 10\/98 de Residus, BOE 96).<br \/>\nEl RD 1406\/1989 (BOE 278), relatiu a les limitacions a la comercialitzaci\u00f3 i l\u2019\u00fas de determinades subst\u00e0ncies i preparats perillosos, imposa que tots els productes o envasos que continguin amiant han de complir les disposicions especials referents a l\u2019etiquetatge que s\u2019indiquen a l\u2019Annex II d\u2019aquest decret, en qu\u00e8 s\u2019especifica el tipus d\u2019etiqueta que han de tenir els productes (o els seus envasos) que continguin amiant.<\/h6>\n<\/div><div class=\"fusion-clearfix\"><\/div><\/div><\/div><\/div><\/div><\/p>\n","protected":false},"excerpt":{"rendered":"","protected":false},"author":2,"featured_media":0,"parent":0,"menu_order":0,"comment_status":"closed","ping_status":"closed","template":"100-width.php","meta":{"footnotes":""},"class_list":["post-3449","page","type-page","status-publish","hentry"],"_links":{"self":[{"href":"https:\/\/www.fibcnet.com\/ca\/wp-json\/wp\/v2\/pages\/3449","targetHints":{"allow":["GET"]}}],"collection":[{"href":"https:\/\/www.fibcnet.com\/ca\/wp-json\/wp\/v2\/pages"}],"about":[{"href":"https:\/\/www.fibcnet.com\/ca\/wp-json\/wp\/v2\/types\/page"}],"author":[{"embeddable":true,"href":"https:\/\/www.fibcnet.com\/ca\/wp-json\/wp\/v2\/users\/2"}],"replies":[{"embeddable":true,"href":"https:\/\/www.fibcnet.com\/ca\/wp-json\/wp\/v2\/comments?post=3449"}],"version-history":[{"count":15,"href":"https:\/\/www.fibcnet.com\/ca\/wp-json\/wp\/v2\/pages\/3449\/revisions"}],"predecessor-version":[{"id":5070,"href":"https:\/\/www.fibcnet.com\/ca\/wp-json\/wp\/v2\/pages\/3449\/revisions\/5070"}],"wp:attachment":[{"href":"https:\/\/www.fibcnet.com\/ca\/wp-json\/wp\/v2\/media?parent=3449"}],"curies":[{"name":"wp","href":"https:\/\/api.w.org\/{rel}","templated":true}]}}