{"id":3540,"date":"2018-05-29T09:01:46","date_gmt":"2018-05-29T09:01:46","guid":{"rendered":"http:\/\/www.fibcnet.com\/?page_id=3540"},"modified":"2021-09-08T19:11:31","modified_gmt":"2021-09-08T17:11:31","slug":"granesac-construccio-aridsac-5","status":"publish","type":"page","link":"https:\/\/www.fibcnet.com\/ca\/granesac-construccio\/granesac-construccio-aridsac-5\/","title":{"rendered":"ARIDSAC\u00ae 5"},"content":{"rendered":"<p><div class=\"fusion-fullwidth fullwidth-box fusion-builder-row-1 nonhundred-percent-fullwidth non-hundred-percent-height-scrolling\" style=\"background-color: rgba(255,255,255,0);background-position: left top;background-repeat: no-repeat;padding-top:0px;padding-right:0px;padding-bottom:0px;padding-left:0px;margin-bottom: 0px;margin-top: 0px;border-width: 0px 0px 0px 0px;border-color:#eae9e9;border-style:solid;\" ><div class=\"fusion-builder-row fusion-row\"><div class=\"fusion-layout-column fusion_builder_column fusion-builder-column-0 fusion_builder_column_2_3 2_3 fusion-two-third fusion-column-first\" style=\"width:65.3333%; margin-right: 4%;margin-top:0px;margin-bottom:20px;\"><div class=\"fusion-column-wrapper fusion-flex-column-wrapper-legacy\" style=\"background-position:left top;background-repeat:no-repeat;-webkit-background-size:cover;-moz-background-size:cover;-o-background-size:cover;background-size:cover;padding: 0px 0px 0px 0px;\"><div class=\"fusion-sep-clear\"><\/div><div class=\"fusion-separator fusion-full-width-sep\" style=\"margin-left: auto;margin-right: auto;margin-top:20px;margin-bottom:10px;width:100%;\"><\/div><div class=\"fusion-sep-clear\"><\/div>\n<div class=\"fusion-slider-revolution rev_slider_wrapper\">\t\t\t<!-- START Aridsac 5 REVOLUTION SLIDER 6.3.3 --><p class=\"rs-p-wp-fix\"><\/p>\n\t\t\t<rs-module-wrap id=\"rev_slider_12_1_wrapper\" data-source=\"gallery\" style=\"background:#ffffff;padding:0;margin:0px auto;margin-top:0;margin-bottom:0;max-width:;\">\n\t\t\t\t<rs-module id=\"rev_slider_12_1\" style=\"\" data-version=\"6.3.3\">\n\t\t\t\t\t<rs-slides>\n\t\t\t\t\t\t<rs-slide data-key=\"rs-37\" data-anim=\"ei:d;eo:d;s:900;r:0;t:fade;sl:7;\">\n\t\t\t\t\t\t\t<img decoding=\"async\" src=\"\/\/www.fibcnet.com\/wp-content\/uploads\/2018\/03\/GS5-up-down-retoc-1.png\" title=\"GS5 up down retoc\" width=\"1772\" height=\"1063\" data-bg=\"f:contain;\" data-parallax=\"1\" class=\"rev-slidebg\" data-no-retina>\n<!---->\t\t\t\t\t\t<\/rs-slide>\n\t\t\t\t\t<\/rs-slides>\n\t\t\t\t<\/rs-module>\n\t\t\t\t<script type=\"text\/javascript\">\n\t\t\t\t\tsetREVStartSize({c: 'rev_slider_12_1',rl:[1240,1024,778,480],el:[1100],gw:[1170],gh:[1100],type:'standard',justify:'',layout:'fullwidth',mh:\"0\"});\n\t\t\t\t\tvar\trevapi12,\n\t\t\t\t\t\ttpj;\n\t\t\t\t\tfunction revinit_revslider121() {\n\t\t\t\t\tjQuery(function() {\n\t\t\t\t\t\ttpj = jQuery;\n\t\t\t\t\t\trevapi12 = tpj(\"#rev_slider_12_1\");\n\t\t\t\t\t\ttpj.noConflict();\n\t\t\t\t\t\tif(revapi12==undefined || revapi12.revolution == undefined){\n\t\t\t\t\t\t\trevslider_showDoubleJqueryError(\"rev_slider_12_1\");\n\t\t\t\t\t\t}else{\n\t\t\t\t\t\t\trevapi12.revolution({\n\t\t\t\t\t\t\t\tduration:2000,\n\t\t\t\t\t\t\t\tvisibilityLevels:\"1240,1024,778,480\",\n\t\t\t\t\t\t\t\tgridwidth:1170,\n\t\t\t\t\t\t\t\tgridheight:1100,\n\t\t\t\t\t\t\t\thideLayerAtLimit:481,\n\t\t\t\t\t\t\t\tspinner:\"spinner2\",\n\t\t\t\t\t\t\t\tperspective:600,\n\t\t\t\t\t\t\t\tperspectiveType:\"local\",\n\t\t\t\t\t\t\t\teditorheight:\"1100,768,960,720\",\n\t\t\t\t\t\t\t\tresponsiveLevels:\"1240,1024,778,480\",\n\t\t\t\t\t\t\t\tprogressBar:{disableProgressBar:true},\n\t\t\t\t\t\t\t\tparallax: {\n\t\t\t\t\t\t\t\t\tlevels:[5,10,15,20,25,30,35,40,45,50,47,48,49,50,51,55],\n\t\t\t\t\t\t\t\t\ttype:\"scroll\",\n\t\t\t\t\t\t\t\t\tdisable_onmobile:true\n\t\t\t\t\t\t\t\t},\n\t\t\t\t\t\t\t\tviewPort: {\n\t\t\t\t\t\t\t\t\tenable:true,\n\t\t\t\t\t\t\t\t\tvisible_area:\"20%\"\n\t\t\t\t\t\t\t\t},\n\t\t\t\t\t\t\t\tfallbacks: {\n\t\t\t\t\t\t\t\t\tallowHTML5AutoPlayOnAndroid:true\n\t\t\t\t\t\t\t\t},\n\t\t\t\t\t\t\t});\n\t\t\t\t\t\t\tjQuery(window).on('scroll',function() {\n    var wh = jQuery(this).height();\n  \tjQuery('.tp-parallax-container').each(function() {\n        var layer = jQuery(this);\n    \tvar po = Math.abs(layer.data('parallaxoffset'));        \n        po = po - 10;\n        if (po<0) po = 0;\n        po = 1 - (po \/ 90);  \n        \/\/ Set the value -> po \/ 90)  higher to make a slower Fade Out, \n        \/\/and set it lower to make a quicker fade out.       \n        punchgs.TweenLite.to(layer,0.2,{opacity:po});\n  });\n});\n\/*\n\nconsole.log(\"Is Mobile:\"+is_mobile());\nif (is_mobile()) \nrevapi12.bind(\"revolution.slide.onloaded\",function (e) {\n\tsetTimeout(function() {\n       revapi12.revpause();\n  },4000);\n});\n\nfunction is_mobile() {\n\t      var agents = ['android', 'webos', 'iphone', 'ipad', 'blackberry','Android', 'webos', ,'iPod', 'iPhone', 'iPad', 'Blackberry', 'BlackBerry'];\n\t   var ismobile=false;\n\t      for(i in agents) {\n\n\t       if (navigator.userAgent.split(agents[i]).length>1) {\n\t              ismobile = true;\n\n\t            }\n\t      }\n\t      return ismobile;\n\t  }*\/\n\t\t\t\t\t\t}\n\t\t\t\t\t\t\n\t\t\t\t\t});\n\t\t\t\t\t} \/\/ End of RevInitScript\n\t\t\t\tvar once_revslider121 = false;\n\t\t\t\tif (document.readyState === \"loading\") {document.addEventListener('readystatechange',function() { if((document.readyState === \"interactive\" || document.readyState === \"complete\") && !once_revslider121 ) { once_revslider121 = true; revinit_revslider121();}});} else {once_revslider121 = true; revinit_revslider121();}\n\t\t\t\t<\/script>\n\t\t\t\t<script>\n\t\t\t\t\tvar htmlDivCss = ' #rev_slider_12_1_wrapper rs-loader.spinner2{ background-color: #FFFFFF !important; } ';\n\t\t\t\t\tvar htmlDiv = document.getElementById('rs-plugin-settings-inline-css');\n\t\t\t\t\tif(htmlDiv) {\n\t\t\t\t\t\thtmlDiv.innerHTML = htmlDiv.innerHTML + htmlDivCss;\n\t\t\t\t\t}else{\n\t\t\t\t\t\tvar htmlDiv = document.createElement('div');\n\t\t\t\t\t\thtmlDiv.innerHTML = '<style>' + htmlDivCss + '<\/style>';\n\t\t\t\t\t\tdocument.getElementsByTagName('head')[0].appendChild(htmlDiv.childNodes[0]);\n\t\t\t\t\t}\n\t\t\t\t<\/script>\n\t\t\t<\/rs-module-wrap>\n\t\t\t<!-- END REVOLUTION SLIDER -->\n<\/div><div class=\"fusion-clearfix\"><\/div><\/div><\/div><div class=\"fusion-layout-column fusion_builder_column fusion-builder-column-1 fusion_builder_column_1_3 1_3 fusion-one-third fusion-column-last\" style=\"width:30.6666%;margin-top:0px;margin-bottom:20px;\"><div class=\"fusion-column-wrapper fusion-flex-column-wrapper-legacy\" style=\"background-position:left top;background-repeat:no-repeat;-webkit-background-size:cover;-moz-background-size:cover;-o-background-size:cover;background-size:cover;background-color:#f2f2f2;padding: 10% 10% 10% 10%;\"><div class=\"fusion-sep-clear\"><\/div><div class=\"fusion-separator fusion-full-width-sep\" style=\"margin-left: auto;margin-right: auto;margin-top:10px;margin-bottom:10px;width:100%;\"><\/div><div class=\"fusion-sep-clear\"><\/div><div class=\"fusion-text fusion-text-1\"><h1>GRANESAC<sup>\u00ae<\/sup><\/h1>\n<\/div><div class=\"fusion-text fusion-text-2\"><h3>Imprescindibles per a la construcci\u00f3<\/h3>\n<\/div><div class=\"fusion-sep-clear\"><\/div><div class=\"fusion-separator fusion-full-width-sep\" style=\"margin-left: auto;margin-right: auto;margin-top:10px;margin-bottom:10px;width:100%;\"><div class=\"fusion-separator-border sep-single sep-solid\" style=\"border-color:#adadad;border-top-width:1px;\"><\/div><\/div><div class=\"fusion-sep-clear\"><\/div><div class=\"fusion-text fusion-text-3\"><h3>ARIDSAC<sup>\u00ae<\/sup>-5<\/h3>\n<h4>Obertura total i fons tancat<\/h4>\n<\/div><div class=\"fusion-sep-clear\"><\/div><div class=\"fusion-separator fusion-full-width-sep\" style=\"margin-left: auto;margin-right: auto;margin-top:10px;margin-bottom:10px;width:100%;\"><div class=\"fusion-separator-border sep-single sep-solid\" style=\"border-color:#adadad;border-top-width:1px;\"><\/div><\/div><div class=\"fusion-sep-clear\"><\/div><div class=\"fusion-text fusion-text-4\"><div class=\"fusion-table table-2\">\n<table width=\"100%\">\n<tbody>\n<tr>\n<td style=\"text-align: left;\"><strong>Mides<\/strong><\/td>\n<td style=\"text-align: left;\">91x91x90 cm<\/td>\n<\/tr>\n<tr>\n<td><strong>Volum<\/strong><\/td>\n<td>700 l<\/td>\n<\/tr>\n<tr>\n<td><strong>Resist\u00e8ncia<\/strong><\/td>\n<td>1.000 y 1.400 kg<\/td>\n<\/tr>\n<tr>\n<td><strong>Coeficient de seguretat<\/strong><\/td>\n<td>5:1<\/td>\n<\/tr>\n<tr>\n<td><strong>Caracter\u00edstica<\/strong><\/td>\n<td>Obertura total i v\u00e0lvula de desc\u00e0rrega.<\/td>\n<\/tr>\n<\/tbody>\n<\/table>\n<\/div>\n<p><strong><br \/>\nIdeal per al<\/strong>\u00a0subministrament d\u2019\u00e0rids amb possibilitat de desc\u00e0rrega i reutilitzaci\u00f3 del contenidor flexible.<\/p>\n<\/div><div class=\"fusion-sep-clear\"><\/div><div class=\"fusion-separator fusion-full-width-sep\" style=\"margin-left: auto;margin-right: auto;margin-top:10px;margin-bottom:10px;width:100%;\"><div class=\"fusion-separator-border sep-single sep-solid\" style=\"border-color:#adadad;border-top-width:1px;\"><\/div><\/div><div class=\"fusion-sep-clear\"><\/div><div class=\"fusion-text fusion-text-5\"><h5 style=\"text-align: center;\">INFORMACI\u00d3 ADDICIONAL<\/h5>\n<\/div><div class=\"fusion-align-block\"><style type=\"text\/css\">.fusion-button.button-1 {border-radius:2px;}<\/style><a class=\"fusion-button button-flat button-large button-default button-1 fusion-button-span-yes \" target=\"_blank\" rel=\"noopener noreferrer\" href=\"http:\/\/www.fibcnet.com\/wp-content\/uploads\/2021\/09\/dossier_web_GRANESAC-CONSTRUCC.pdf\"><i class=\" fa fa-file-pdf-o button-icon-left\" aria-hidden=\"true\"><\/i><span class=\"fusion-button-text\">DESCARREGAR PDF (ESP)<\/span><\/a><\/div><div class=\"fusion-align-block\"><style type=\"text\/css\">.fusion-button.button-2 {border-radius:2px;}<\/style><a class=\"fusion-button button-flat button-large button-default button-2 fusion-button-span-yes \" target=\"_blank\" rel=\"noopener noreferrer\" href=\"http:\/\/www.fibcnet.com\/ca\/fibc-configurador\/\"><i class=\" fa fa-file-o button-icon-left\" aria-hidden=\"true\"><\/i><span class=\"fusion-button-text\">SOL\u00b7LICITEU UN PRESSUPOST GRATU\u00cfT<\/span><\/a><\/div><div class=\"fusion-align-block\"><style type=\"text\/css\">.fusion-button.button-3 {border-radius:2px;}<\/style><a class=\"fusion-button button-flat button-large button-default button-3 fusion-button-span-yes \" target=\"_blank\" rel=\"noopener noreferrer\" href=\"http:\/\/www.fibcnet.com\/ca\/contacte\/\"><span class=\"fusion-button-text\">CONTACTAR<\/span><\/a><\/div><div class=\"fusion-sep-clear\"><\/div><div class=\"fusion-separator fusion-full-width-sep\" style=\"margin-left: auto;margin-right: auto;margin-top:10px;margin-bottom:10px;width:100%;\"><div class=\"fusion-separator-border sep-single sep-solid\" style=\"border-color:#adadad;border-top-width:1px;\"><\/div><\/div><div class=\"fusion-sep-clear\"><\/div><div class=\"fusion-align-block\"><style type=\"text\/css\">.fusion-button.button-4 .fusion-button-text, .fusion-button.button-4 i {color:#000000;}.fusion-button.button-4 .fusion-button-icon-divider{border-color:#000000;}.fusion-button.button-4:hover .fusion-button-text, .fusion-button.button-4:hover i,.fusion-button.button-4:focus .fusion-button-text, .fusion-button.button-4:focus i,.fusion-button.button-4:active .fusion-button-text, .fusion-button.button-4:active{color:#000000;}.fusion-button.button-4:hover .fusion-button-icon-divider, .fusion-button.button-4:hover .fusion-button-icon-divider, .fusion-button.button-4:active .fusion-button-icon-divider{border-color:#000000;}.fusion-button.button-4:hover, .fusion-button.button-4:focus, .fusion-button.button-4:active{border-color:#000000;}.fusion-button.button-4 {border-color:#000000;border-radius:2px;}.fusion-button.button-4{background: #fecc3a;}.fusion-button.button-4:hover,.button-4:focus,.fusion-button.button-4:active{background: #f2f2f2;}<\/style><a class=\"fusion-button button-flat button-large button-custom button-4 fusion-button-span-yes \" target=\"_self\" href=\"http:\/\/www.fibcnet.com\/ca\/granesac-construccio-comparacio\/\"><span class=\"fusion-button-text\">TAULA DE COMPARACI\u00d3<\/span><\/a><\/div><div class=\"fusion-sep-clear\"><\/div><div class=\"fusion-separator fusion-full-width-sep\" style=\"margin-left: auto;margin-right: auto;margin-top:5px;margin-bottom:5px;width:100%;\"><\/div><div class=\"fusion-sep-clear\"><\/div><div class=\"fusion-clearfix\"><\/div><\/div><\/div><\/div><\/div><div class=\"fusion-fullwidth fullwidth-box fusion-builder-row-2 nonhundred-percent-fullwidth non-hundred-percent-height-scrolling\" style=\"background-color: rgba(255,255,255,0);background-position: left top;background-repeat: no-repeat;padding-top:0px;padding-right:0px;padding-bottom:0px;padding-left:0px;margin-bottom: 0px;margin-top: 0px;border-width: 0px 0px 0px 0px;border-color:#eae9e9;border-style:solid;\" ><div class=\"fusion-builder-row fusion-row\"><\/div><\/div><\/p>\n","protected":false},"excerpt":{"rendered":"","protected":false},"author":2,"featured_media":0,"parent":3574,"menu_order":0,"comment_status":"closed","ping_status":"closed","template":"100-width.php","meta":{"footnotes":""},"class_list":["post-3540","page","type-page","status-publish","hentry"],"_links":{"self":[{"href":"https:\/\/www.fibcnet.com\/ca\/wp-json\/wp\/v2\/pages\/3540","targetHints":{"allow":["GET"]}}],"collection":[{"href":"https:\/\/www.fibcnet.com\/ca\/wp-json\/wp\/v2\/pages"}],"about":[{"href":"https:\/\/www.fibcnet.com\/ca\/wp-json\/wp\/v2\/types\/page"}],"author":[{"embeddable":true,"href":"https:\/\/www.fibcnet.com\/ca\/wp-json\/wp\/v2\/users\/2"}],"replies":[{"embeddable":true,"href":"https:\/\/www.fibcnet.com\/ca\/wp-json\/wp\/v2\/comments?post=3540"}],"version-history":[{"count":9,"href":"https:\/\/www.fibcnet.com\/ca\/wp-json\/wp\/v2\/pages\/3540\/revisions"}],"predecessor-version":[{"id":5087,"href":"https:\/\/www.fibcnet.com\/ca\/wp-json\/wp\/v2\/pages\/3540\/revisions\/5087"}],"up":[{"embeddable":true,"href":"https:\/\/www.fibcnet.com\/ca\/wp-json\/wp\/v2\/pages\/3574"}],"wp:attachment":[{"href":"https:\/\/www.fibcnet.com\/ca\/wp-json\/wp\/v2\/media?parent=3540"}],"curies":[{"name":"wp","href":"https:\/\/api.w.org\/{rel}","templated":true}]}}