{"id":3607,"date":"2018-05-29T09:48:09","date_gmt":"2018-05-29T09:48:09","guid":{"rendered":"http:\/\/www.fibcnet.com\/?page_id=3607"},"modified":"2019-05-17T12:09:27","modified_gmt":"2019-05-17T10:09:27","slug":"lempresa","status":"publish","type":"page","link":"https:\/\/www.fibcnet.com\/ca\/lempresa\/","title":{"rendered":"L&#8217;EMPRESA"},"content":{"rendered":"<p><div class=\"fusion-fullwidth fullwidth-box fusion-builder-row-1 nonhundred-percent-fullwidth non-hundred-percent-height-scrolling\" style=\"background-color: #fbc918;background-position: left top;background-repeat: no-repeat;padding-top:0px;padding-right:0px;padding-bottom:0px;padding-left:0px;margin-bottom: 0px;margin-top: 0px;border-width: 0px 0px 0px 0px;border-color:#eae9e9;border-style:solid;\" ><div class=\"fusion-builder-row fusion-row\"><div class=\"fusion-layout-column fusion_builder_column fusion-builder-column-0 fusion_builder_column_1_1 1_1 fusion-one-full fusion-column-first fusion-column-last fusion-animated\" style=\"margin-top:0px;margin-bottom:20px;\" data-animationType=\"fadeInDown\" data-animationDuration=\"1.0\" data-animationOffset=\"top-into-view\"><div class=\"fusion-column-wrapper fusion-flex-column-wrapper-legacy\" style=\"background-position:left top;background-repeat:no-repeat;-webkit-background-size:cover;-moz-background-size:cover;-o-background-size:cover;background-size:cover;padding: 0px 0px 0px 0px;\"><div class=\"fusion-sep-clear\"><\/div><div class=\"fusion-separator fusion-full-width-sep\" style=\"margin-left: auto;margin-right: auto;margin-top:30px;margin-bottom:30px;width:100%;\"><\/div><div class=\"fusion-sep-clear\"><\/div><div class=\"fusion-text fusion-text-1\"><h1 style=\"text-align: center;\">Presentaci\u00f3<\/h1>\n<\/div><div class=\"fusion-sep-clear\"><\/div><div class=\"fusion-separator fusion-full-width-sep\" style=\"margin-left: auto;margin-right: auto;margin-top:5px;margin-bottom:5px;width:100%;\"><\/div><div class=\"fusion-sep-clear\"><\/div><div class=\"fusion-clearfix\"><\/div><\/div><\/div><\/div><\/div><div class=\"fusion-fullwidth fullwidth-box fusion-builder-row-2 nonhundred-percent-fullwidth non-hundred-percent-height-scrolling\" style=\"background-color: #f2f2f2;background-position: left top;background-repeat: no-repeat;padding-top:0px;padding-right:0px;padding-bottom:0px;padding-left:0px;margin-bottom: 0px;margin-top: 0px;border-width: 0px 0px 0px 0px;border-color:#eae9e9;border-style:solid;\" ><div class=\"fusion-builder-row fusion-row\"><div class=\"fusion-layout-column fusion_builder_column fusion-builder-column-1 fusion_builder_column_1_1 1_1 fusion-one-full fusion-column-first fusion-column-last\" style=\"margin-top:0px;margin-bottom:20px;\"><div class=\"fusion-column-wrapper fusion-flex-column-wrapper-legacy\" style=\"background-position:left top;background-repeat:no-repeat;-webkit-background-size:cover;-moz-background-size:cover;-o-background-size:cover;background-size:cover;background-color:#f2f2f2;padding: 0px 0px 0px 0px;\"><div class=\"fusion-sep-clear\"><\/div><div class=\"fusion-separator fusion-full-width-sep\" style=\"margin-left: auto;margin-right: auto;margin-top:30px;width:100%;\"><\/div><div class=\"fusion-sep-clear\"><\/div><div class=\"fusion-clearfix\"><\/div><\/div><\/div><div class=\"fusion-layout-column fusion_builder_column fusion-builder-column-2 fusion_builder_column_1_5 1_5 fusion-one-fifth fusion-column-first\" style=\"width:16.8%; margin-right: 4%;margin-top:0px;margin-bottom:20px;\"><div class=\"fusion-column-wrapper fusion-flex-column-wrapper-legacy\" style=\"background-position:left top;background-repeat:no-repeat;-webkit-background-size:cover;-moz-background-size:cover;-o-background-size:cover;background-size:cover;background-color:#f2f2f2;padding: 0px 0px 0px 0px;\"><div class=\"fusion-sep-clear\"><\/div><div class=\"fusion-separator fusion-full-width-sep\" style=\"margin-left: auto;margin-right: auto;margin-top:30px;width:100%;\"><\/div><div class=\"fusion-sep-clear\"><\/div><div class=\"fusion-clearfix\"><\/div><\/div><\/div><div class=\"fusion-layout-column fusion_builder_column fusion-builder-column-3 fusion_builder_column_3_5 3_5 fusion-three-fifth\" style=\"width:58.4%; margin-right: 4%;margin-top:0px;margin-bottom:20px;\"><div class=\"fusion-column-wrapper fusion-flex-column-wrapper-legacy\" style=\"background-position:left top;background-repeat:no-repeat;-webkit-background-size:cover;-moz-background-size:cover;-o-background-size:cover;background-size:cover;background-color:#f2f2f2;padding: 0px 0px 0px 0px;\"><a id=\"\" class=\"\" title=\"\" href=\"http:\/\/www.fibcnet.com\/wp-content\/uploads\/2018\/04\/panoramica-Sallent.png\" data-rel=\"prettyPhoto\"><img decoding=\"async\" src=\"http:\/\/www.fibcnet.com\/wp-content\/uploads\/2018\/04\/panoramica-Sallent.png\" alt=\"\" \/><\/a><div class=\"fusion-sep-clear\"><\/div><div class=\"fusion-separator fusion-full-width-sep\" style=\"margin-left: auto;margin-right: auto;margin-top:30px;width:100%;\"><\/div><div class=\"fusion-sep-clear\"><\/div><div class=\"fusion-text fusion-text-2\"><h2>A CLIMESA desenvolupem, dissenyem i fabriquem contenidors flexibles destinats a envasar tota mena de productes granulats i pulverulents.<\/h2>\n<p style=\"text-align: justify;\">L\u2019elevat grau d\u2019especialitzaci\u00f3 que acumula el nostre equip i la nostra experi\u00e8ncia en el sector de l\u2019envasament i l\u2019embalatge ens permeten crear i adaptar solucions industrials que ofereixen el millor resultat, des de les aplicacions m\u00e9s avan\u00e7ades fins a les operacions cl\u00e0ssiques i tradicionals.<\/p>\n<blockquote>\n<p>L\u2019objectiu principal de la nostra activitat \u00e9s aconseguir dels nostres clients el grau de satisfacci\u00f3 m\u00e9s alt que hi pugui haver en el nostre sector, gr\u00e0cies a una producci\u00f3 d\u2019alta qualitat, certificada i efectiva, que s\u2019ajusta als requisits t\u00e8cnics de cada operaci\u00f3.<\/p>\n<\/blockquote>\n<p style=\"text-align: justify;\">Un servei proper, prec\u00eds i solvent que es basa en la professionalitat d\u2019un equip amb una joventut que acumula el saber fer d\u2019un passat i un present viscuts des de la f\u00e0brica de confecci\u00f3.<\/p>\n<p style=\"text-align: justify;\">Creiem en la feina ben feta i en uns valors d\u2019empresa que s\u00f3n b\u00e0sics per cr\u00e9ixer de manera sostenible. Creem l\u2019escenari de confian\u00e7a que permet sumar i col\u00b7laborar en les relacions amb el nostre entorn. Pensem de manera global. Actuem localment, sempre a prop i en sintonia amb els nostres clients i les seves necessitats.<\/p>\n<\/div><div class=\"fusion-sep-clear\"><\/div><div class=\"fusion-separator fusion-full-width-sep\" style=\"margin-left: auto;margin-right: auto;margin-top:30px;width:100%;\"><\/div><div class=\"fusion-sep-clear\"><\/div><div class=\"fusion-text fusion-text-3\"><h3>Presentaci\u00f3 de CLIMESA a HISPACK 2015<\/h3>\n<\/div><div class=\"fusion-video fusion-youtube\" style=\"max-width:600px;max-height:360px;\"><div class=\"video-shortcode\"><iframe title=\"YouTube video player 1\" src=\"https:\/\/www.youtube.com\/embed\/Jj9C2W7yvU0?wmode=transparent&autoplay=0&amp;rel=0\" width=\"600\" height=\"360\" allowfullscreen allow=\"autoplay; fullscreen\"><\/iframe><\/div><\/div><div class=\"fusion-sep-clear\"><\/div><div class=\"fusion-separator fusion-full-width-sep\" style=\"margin-left: auto;margin-right: auto;margin-top:30px;width:100%;\"><\/div><div class=\"fusion-sep-clear\"><\/div><div class=\"fusion-clearfix\"><\/div><\/div><\/div><\/div><\/div><div class=\"fusion-fullwidth fullwidth-box fusion-builder-row-3 nonhundred-percent-fullwidth non-hundred-percent-height-scrolling\" style=\"background-color: #fbc918;background-position: left top;background-repeat: no-repeat;padding-top:0px;padding-right:0px;padding-bottom:0px;padding-left:0px;margin-bottom: 0px;margin-top: 0px;border-width: 0px 0px 0px 0px;border-color:#eae9e9;border-style:solid;\" ><div class=\"fusion-builder-row fusion-row\"><div class=\"fusion-layout-column fusion_builder_column fusion-builder-column-4 fusion_builder_column_1_1 1_1 fusion-one-full fusion-column-first fusion-column-last fusion-animated\" style=\"margin-top:0px;margin-bottom:20px;\" data-animationType=\"fadeInDown\" data-animationDuration=\"1.0\" data-animationOffset=\"top-into-view\"><div class=\"fusion-column-wrapper fusion-flex-column-wrapper-legacy\" style=\"background-position:left top;background-repeat:no-repeat;-webkit-background-size:cover;-moz-background-size:cover;-o-background-size:cover;background-size:cover;padding: 0px 0px 0px 0px;\"><div class=\"fusion-sep-clear\"><\/div><div class=\"fusion-separator fusion-full-width-sep\" style=\"margin-left: auto;margin-right: auto;margin-top:30px;margin-bottom:30px;width:100%;\"><\/div><div class=\"fusion-sep-clear\"><\/div><div class=\"fusion-text fusion-text-4\"><h1 style=\"text-align: center;\">Hist\u00f2ria<\/h1>\n<\/div><div class=\"fusion-sep-clear\"><\/div><div class=\"fusion-separator fusion-full-width-sep\" style=\"margin-left: auto;margin-right: auto;margin-top:5px;margin-bottom:5px;width:100%;\"><\/div><div class=\"fusion-sep-clear\"><\/div><div class=\"fusion-clearfix\"><\/div><\/div><\/div><\/div><\/div><div class=\"fusion-fullwidth fullwidth-box fusion-builder-row-4 nonhundred-percent-fullwidth non-hundred-percent-height-scrolling\" style=\"background-color: #f2f2f2;background-position: left top;background-repeat: no-repeat;padding-top:0px;padding-right:0px;padding-bottom:0px;padding-left:0px;margin-bottom: 0px;margin-top: 0px;border-width: 0px 0px 0px 0px;border-color:#eae9e9;border-style:solid;\" ><div class=\"fusion-builder-row fusion-row\"><div class=\"fusion-layout-column fusion_builder_column fusion-builder-column-5 fusion_builder_column_1_1 1_1 fusion-one-full fusion-column-first fusion-column-last\" style=\"margin-top:0px;margin-bottom:20px;\"><div class=\"fusion-column-wrapper fusion-flex-column-wrapper-legacy\" style=\"background-position:left top;background-repeat:no-repeat;-webkit-background-size:cover;-moz-background-size:cover;-o-background-size:cover;background-size:cover;background-color:#f2f2f2;padding: 0px 0px 0px 0px;\"><div class=\"fusion-sep-clear\"><\/div><div class=\"fusion-separator fusion-full-width-sep\" style=\"margin-left: auto;margin-right: auto;margin-top:30px;width:100%;\"><\/div><div class=\"fusion-sep-clear\"><\/div><div class=\"fusion-clearfix\"><\/div><\/div><\/div><div class=\"fusion-layout-column fusion_builder_column fusion-builder-column-6 fusion_builder_column_1_1 1_1 fusion-one-full fusion-column-first fusion-column-last\" style=\"margin-top:0px;margin-bottom:20px;\"><div class=\"fusion-column-wrapper fusion-flex-column-wrapper-legacy\" style=\"background-position:left top;background-repeat:no-repeat;-webkit-background-size:cover;-moz-background-size:cover;-o-background-size:cover;background-size:cover;background-color:#f2f2f2;padding: 0px 0px 0px 0px;\"><a id=\"\" class=\"\" title=\"\" href=\"http:\/\/www.fibcnet.com\/wp-content\/uploads\/2018\/04\/composicio_02.png\" data-rel=\"prettyPhoto\"><img decoding=\"async\" src=\"http:\/\/www.fibcnet.com\/wp-content\/uploads\/2018\/04\/composicio_02.png\" alt=\"\" \/><\/a><div class=\"fusion-clearfix\"><\/div><\/div><\/div><div class=\"fusion-layout-column fusion_builder_column fusion-builder-column-7 fusion_builder_column_1_5 1_5 fusion-one-fifth fusion-column-first\" style=\"width:16.8%; margin-right: 4%;margin-top:0px;margin-bottom:20px;\"><div class=\"fusion-column-wrapper fusion-flex-column-wrapper-legacy\" style=\"background-position:left top;background-repeat:no-repeat;-webkit-background-size:cover;-moz-background-size:cover;-o-background-size:cover;background-size:cover;background-color:#f2f2f2;padding: 0px 0px 0px 0px;\"><div class=\"fusion-sep-clear\"><\/div><div class=\"fusion-separator fusion-full-width-sep\" style=\"margin-left: auto;margin-right: auto;margin-top:30px;width:100%;\"><\/div><div class=\"fusion-sep-clear\"><\/div><div class=\"fusion-clearfix\"><\/div><\/div><\/div><div class=\"fusion-layout-column fusion_builder_column fusion-builder-column-8 fusion_builder_column_3_5 3_5 fusion-three-fifth\" style=\"width:58.4%; margin-right: 4%;margin-top:0px;margin-bottom:20px;\"><div class=\"fusion-column-wrapper fusion-flex-column-wrapper-legacy\" style=\"background-position:left top;background-repeat:no-repeat;-webkit-background-size:cover;-moz-background-size:cover;-o-background-size:cover;background-size:cover;background-color:#f2f2f2;padding: 0px 0px 0px 0px;\"><div class=\"fusion-text fusion-text-5\"><h2>Durant els anys trenta del segle passat, la fam\u00edlia Climent vivia i treballava en una casa taller del Barri de la Plata, al barri del Poble Nou, Barcelona.<\/h2>\n<p style=\"text-align: justify;\">L\u2019ofici de baster, artesans del cuir, era molt preat en una ciutat que encara transitava en carruatges de cavalls. L\u2019art de cosir, a m\u00e0 i amb les primeres m\u00e0quines industrials, representa els or\u00edgens de la CLIMESA actual, ja que l\u2019any 1973, Juan Climent Isalt, el nostre fundador, va encetar el desenvolupament i la fabricaci\u00f3 de productes que comen\u00e7aven a incorporar els teixits sint\u00e8tics per la seva economia i per les propietats favorables a millorar els materials existents.<\/p>\n<p style=\"text-align: justify;\">Va ser aix\u00ed com, gr\u00e0cies a la creaci\u00f3 de la r\u00e0fia i de la cinta de polipropil\u00e8, va n\u00e9ixer el que avui \u00e9s un env\u00e0s industrial d\u2019\u00fas freq\u00fcent en la ind\u00fastria qu\u00edmica, en la mineria i tamb\u00e9 en el sector agroalimentari. Durant els anys vuitanta es va anar estenent l\u2019\u00fas dels contenidors flexibles per emmagatzemar i transportar productes de tota mena. CLIMESA va inventar i aportar solucions pr\u00e0ctiques a un env\u00e0s t\u00e8cnic al qual cada cop es demanaven m\u00e9s prestacions. Durant els anys noranta, indu\u00efts per la intensa \u00e8poca de construcci\u00f3 de la Barcelona preol\u00edmpica, vam ser el motor d\u2019invenci\u00f3 i desenvolupament de la recollida de runa urbana amb un contenidor flexible senzill, molt resistent i que des d\u2019aleshores forma part del paisatge de les nostres ciutats.<\/p>\n<p style=\"text-align: justify;\">La personalitzaci\u00f3, els teixits de colors, el disseny pr\u00e0ctic, la interacci\u00f3 amb els transportistes i els gestors de residus han aconseguit un model d\u2019\u00e8xit i, sens dubte, de sostenibilitat en els camps de la construcci\u00f3 i la rehabilitaci\u00f3. Aquest model va obrir la porta al subministrament de materials al punt d\u2019obra de manera pr\u00e0ctica, dosificat en lots de 1.000\u00a0kg i amb variants d\u2019adaptaci\u00f3 m\u00e0xima a les necessitats del mercat.<\/p>\n<blockquote>\n<p>La const\u00e0ncia de la nostra activitat en els sectors industrials ens ha portat a actualitzar i renovar de manera constant els nostres processos i el nostre control de qualitat tot complint els est\u00e0ndards internacionals i la normativa vigent de cada moment.<\/p>\n<\/blockquote>\n<p style=\"text-align: justify;\">CLIMESA \u00e9s el membre actual m\u00e9s antic d\u2019EFIBCA (des del 1987), l\u2019associaci\u00f3 que aglutina les empreses del nostre subsector. El 1996 vam aconseguir la nostra norma ISO\u00a09001, que des d\u2019aleshores renovem amb la freq\u00fc\u00e8ncia exigida. Una manera clara de demostrar que els nostres processos i la nostra organitzaci\u00f3 es regeixen amb planificaci\u00f3, de manera estructurada i amb revisions cont\u00ednues.<\/p>\n<p style=\"text-align: justify;\">La nostra qualitat la garanteix la nostra gent; persones de diverses proced\u00e8ncies unides per una feina i un projecte industrial que respecten els millors valors de la nostra societat. Estem preparats per donar cada dia el millor de nosaltres mateixos i satisfer les necessitats dels nostres clients.<\/p>\n<p style=\"text-align: justify;\">L\u2019any 2000, CLIMESA va expandir les seves instal\u00b7lacions amb una planta de 6.000 metres quadrats en el municipi de Castellgal\u00ed. Fa poc hem traslladat i ampliat la capacitat instal\u00b7lada a una ubicaci\u00f3 nova a Plans de la Sala, Sallent.<\/p>\n<p style=\"text-align: justify;\">Des de l\u2019octubre del 2015, fabriquem els nostres productes en un edifici d\u2019altes prestacions i amb la millor tecnologia del sector per tal d\u2019incrementar la nostra oferta en quantitat, en qualitat i, sobretot, en la innovaci\u00f3 que el nostre sector no \u00e9s capa\u00e7 de desenvolupar.<\/p>\n<p style=\"text-align: justify;\">Avui, CLIMESA \u00e9s una empresa de car\u00e0cter familiar amb un elevat grau de professionalitzaci\u00f3 de l\u2019equip directiu i t\u00e8cnic. Som capa\u00e7os de generar un futur perqu\u00e8 sabem all\u00f2 que necessita el nostre client. I sabem com aconseguir-ho de manera constructiva i sostenible.<\/p>\n<\/div><div class=\"fusion-sep-clear\"><\/div><div class=\"fusion-separator fusion-full-width-sep\" style=\"margin-left: auto;margin-right: auto;margin-top:30px;width:100%;\"><\/div><div class=\"fusion-sep-clear\"><\/div><div class=\"fusion-clearfix\"><\/div><\/div><\/div><\/div><\/div><div class=\"fusion-fullwidth fullwidth-box fusion-builder-row-5 nonhundred-percent-fullwidth non-hundred-percent-height-scrolling\" style=\"background-color: #f2f2f2;background-position: left top;background-repeat: no-repeat;padding-top:0px;padding-right:0px;padding-bottom:50px;padding-left:0px;margin-bottom: 0px;margin-top: 0px;border-width: 0px 0px 0px 0px;border-color:#eae9e9;border-style:solid;\" ><div class=\"fusion-builder-row fusion-row\"><div class=\"fusion-layout-column fusion_builder_column fusion-builder-column-9 fusion_builder_column_1_1 1_1 fusion-one-full fusion-column-first fusion-column-last\" style=\"margin-top:0px;margin-bottom:20px;\"><div class=\"fusion-column-wrapper fusion-flex-column-wrapper-legacy fusion-empty-dims-bg-image\" style=\"background-image: url(&#039;http:\/\/www.fibcnet.com\/wp-content\/uploads\/DSC_0008-1200x798.jpg&#039;);background-position:left top;background-repeat:no-repeat;-webkit-background-size:cover;-moz-background-size:cover;-o-background-size:cover;background-size:cover;background-color:#cccccc;padding: 0px 0px 0px 0px;\" data-bg-url=\"http:\/\/www.fibcnet.com\/wp-content\/uploads\/DSC_0008-1200x798.jpg\"><div class=\"fusion-sep-clear\"><\/div><div class=\"fusion-separator fusion-full-width-sep\" style=\"margin-left: auto;margin-right: auto;margin-top:700px;width:100%;\"><\/div><div class=\"fusion-sep-clear\"><\/div><div class=\"fusion-clearfix\"><\/div><\/div><\/div><\/div><\/div><\/p>\n","protected":false},"excerpt":{"rendered":"","protected":false},"author":2,"featured_media":0,"parent":0,"menu_order":0,"comment_status":"closed","ping_status":"closed","template":"100-width.php","meta":{"footnotes":""},"class_list":["post-3607","page","type-page","status-publish","hentry"],"_links":{"self":[{"href":"https:\/\/www.fibcnet.com\/ca\/wp-json\/wp\/v2\/pages\/3607","targetHints":{"allow":["GET"]}}],"collection":[{"href":"https:\/\/www.fibcnet.com\/ca\/wp-json\/wp\/v2\/pages"}],"about":[{"href":"https:\/\/www.fibcnet.com\/ca\/wp-json\/wp\/v2\/types\/page"}],"author":[{"embeddable":true,"href":"https:\/\/www.fibcnet.com\/ca\/wp-json\/wp\/v2\/users\/2"}],"replies":[{"embeddable":true,"href":"https:\/\/www.fibcnet.com\/ca\/wp-json\/wp\/v2\/comments?post=3607"}],"version-history":[{"count":7,"href":"https:\/\/www.fibcnet.com\/ca\/wp-json\/wp\/v2\/pages\/3607\/revisions"}],"predecessor-version":[{"id":4364,"href":"https:\/\/www.fibcnet.com\/ca\/wp-json\/wp\/v2\/pages\/3607\/revisions\/4364"}],"wp:attachment":[{"href":"https:\/\/www.fibcnet.com\/ca\/wp-json\/wp\/v2\/media?parent=3607"}],"curies":[{"name":"wp","href":"https:\/\/api.w.org\/{rel}","templated":true}]}}