{"id":3615,"date":"2018-05-29T09:51:26","date_gmt":"2018-05-29T09:51:26","guid":{"rendered":"http:\/\/www.fibcnet.com\/?page_id=3615"},"modified":"2025-10-15T13:15:29","modified_gmt":"2025-10-15T11:15:29","slug":"home-2-3","status":"publish","type":"page","link":"https:\/\/www.fibcnet.com\/ca\/","title":{"rendered":"Home"},"content":{"rendered":"<p><div class=\"fusion-fullwidth fullwidth-box fusion-builder-row-1 nonhundred-percent-fullwidth non-hundred-percent-height-scrolling\" style=\"background-color: #000000;background-position: left top;background-repeat: no-repeat;padding-top:2%;padding-right:5%;padding-bottom:1%;padding-left:5%;margin-bottom: 0px;margin-top: 0px;border-width: 0px 0px 0px 0px;border-color:#eae9e9;border-style:solid;\" ><div class=\"fusion-builder-row fusion-row\"><div class=\"fusion-layout-column fusion_builder_column fusion-builder-column-0 fusion_builder_column_1_1 1_1 fusion-one-full fusion-column-first fusion-column-last fusion-column-no-min-height\" style=\"margin-top:0px;margin-bottom:0px;\"><div class=\"fusion-column-wrapper fusion-flex-column-wrapper-legacy\" style=\"background-position:left top;background-repeat:no-repeat;-webkit-background-size:cover;-moz-background-size:cover;-o-background-size:cover;background-size:cover;padding: 0px 0px 0px 0px;\"><div class=\"fusion-text fusion-text-1\"><h1 class=\"fusion-responsive-typography-calculated\" style=\"text-align: center; --fontsize: 34; line-height: 1.1;\" data-fontsize=\"34\" data-lineheight=\"37.4px\"><span style=\"color: #fecc3a;\">Contenidors encara m\u00e9s Flexibles<\/span><\/h1>\n<\/div><div class=\"fusion-clearfix\"><\/div><\/div><\/div><\/div><\/div><div class=\"fusion-fullwidth fullwidth-box fusion-builder-row-2 hundred-percent-fullwidth non-hundred-percent-height-scrolling fusion-equal-height-columns\" style=\"background-color: rgba(255,255,255,0);background-position: left top;background-repeat: no-repeat;padding-top:0px;padding-right:0px;padding-bottom:0px;padding-left:0px;margin-bottom: 0px;margin-top: 0px;border-width: 0px 0px 0px 0px;border-color:#eae9e9;border-style:solid;\" ><div class=\"fusion-builder-row fusion-row\"><div class=\"fusion-layout-column fusion_builder_column fusion-builder-column-1 fusion_builder_column_1_3 1_3 fusion-one-third fusion-column-first\" style=\"margin-top:0px;margin-bottom:0px;\"><div class=\"fusion-column-wrapper fusion-flex-column-wrapper-legacy\" style=\"background-position:left top;background-repeat:no-repeat;-webkit-background-size:cover;-moz-background-size:cover;-o-background-size:cover;background-size:cover;background-color:#fecc3a;padding: 0px 10% 0px 10%;\"><div class=\"fusion-column-content-centered\"><div class=\"fusion-column-content\"><div class=\"fusion-text fusion-text-2\"><h1><img decoding=\"async\" class=\"alignright\" src=\"http:\/\/www.fibcnet.com\/wp-content\/uploads\/2021\/01\/iFIBC.png\" alt=\"\" \/><\/h1>\n<\/div><\/div><\/div><div class=\"fusion-clearfix\"><\/div><\/div><\/div><div class=\"fusion-layout-column fusion_builder_column fusion-builder-column-2 fusion_builder_column_1_3 1_3 fusion-one-third\" style=\"margin-top:0px;margin-bottom:0px;\"><div class=\"fusion-column-wrapper fusion-flex-column-wrapper-legacy\" style=\"background-position:left top;background-repeat:no-repeat;-webkit-background-size:cover;-moz-background-size:cover;-o-background-size:cover;background-size:cover;background-color:#fecc3a;padding: 5% 15% 5% 15%;\"><div class=\"fusion-column-content-centered\"><div class=\"fusion-column-content\"><div class=\"fusion-sep-clear\"><\/div><div class=\"fusion-separator fusion-full-width-sep\" style=\"margin-left: auto;margin-right: auto;margin-top:15px;margin-bottom:15px;width:100%;\"><\/div><div class=\"fusion-sep-clear\"><\/div><div class=\"fusion-text fusion-text-3\"><h1 style=\"text-align: left;\"><span style=\"color: #ffffff;\">iFIBC: Personalizeu al m\u00e0xim el vostre contenidor<\/span><\/h1>\n<\/div><div class=\"fusion-text fusion-text-4\"><p>Trieu les variables que donen forma al vostre contenidor flexible, les dimensions, les opcions de c\u00e0rrega i desc\u00e0rrega i molt m\u00e9s.<\/p>\n<p>Dissenyeu-lo segons les vostres necessitats i canvieu-ne els colors del teixit, les nanses i els fils.<\/p>\n<p>Afegiu-hi la imatge de la vostra empresa o un dibuix com a mostra del que voleu que imprimim en el contenidor flexible.<\/p>\n<\/div><div class=\"fusion-sep-clear\"><\/div><div class=\"fusion-separator fusion-full-width-sep\" style=\"margin-left: auto;margin-right: auto;margin-top:15px;margin-bottom:15px;width:100%;\"><\/div><div class=\"fusion-sep-clear\"><\/div><div class=\"fusion-button-wrapper\"><style type=\"text\/css\">.fusion-button.button-1 {border-radius:25px;}<\/style><a class=\"fusion-button button-flat button-medium button-default button-1 fusion-button-span-no fusion-button-default-type\" target=\"_self\" href=\"http:\/\/www.fibcnet.com\/ca\/ifibc-configurador\/\"><span class=\"fusion-button-text\">SOL\u00b7LICITEU UN PRESSUPOST GRATU\u00cfT<\/span><i class=\"fa-chevron-right fas button-icon-right\" aria-hidden=\"true\"><\/i><\/a><\/div><div class=\"fusion-sep-clear\"><\/div><div class=\"fusion-separator fusion-full-width-sep\" style=\"margin-left: auto;margin-right: auto;margin-top:15px;margin-bottom:15px;width:100%;\"><\/div><div class=\"fusion-sep-clear\"><\/div><\/div><\/div><div class=\"fusion-clearfix\"><\/div><\/div><\/div><div class=\"fusion-layout-column fusion_builder_column fusion-builder-column-3 fusion_builder_column_1_3 1_3 fusion-one-third fusion-column-last\" style=\"margin-top:0px;margin-bottom:0px;\"><div class=\"fusion-column-wrapper fusion-flex-column-wrapper-legacy\" style=\"background-position:left top;background-repeat:no-repeat;-webkit-background-size:cover;-moz-background-size:cover;-o-background-size:cover;background-size:cover;padding: 5% 20% 5% 10%;\"><div class=\"fusion-column-content-centered\"><div class=\"fusion-column-content\"><div class=\"fusion-recent-posts fusion-recent-posts-1 avada-container layout-default layout-columns-1\"><section class=\"fusion-columns columns fusion-columns-1 columns-1\"><article class=\"post fusion-column column col col-lg-12 col-md-12 col-sm-12\"><div class=\"fusion-flexslider fusion-flexslider-loading flexslider flexslider-hover-type-none\"><ul class=\"slides\"><li><a href=\"https:\/\/www.fibcnet.com\/ca\/objetivo-energia-limpia\/\" aria-label=\"Objectiu: energia neta\" class=\"hover-type-none\"><img decoding=\"async\" width=\"2094\" height=\"1666\" src=\"https:\/\/www.fibcnet.com\/wp-content\/uploads\/2025\/03\/Captura-de-pantalla-2025-03-26-a-les-10.19.07.jpg\" class=\"attachment-full size-full\" alt=\"\" srcset=\"https:\/\/www.fibcnet.com\/wp-content\/uploads\/2025\/03\/Captura-de-pantalla-2025-03-26-a-les-10.19.07-200x159.jpg 200w, https:\/\/www.fibcnet.com\/wp-content\/uploads\/2025\/03\/Captura-de-pantalla-2025-03-26-a-les-10.19.07-400x318.jpg 400w, https:\/\/www.fibcnet.com\/wp-content\/uploads\/2025\/03\/Captura-de-pantalla-2025-03-26-a-les-10.19.07-600x477.jpg 600w, https:\/\/www.fibcnet.com\/wp-content\/uploads\/2025\/03\/Captura-de-pantalla-2025-03-26-a-les-10.19.07-800x636.jpg 800w, https:\/\/www.fibcnet.com\/wp-content\/uploads\/2025\/03\/Captura-de-pantalla-2025-03-26-a-les-10.19.07-1200x955.jpg 1200w, https:\/\/www.fibcnet.com\/wp-content\/uploads\/2025\/03\/Captura-de-pantalla-2025-03-26-a-les-10.19.07.jpg 2094w\" sizes=\"(min-width: 2200px) 100vw, (min-width: 640px) 1100px, \" \/><\/a><\/li><\/ul><\/div><div class=\"recent-posts-content\"><span class=\"vcard\" style=\"display: none;\"><span class=\"fn\"><a href=\"https:\/\/www.fibcnet.com\/ca\/author\/ente\/\" title=\"Entrades de dmacia\" rel=\"author\">dmacia<\/a><\/span><\/span><span class=\"updated\" style=\"display:none;\">2026-02-05T14:25:29+01:00<\/span><h4 class=\"entry-title\"><a href=\"https:\/\/www.fibcnet.com\/ca\/objetivo-energia-limpia\/\">Objectiu: energia neta<\/a><\/h4><p> Seguint amb la nostra aposta per un model productiu SOSTENIBLE, i concretament amb l'\u00fas de renovables, les nostres instal\u00b7lacions de plaques fotovoltaiques continuen generant energia neta per a CLIMESA i els seus processos productius. [...]<\/p><\/div><\/article><\/section><\/div><\/div><\/div><div class=\"fusion-clearfix\"><\/div><\/div><\/div><\/div><\/div><\/p>\n","protected":false},"excerpt":{"rendered":"","protected":false},"author":2,"featured_media":0,"parent":0,"menu_order":0,"comment_status":"closed","ping_status":"closed","template":"100-width.php","meta":{"footnotes":""},"class_list":["post-3615","page","type-page","status-publish","hentry"],"_links":{"self":[{"href":"https:\/\/www.fibcnet.com\/ca\/wp-json\/wp\/v2\/pages\/3615","targetHints":{"allow":["GET"]}}],"collection":[{"href":"https:\/\/www.fibcnet.com\/ca\/wp-json\/wp\/v2\/pages"}],"about":[{"href":"https:\/\/www.fibcnet.com\/ca\/wp-json\/wp\/v2\/types\/page"}],"author":[{"embeddable":true,"href":"https:\/\/www.fibcnet.com\/ca\/wp-json\/wp\/v2\/users\/2"}],"replies":[{"embeddable":true,"href":"https:\/\/www.fibcnet.com\/ca\/wp-json\/wp\/v2\/comments?post=3615"}],"version-history":[{"count":34,"href":"https:\/\/www.fibcnet.com\/ca\/wp-json\/wp\/v2\/pages\/3615\/revisions"}],"predecessor-version":[{"id":5606,"href":"https:\/\/www.fibcnet.com\/ca\/wp-json\/wp\/v2\/pages\/3615\/revisions\/5606"}],"wp:attachment":[{"href":"https:\/\/www.fibcnet.com\/ca\/wp-json\/wp\/v2\/media?parent=3615"}],"curies":[{"name":"wp","href":"https:\/\/api.w.org\/{rel}","templated":true}]}}