{"id":3647,"date":"2018-05-31T16:22:59","date_gmt":"2018-05-31T16:22:59","guid":{"rendered":"http:\/\/www.fibcnet.com\/?page_id=3647"},"modified":"2018-05-31T16:23:22","modified_gmt":"2018-05-31T16:23:22","slug":"actualites","status":"publish","type":"page","link":"https:\/\/www.fibcnet.com\/fr\/actualites\/","title":{"rendered":"ACTUALIT\u00c9S"},"content":{"rendered":"<p><div class=\"fusion-fullwidth fullwidth-box fusion-builder-row-1 nonhundred-percent-fullwidth non-hundred-percent-height-scrolling\" style=\"background-color: #fbc918;background-position: left top;background-repeat: no-repeat;padding-top:0px;padding-right:0px;padding-bottom:0px;padding-left:0px;margin-bottom: 0px;margin-top: 0px;border-width: 0px 0px 0px 0px;border-color:#eae9e9;border-style:solid;\" ><div class=\"fusion-builder-row fusion-row\"><div class=\"fusion-layout-column fusion_builder_column fusion-builder-column-0 fusion_builder_column_1_1 1_1 fusion-one-full fusion-column-first fusion-column-last fusion-animated\" style=\"margin-top:0px;margin-bottom:20px;\" data-animationType=\"fadeInDown\" data-animationDuration=\"1.0\" data-animationOffset=\"top-into-view\"><div class=\"fusion-column-wrapper fusion-flex-column-wrapper-legacy\" style=\"background-position:left top;background-repeat:no-repeat;-webkit-background-size:cover;-moz-background-size:cover;-o-background-size:cover;background-size:cover;padding: 0px 0px 0px 0px;\"><div class=\"fusion-sep-clear\"><\/div><div class=\"fusion-separator fusion-full-width-sep\" style=\"margin-left: auto;margin-right: auto;margin-top:30px;margin-bottom:30px;width:100%;\"><\/div><div class=\"fusion-sep-clear\"><\/div><div class=\"fusion-text fusion-text-1\"><h1 style=\"text-align: center;\">Actualit\u00e9s<\/h1>\n<\/div><div class=\"fusion-sep-clear\"><\/div><div class=\"fusion-separator fusion-full-width-sep\" style=\"margin-left: auto;margin-right: auto;margin-top:5px;margin-bottom:5px;width:100%;\"><\/div><div class=\"fusion-sep-clear\"><\/div><div class=\"fusion-clearfix\"><\/div><\/div><\/div><\/div><\/div><div class=\"fusion-fullwidth fullwidth-box fusion-builder-row-2 nonhundred-percent-fullwidth non-hundred-percent-height-scrolling\" style=\"background-color: #f2f2f2;background-position: left top;background-repeat: no-repeat;padding-top:0px;padding-right:0px;padding-bottom:0px;padding-left:0px;margin-bottom: 0px;margin-top: 0px;border-width: 0px 0px 0px 0px;border-color:#eae9e9;border-style:solid;\" ><div class=\"fusion-builder-row fusion-row\"><div class=\"fusion-layout-column fusion_builder_column fusion-builder-column-1 fusion_builder_column_1_6 1_6 fusion-one-sixth fusion-column-first\" style=\"width:13.3333%; margin-right: 4%;margin-top:0px;margin-bottom:20px;\"><div class=\"fusion-column-wrapper fusion-flex-column-wrapper-legacy\" style=\"background-position:left top;background-repeat:no-repeat;-webkit-background-size:cover;-moz-background-size:cover;-o-background-size:cover;background-size:cover;background-color:#f2f2f2;padding: 0px 0px 0px 0px;\"><div class=\"fusion-sep-clear\"><\/div><div class=\"fusion-separator fusion-full-width-sep\" style=\"margin-left: auto;margin-right: auto;margin-top:30px;width:100%;\"><\/div><div class=\"fusion-sep-clear\"><\/div><div class=\"fusion-clearfix\"><\/div><\/div><\/div><div class=\"fusion-layout-column fusion_builder_column fusion-builder-column-2 fusion_builder_column_2_3 2_3 fusion-two-third\" style=\"width:65.3333%; margin-right: 4%;margin-top:0px;margin-bottom:20px;\"><div class=\"fusion-column-wrapper fusion-flex-column-wrapper-legacy\" style=\"background-position:left top;background-repeat:no-repeat;-webkit-background-size:cover;-moz-background-size:cover;-o-background-size:cover;background-size:cover;background-color:#f2f2f2;padding: 0px 0px 0px 0px;\"><div class=\"fusion-sep-clear\"><\/div><div class=\"fusion-separator fusion-full-width-sep\" style=\"margin-left: auto;margin-right: auto;margin-top:30px;width:100%;\"><\/div><div class=\"fusion-sep-clear\"><\/div><div class=\"fusion-blog-shortcode fusion-blog-shortcode-1 fusion-blog-archive fusion-blog-layout-medium fusion-blog-pagination\"><div class=\"fusion-posts-container fusion-posts-container-pagination\" data-pages=\"3\"><article id=\"blog-1-post-5527\" class=\"fusion-post-medium post-5527 post type-post status-publish format-standard has-post-thumbnail hentry category-news-fr\">\n\t<style type=\"text\/css\">\n\t\t\n\t\t\n\t\t\n\t\t\n\t\t\t<\/style>\n\n\n\t\t\t<div class=\"fusion-flexslider flexslider fusion-flexslider-loading fusion-post-slideshow\" style=\"\">\n\t\t<ul class=\"slides\">\n\t\t\t\n\t\t\t\t\t\t\t\t\t\t\t\t\t\t<li><div  class=\"fusion-image-wrapper fusion-image-size-fixed\" aria-haspopup=\"true\">\n\t\t\t\t  \t\t\t<a href=\"https:\/\/www.fibcnet.com\/fr\/objectif-energie-propre\/\" aria-label=\"Objectif: \u00e9nergie propre\">\n\t\t\t\t\t\t\t<img decoding=\"async\" width=\"320\" height=\"202\" src=\"https:\/\/www.fibcnet.com\/wp-content\/uploads\/2025\/03\/Captura-de-pantalla-2025-03-26-a-les-10.19.07-320x202.jpg\" class=\"attachment-blog-medium size-blog-medium wp-post-image\" alt=\"\" srcset=\"https:\/\/www.fibcnet.com\/wp-content\/uploads\/2025\/03\/Captura-de-pantalla-2025-03-26-a-les-10.19.07-320x202.jpg 320w, https:\/\/www.fibcnet.com\/wp-content\/uploads\/2025\/03\/Captura-de-pantalla-2025-03-26-a-les-10.19.07-700x441.jpg 700w\" sizes=\"(max-width: 320px) 100vw, 320px\" \/>\t\t\t<\/a>\n\t\t\t\t\t\t\t\t<\/div>\n<\/li>\n\t\t\t\n\t\t\t\n\t\t\t\t\t\t\t\t\t\t\t\t\t\t\t\t\t\t\t\t\t\t\t\t\t\t\t\t\t\t\t\t\t\t\t\t\t\t\t\t\t\t\t\t\t\t\t\t\t\t\t\t\t\t\t\t\t\t\t\t\t\t\t\t\t\t\t\t<\/ul>\n\t<\/div>\n\t<div class=\"fusion-post-content post-content\"><h2 class=\"blog-shortcode-post-title entry-title\"><a href=\"https:\/\/www.fibcnet.com\/fr\/objectif-energie-propre\/\">Objectif: \u00e9nergie propre<\/a><\/h2><div class=\"fusion-post-content-container\"><p> Dans notre engagement envers un mod\u00e8le de production durable, [...]<\/p><\/div><\/div><div class=\"fusion-clearfix\"><\/div><div class=\"fusion-meta-info\"><div class=\"fusion-alignleft\"><span class=\"vcard\" style=\"display: none;\"><span class=\"fn\"><a href=\"https:\/\/www.fibcnet.com\/fr\/author\/ente\/\" title=\"Articles par dmacia\" rel=\"author\">dmacia<\/a><\/span><\/span><span class=\"updated\" style=\"display:none;\">2026-02-05T14:24:35+01:00<\/span><span>01-04-2025<\/span><span class=\"fusion-inline-sep\">|<\/span><\/div><\/div><\/article>\n<article id=\"blog-1-post-5487\" class=\"fusion-post-medium post-5487 post type-post status-publish format-standard has-post-thumbnail hentry category-news-fr\">\n\t<style type=\"text\/css\">\n\t\t\n\t\t\n\t\t\n\t\t\n\t\t\t<\/style>\n\n\n\t\t\t<div class=\"fusion-flexslider flexslider fusion-flexslider-loading fusion-post-slideshow\" style=\"\">\n\t\t<ul class=\"slides\">\n\t\t\t\n\t\t\t\t\t\t\t\t\t\t\t\t\t\t<li><div  class=\"fusion-image-wrapper fusion-image-size-fixed\" aria-haspopup=\"true\">\n\t\t\t\t  \t\t\t<a href=\"https:\/\/www.fibcnet.com\/fr\/notre-rpet-vacsac-remporte-les-prix-liderpack-et-world-star-winner-2024\/\" aria-label=\"Notre rPET VACSAC\u00ae remporte les prix LIDERPACK et WORLD STAR WINNER 2024\">\n\t\t\t\t\t\t\t<img decoding=\"async\" width=\"320\" height=\"202\" src=\"https:\/\/www.fibcnet.com\/wp-content\/uploads\/2024\/03\/Captura-de-pantalla-2024-03-21-a-les-16.33.09-320x202.jpg\" class=\"attachment-blog-medium size-blog-medium wp-post-image\" alt=\"\" srcset=\"https:\/\/www.fibcnet.com\/wp-content\/uploads\/2024\/03\/Captura-de-pantalla-2024-03-21-a-les-16.33.09-200x125.jpg 200w, https:\/\/www.fibcnet.com\/wp-content\/uploads\/2024\/03\/Captura-de-pantalla-2024-03-21-a-les-16.33.09-320x202.jpg 320w, https:\/\/www.fibcnet.com\/wp-content\/uploads\/2024\/03\/Captura-de-pantalla-2024-03-21-a-les-16.33.09-700x441.jpg 700w\" sizes=\"(max-width: 320px) 100vw, 320px\" \/>\t\t\t<\/a>\n\t\t\t\t\t\t\t\t<\/div>\n<\/li>\n\t\t\t\n\t\t\t\n\t\t\t\t\t\t\t\t\t\t\t\t\t\t\t\t\t\t\t\t\t\t\t\t\t\t\t\t\t\t\t\t\t\t\t\t\t\t\t\t\t\t\t\t\t\t\t\t\t\t\t\t\t\t\t\t\t\t\t\t\t\t\t\t\t\t\t\t<\/ul>\n\t<\/div>\n\t<div class=\"fusion-post-content post-content\"><h2 class=\"blog-shortcode-post-title entry-title\"><a href=\"https:\/\/www.fibcnet.com\/fr\/notre-rpet-vacsac-remporte-les-prix-liderpack-et-world-star-winner-2024\/\">Notre rPET VACSAC\u00ae remporte les prix LIDERPACK et WORLD STAR WINNER 2024<\/a><\/h2><div class=\"fusion-post-content-container\"><p> Nous sommes heureux d'annoncer que notre rPET VACSAC\u00ae a [...]<\/p><\/div><\/div><div class=\"fusion-clearfix\"><\/div><div class=\"fusion-meta-info\"><div class=\"fusion-alignleft\"><span class=\"vcard\" style=\"display: none;\"><span class=\"fn\"><a href=\"https:\/\/www.fibcnet.com\/fr\/author\/ente\/\" title=\"Articles par dmacia\" rel=\"author\">dmacia<\/a><\/span><\/span><span class=\"updated\" style=\"display:none;\">2024-04-11T16:48:24+02:00<\/span><span>08-04-2024<\/span><span class=\"fusion-inline-sep\">|<\/span><\/div><\/div><\/article>\n<article id=\"blog-1-post-5423\" class=\"fusion-post-medium post-5423 post type-post status-publish format-standard has-post-thumbnail hentry category-news-fr\">\n\t<style type=\"text\/css\">\n\t\t\n\t\t\n\t\t\n\t\t\n\t\t\t<\/style>\n\n\n\t\t\t<div class=\"fusion-flexslider flexslider fusion-flexslider-loading fusion-post-slideshow\" style=\"\">\n\t\t<ul class=\"slides\">\n\t\t\t\n\t\t\t\t\t\t\t\t\t\t\t\t\t\t<li><div  class=\"fusion-image-wrapper fusion-image-size-fixed\" aria-haspopup=\"true\">\n\t\t\t\t  \t\t\t<a href=\"https:\/\/www.fibcnet.com\/fr\/climesa-fete-ses-50-ans\/\" aria-label=\"CLIMESA f\u00eate ses 50 ans\">\n\t\t\t\t\t\t\t<img decoding=\"async\" width=\"320\" height=\"202\" src=\"https:\/\/www.fibcnet.com\/wp-content\/uploads\/2023\/02\/50anys-320x202.jpg\" class=\"attachment-blog-medium size-blog-medium wp-post-image\" alt=\"\" srcset=\"https:\/\/www.fibcnet.com\/wp-content\/uploads\/2023\/02\/50anys-320x202.jpg 320w, https:\/\/www.fibcnet.com\/wp-content\/uploads\/2023\/02\/50anys-700x441.jpg 700w\" sizes=\"(max-width: 320px) 100vw, 320px\" \/>\t\t\t<\/a>\n\t\t\t\t\t\t\t\t<\/div>\n<\/li>\n\t\t\t\n\t\t\t\n\t\t\t\t\t\t\t\t\t\t\t\t\t\t\t\t\t\t\t\t\t\t\t\t\t\t\t\t\t\t\t\t\t\t\t\t\t\t\t\t\t\t\t\t\t\t\t\t\t\t\t\t\t\t\t\t\t\t\t\t\t\t\t\t\t\t\t\t<\/ul>\n\t<\/div>\n\t<div class=\"fusion-post-content post-content\"><h2 class=\"blog-shortcode-post-title entry-title\"><a href=\"https:\/\/www.fibcnet.com\/fr\/climesa-fete-ses-50-ans\/\">CLIMESA f\u00eate ses 50 ans<\/a><\/h2><div class=\"fusion-post-content-container\"><p> L'ann\u00e9e 2023 marque le 50e anniversaire de la naissance [...]<\/p><\/div><\/div><div class=\"fusion-clearfix\"><\/div><div class=\"fusion-meta-info\"><div class=\"fusion-alignleft\"><span class=\"vcard\" style=\"display: none;\"><span class=\"fn\"><a href=\"https:\/\/www.fibcnet.com\/fr\/author\/ente\/\" title=\"Articles par dmacia\" rel=\"author\">dmacia<\/a><\/span><\/span><span class=\"updated\" style=\"display:none;\">2023-03-21T13:00:55+01:00<\/span><span>02-02-2023<\/span><span class=\"fusion-inline-sep\">|<\/span><\/div><\/div><\/article>\n<article id=\"blog-1-post-5431\" class=\"fusion-post-medium post-5431 post type-post status-publish format-standard has-post-thumbnail hentry category-news-fr\">\n\t<style type=\"text\/css\">\n\t\t\n\t\t\n\t\t\n\t\t\n\t\t\t<\/style>\n\n\n\t\t\t<div class=\"fusion-flexslider flexslider fusion-flexslider-loading fusion-post-slideshow\" style=\"\">\n\t\t<ul class=\"slides\">\n\t\t\t\n\t\t\t\t\t\t\t\t\t\t\t\t\t\t<li><div  class=\"fusion-image-wrapper fusion-image-size-fixed\" aria-haspopup=\"true\">\n\t\t\t\t  \t\t\t<a href=\"https:\/\/www.fibcnet.com\/fr\/hemos-salido-en-la-vanguardia\/\" aria-label=\"Nous avons sorti dans LA VANGUARDIA\">\n\t\t\t\t\t\t\t<img decoding=\"async\" width=\"320\" height=\"202\" src=\"https:\/\/www.fibcnet.com\/wp-content\/uploads\/2023\/02\/Captura-de-pantalla-2023-02-02-a-les-9.24.48-320x202.jpg\" class=\"attachment-blog-medium size-blog-medium wp-post-image\" alt=\"\" srcset=\"https:\/\/www.fibcnet.com\/wp-content\/uploads\/2023\/02\/Captura-de-pantalla-2023-02-02-a-les-9.24.48-320x202.jpg 320w, https:\/\/www.fibcnet.com\/wp-content\/uploads\/2023\/02\/Captura-de-pantalla-2023-02-02-a-les-9.24.48-700x441.jpg 700w\" sizes=\"(max-width: 320px) 100vw, 320px\" \/>\t\t\t<\/a>\n\t\t\t\t\t\t\t\t<\/div>\n<\/li>\n\t\t\t\n\t\t\t\n\t\t\t\t\t\t\t\t\t\t\t\t\t\t\t\t\t\t\t\t\t\t\t\t\t\t\t\t\t\t\t\t\t\t\t\t\t\t\t\t\t\t\t\t\t\t\t\t\t\t\t\t\t\t\t\t\t\t\t\t\t\t\t\t\t\t\t\t<\/ul>\n\t<\/div>\n\t<div class=\"fusion-post-content post-content\"><h2 class=\"blog-shortcode-post-title entry-title\"><a href=\"https:\/\/www.fibcnet.com\/fr\/hemos-salido-en-la-vanguardia\/\">Nous avons sorti dans LA VANGUARDIA<\/a><\/h2><div class=\"fusion-post-content-container\"><p> Nous sommes heureux de vous pr\u00e9senter l'article que LA [...]<\/p><\/div><\/div><div class=\"fusion-clearfix\"><\/div><div class=\"fusion-meta-info\"><div class=\"fusion-alignleft\"><span class=\"vcard\" style=\"display: none;\"><span class=\"fn\"><a href=\"https:\/\/www.fibcnet.com\/fr\/author\/ente\/\" title=\"Articles par dmacia\" rel=\"author\">dmacia<\/a><\/span><\/span><span class=\"updated\" style=\"display:none;\">2023-03-21T13:16:39+01:00<\/span><span>02-02-2023<\/span><span class=\"fusion-inline-sep\">|<\/span><\/div><\/div><\/article>\n<article id=\"blog-1-post-5311\" class=\"fusion-post-medium post-5311 post type-post status-publish format-standard has-post-thumbnail hentry category-news-fr\">\n\t<style type=\"text\/css\">\n\t\t\n\t\t\n\t\t\n\t\t\n\t\t\t<\/style>\n\n\n\t\t\t<div class=\"fusion-flexslider flexslider fusion-flexslider-loading fusion-post-slideshow\" style=\"\">\n\t\t<ul class=\"slides\">\n\t\t\t\n\t\t\t\t\t\t\t\t\t\t\t\t\t\t<li><div  class=\"fusion-image-wrapper fusion-image-size-fixed\" aria-haspopup=\"true\">\n\t\t\t\t  \t\t\t<a href=\"https:\/\/www.fibcnet.com\/fr\/nous-avons-rendez-vous-a-empack-2022\/\" aria-label=\"Nous avons rendez-vous \u00e0 EMPACK 2022.\">\n\t\t\t\t\t\t\t<img decoding=\"async\" width=\"320\" height=\"202\" src=\"https:\/\/www.fibcnet.com\/wp-content\/uploads\/2022\/10\/empack2022-2-320x202.jpg\" class=\"attachment-blog-medium size-blog-medium wp-post-image\" alt=\"\" srcset=\"https:\/\/www.fibcnet.com\/wp-content\/uploads\/2022\/10\/empack2022-2-320x202.jpg 320w, https:\/\/www.fibcnet.com\/wp-content\/uploads\/2022\/10\/empack2022-2-700x441.jpg 700w\" sizes=\"(max-width: 320px) 100vw, 320px\" \/>\t\t\t<\/a>\n\t\t\t\t\t\t\t\t<\/div>\n<\/li>\n\t\t\t\n\t\t\t\n\t\t\t\t\t\t\t\t\t\t\t\t\t\t\t\t\t\t\t\t\t\t\t\t\t\t\t\t\t\t\t\t\t\t\t\t\t\t\t\t\t\t\t\t\t\t\t\t\t\t\t\t\t\t\t\t\t\t\t\t\t\t\t\t\t\t\t\t<\/ul>\n\t<\/div>\n\t<div class=\"fusion-post-content post-content\"><h2 class=\"blog-shortcode-post-title entry-title\"><a href=\"https:\/\/www.fibcnet.com\/fr\/nous-avons-rendez-vous-a-empack-2022\/\">Nous avons rendez-vous \u00e0 EMPACK 2022.<\/a><\/h2><div class=\"fusion-post-content-container\"><p> Les 26 et 27 octobre, nous serons \u00e0 EMPACK [...]<\/p><\/div><\/div><div class=\"fusion-clearfix\"><\/div><div class=\"fusion-meta-info\"><div class=\"fusion-alignleft\"><span class=\"vcard\" style=\"display: none;\"><span class=\"fn\"><a href=\"https:\/\/www.fibcnet.com\/fr\/author\/ente\/\" title=\"Articles par dmacia\" rel=\"author\">dmacia<\/a><\/span><\/span><span class=\"updated\" style=\"display:none;\">2022-10-25T11:34:28+02:00<\/span><span>25-10-2022<\/span><span class=\"fusion-inline-sep\">|<\/span><\/div><\/div><\/article>\n<article id=\"blog-1-post-5355\" class=\"fusion-post-medium post-5355 post type-post status-publish format-standard has-post-thumbnail hentry category-news-fr\">\n\t<style type=\"text\/css\">\n\t\t\n\t\t\n\t\t\n\t\t\n\t\t\t<\/style>\n\n\n\t\t\t<div class=\"fusion-flexslider flexslider fusion-flexslider-loading fusion-post-slideshow\" style=\"\">\n\t\t<ul class=\"slides\">\n\t\t\t\n\t\t\t\t\t\t\t\t\t\t\t\t\t\t<li><div  class=\"fusion-image-wrapper fusion-image-size-fixed\" aria-haspopup=\"true\">\n\t\t\t\t  \t\t\t<a href=\"https:\/\/www.fibcnet.com\/fr\/nous-etions-a-hispack-2022\/\" aria-label=\"Nous \u00e9tions \u00e0 HISPACK 2022\">\n\t\t\t\t\t\t\t<img decoding=\"async\" width=\"320\" height=\"202\" src=\"https:\/\/www.fibcnet.com\/wp-content\/uploads\/2022\/10\/WhatsApp-Image-2022-10-20-at-10.00.23-320x202.jpeg\" class=\"attachment-blog-medium size-blog-medium wp-post-image\" alt=\"\" srcset=\"https:\/\/www.fibcnet.com\/wp-content\/uploads\/2022\/10\/WhatsApp-Image-2022-10-20-at-10.00.23-320x202.jpeg 320w, https:\/\/www.fibcnet.com\/wp-content\/uploads\/2022\/10\/WhatsApp-Image-2022-10-20-at-10.00.23-700x441.jpeg 700w\" sizes=\"(max-width: 320px) 100vw, 320px\" \/>\t\t\t<\/a>\n\t\t\t\t\t\t\t\t<\/div>\n<\/li>\n\t\t\t\n\t\t\t\n\t\t\t\t\t\t\t\t\t\t\t\t\t\t\t\t\t\t\t\t\t\t\t\t\t\t\t\t\t\t\t\t\t\t\t\t\t\t\t\t\t\t\t\t\t\t\t\t\t\t\t\t\t\t\t\t\t\t\t\t\t\t\t\t\t\t\t\t<\/ul>\n\t<\/div>\n\t<div class=\"fusion-post-content post-content\"><h2 class=\"blog-shortcode-post-title entry-title\"><a href=\"https:\/\/www.fibcnet.com\/fr\/nous-etions-a-hispack-2022\/\">Nous \u00e9tions \u00e0 HISPACK 2022<\/a><\/h2><div class=\"fusion-post-content-container\"><p> Apr\u00e8s les restrictions impos\u00e9es par la pand\u00e9mie de COVID-19, [...]<\/p><\/div><\/div><div class=\"fusion-clearfix\"><\/div><div class=\"fusion-meta-info\"><div class=\"fusion-alignleft\"><span class=\"vcard\" style=\"display: none;\"><span class=\"fn\"><a href=\"https:\/\/www.fibcnet.com\/fr\/author\/ente\/\" title=\"Articles par dmacia\" rel=\"author\">dmacia<\/a><\/span><\/span><span class=\"updated\" style=\"display:none;\">2022-10-25T14:15:47+02:00<\/span><span>25-06-2022<\/span><span class=\"fusion-inline-sep\">|<\/span><\/div><\/div><\/article>\n<\/div><div class=\"pagination clearfix\"><span class=\"current\">1<\/span><a href=\"https:\/\/www.fibcnet.com\/fr\/wp-json\/wp\/v2\/pages\/3647\/page\/2\/\" class=\"inactive\">2<\/a><a class=\"pagination-next\" rel=\"next\" href=\"https:\/\/www.fibcnet.com\/fr\/wp-json\/wp\/v2\/pages\/3647\/page\/2\/\"><span class=\"page-text\">Next<\/span><span class=\"page-next\"><\/span><\/a><\/div><div class=\"fusion-clearfix\"><\/div><\/div><div class=\"fusion-sep-clear\"><\/div><div class=\"fusion-separator fusion-full-width-sep\" style=\"margin-left: auto;margin-right: auto;margin-top:30px;width:100%;\"><\/div><div class=\"fusion-sep-clear\"><\/div><div class=\"fusion-clearfix\"><\/div><\/div><\/div><div class=\"fusion-layout-column fusion_builder_column fusion-builder-column-3 fusion_builder_column_1_6 1_6 fusion-one-sixth fusion-column-last\" style=\"width:13.3333%;margin-top:0px;margin-bottom:20px;\"><div class=\"fusion-column-wrapper fusion-flex-column-wrapper-legacy\" style=\"background-position:left top;background-repeat:no-repeat;-webkit-background-size:cover;-moz-background-size:cover;-o-background-size:cover;background-size:cover;background-color:#f2f2f2;padding: 0px 0px 0px 0px;\"><div class=\"fusion-sep-clear\"><\/div><div class=\"fusion-separator fusion-full-width-sep\" style=\"margin-left: auto;margin-right: auto;margin-top:30px;width:100%;\"><\/div><div class=\"fusion-sep-clear\"><\/div><div class=\"fusion-clearfix\"><\/div><\/div><\/div><\/div><\/div><\/p>\n","protected":false},"excerpt":{"rendered":"","protected":false},"author":2,"featured_media":0,"parent":0,"menu_order":0,"comment_status":"closed","ping_status":"closed","template":"100-width.php","meta":{"footnotes":""},"class_list":["post-3647","page","type-page","status-publish","hentry"],"_links":{"self":[{"href":"https:\/\/www.fibcnet.com\/fr\/wp-json\/wp\/v2\/pages\/3647","targetHints":{"allow":["GET"]}}],"collection":[{"href":"https:\/\/www.fibcnet.com\/fr\/wp-json\/wp\/v2\/pages"}],"about":[{"href":"https:\/\/www.fibcnet.com\/fr\/wp-json\/wp\/v2\/types\/page"}],"author":[{"embeddable":true,"href":"https:\/\/www.fibcnet.com\/fr\/wp-json\/wp\/v2\/users\/2"}],"replies":[{"embeddable":true,"href":"https:\/\/www.fibcnet.com\/fr\/wp-json\/wp\/v2\/comments?post=3647"}],"version-history":[{"count":8,"href":"https:\/\/www.fibcnet.com\/fr\/wp-json\/wp\/v2\/pages\/3647\/revisions"}],"predecessor-version":[{"id":3655,"href":"https:\/\/www.fibcnet.com\/fr\/wp-json\/wp\/v2\/pages\/3647\/revisions\/3655"}],"wp:attachment":[{"href":"https:\/\/www.fibcnet.com\/fr\/wp-json\/wp\/v2\/media?parent=3647"}],"curies":[{"name":"wp","href":"https:\/\/api.w.org\/{rel}","templated":true}]}}