{"id":3710,"date":"2018-05-31T17:29:02","date_gmt":"2018-05-31T17:29:02","guid":{"rendered":"http:\/\/www.fibcnet.com\/?page_id=3710"},"modified":"2021-11-29T10:56:04","modified_gmt":"2021-11-29T09:56:04","slug":"systemes-de-qualite","status":"publish","type":"page","link":"https:\/\/www.fibcnet.com\/fr\/systemes-de-qualite\/","title":{"rendered":"Syst\u00e8mes de qualit\u00e9"},"content":{"rendered":"<p><div class=\"fusion-fullwidth fullwidth-box fusion-builder-row-1 nonhundred-percent-fullwidth non-hundred-percent-height-scrolling\" style=\"background-color: #fbc918;background-position: left top;background-repeat: no-repeat;padding-top:0px;padding-right:0px;padding-bottom:0px;padding-left:0px;margin-bottom: 0px;margin-top: 0px;border-width: 0px 0px 0px 0px;border-color:#eae9e9;border-style:solid;\" ><div class=\"fusion-builder-row fusion-row\"><div class=\"fusion-layout-column fusion_builder_column fusion-builder-column-0 fusion_builder_column_1_1 1_1 fusion-one-full fusion-column-first fusion-column-last fusion-animated\" style=\"margin-top:0px;margin-bottom:20px;\" data-animationType=\"fadeInDown\" data-animationDuration=\"1.0\" data-animationOffset=\"top-into-view\"><div class=\"fusion-column-wrapper fusion-flex-column-wrapper-legacy\" style=\"background-position:left top;background-repeat:no-repeat;-webkit-background-size:cover;-moz-background-size:cover;-o-background-size:cover;background-size:cover;padding: 0px 0px 0px 0px;\"><div class=\"fusion-sep-clear\"><\/div><div class=\"fusion-separator fusion-full-width-sep\" style=\"margin-left: auto;margin-right: auto;margin-top:30px;margin-bottom:30px;width:100%;\"><\/div><div class=\"fusion-sep-clear\"><\/div><div class=\"fusion-text fusion-text-1\"><h1 style=\"text-align: center;\">Syst\u00e8mes de qualit\u00e9<\/h1>\n<\/div><div class=\"fusion-sep-clear\"><\/div><div class=\"fusion-separator fusion-full-width-sep\" style=\"margin-left: auto;margin-right: auto;margin-top:5px;margin-bottom:5px;width:100%;\"><\/div><div class=\"fusion-sep-clear\"><\/div><div class=\"fusion-clearfix\"><\/div><\/div><\/div><\/div><\/div><div class=\"fusion-fullwidth fullwidth-box fusion-builder-row-2 nonhundred-percent-fullwidth non-hundred-percent-height-scrolling\" style=\"background-color: #f2f2f2;background-position: left top;background-repeat: no-repeat;padding-top:0px;padding-right:0px;padding-bottom:0px;padding-left:0px;margin-bottom: 0px;margin-top: 0px;border-width: 0px 0px 0px 0px;border-color:#eae9e9;border-style:solid;\" ><div class=\"fusion-builder-row fusion-row\"><div class=\"fusion-layout-column fusion_builder_column fusion-builder-column-1 fusion_builder_column_1_1 1_1 fusion-one-full fusion-column-first fusion-column-last\" style=\"margin-top:0px;margin-bottom:20px;\"><div class=\"fusion-column-wrapper fusion-flex-column-wrapper-legacy\" style=\"background-position:left top;background-repeat:no-repeat;-webkit-background-size:cover;-moz-background-size:cover;-o-background-size:cover;background-size:cover;background-color:#f2f2f2;padding: 0px 0px 0px 0px;\"><div class=\"fusion-sep-clear\"><\/div><div class=\"fusion-separator fusion-full-width-sep\" style=\"margin-left: auto;margin-right: auto;margin-top:30px;width:100%;\"><\/div><div class=\"fusion-sep-clear\"><\/div><div class=\"fusion-clearfix\"><\/div><\/div><\/div><div class=\"fusion-layout-column fusion_builder_column fusion-builder-column-2 fusion_builder_column_1_5 1_5 fusion-one-fifth fusion-column-first\" style=\"width:16.8%; margin-right: 4%;margin-top:0px;margin-bottom:20px;\"><div class=\"fusion-column-wrapper fusion-flex-column-wrapper-legacy\" style=\"background-position:left top;background-repeat:no-repeat;-webkit-background-size:cover;-moz-background-size:cover;-o-background-size:cover;background-size:cover;background-color:#f2f2f2;padding: 0px 0px 0px 0px;\"><div class=\"fusion-align-block\"><style type=\"text\/css\">.fusion-button.button-1 .fusion-button-text, .fusion-button.button-1 i {color:#666666;}.fusion-button.button-1 .fusion-button-icon-divider{border-color:#666666;}.fusion-button.button-1:hover .fusion-button-text, .fusion-button.button-1:hover i,.fusion-button.button-1:focus .fusion-button-text, .fusion-button.button-1:focus i,.fusion-button.button-1:active .fusion-button-text, .fusion-button.button-1:active{color:#666666;}.fusion-button.button-1:hover .fusion-button-icon-divider, .fusion-button.button-1:hover .fusion-button-icon-divider, .fusion-button.button-1:active .fusion-button-icon-divider{border-color:#666666;}.fusion-button.button-1:hover, .fusion-button.button-1:focus, .fusion-button.button-1:active{border-color:#666666;}.fusion-button.button-1 {border-color:#666666;border-radius:0px;}.fusion-button.button-1{background: #ffffff;}.fusion-button.button-1:hover,.button-1:focus,.fusion-button.button-1:active{background: #fecc33;}<\/style><a class=\"fusion-button button-flat fusion-button-default-size button-custom button-1 fusion-button-span-yes \" target=\"_self\" href=\"#ISO9001\"><span class=\"fusion-button-text\">QUALIT\u00c9 CERTIFI\u00c9E \u2013 ISO 9001<\/span><\/a><\/div><div class=\"fusion-sep-clear\"><\/div><div class=\"fusion-separator fusion-full-width-sep\" style=\"margin-left: auto;margin-right: auto;margin-top:5px;margin-bottom:5px;width:100%;\"><\/div><div class=\"fusion-sep-clear\"><\/div><div class=\"fusion-align-block\"><style type=\"text\/css\">.fusion-button.button-2 .fusion-button-text, .fusion-button.button-2 i {color:#666666;}.fusion-button.button-2 .fusion-button-icon-divider{border-color:#666666;}.fusion-button.button-2:hover .fusion-button-text, .fusion-button.button-2:hover i,.fusion-button.button-2:focus .fusion-button-text, .fusion-button.button-2:focus i,.fusion-button.button-2:active .fusion-button-text, .fusion-button.button-2:active{color:#666666;}.fusion-button.button-2:hover .fusion-button-icon-divider, .fusion-button.button-2:hover .fusion-button-icon-divider, .fusion-button.button-2:active .fusion-button-icon-divider{border-color:#666666;}.fusion-button.button-2:hover, .fusion-button.button-2:focus, .fusion-button.button-2:active{border-color:#666666;}.fusion-button.button-2 {border-color:#666666;border-radius:0px;}.fusion-button.button-2{background: #ffffff;}.fusion-button.button-2:hover,.button-2:focus,.fusion-button.button-2:active{background: #fecc33;}<\/style><a class=\"fusion-button button-flat fusion-button-default-size button-custom button-2 fusion-button-span-yes \" target=\"_self\" href=\"#ensayos\"><span class=\"fusion-button-text\">ESSAIS DE QUALIT\u00c9<\/span><\/a><\/div><div class=\"fusion-sep-clear\"><\/div><div class=\"fusion-separator fusion-full-width-sep\" style=\"margin-left: auto;margin-right: auto;margin-top:5px;margin-bottom:5px;width:100%;\"><\/div><div class=\"fusion-sep-clear\"><\/div><div class=\"fusion-align-block\"><style type=\"text\/css\">.fusion-button.button-3 .fusion-button-text, .fusion-button.button-3 i {color:#666666;}.fusion-button.button-3 .fusion-button-icon-divider{border-color:#666666;}.fusion-button.button-3:hover .fusion-button-text, .fusion-button.button-3:hover i,.fusion-button.button-3:focus .fusion-button-text, .fusion-button.button-3:focus i,.fusion-button.button-3:active .fusion-button-text, .fusion-button.button-3:active{color:#666666;}.fusion-button.button-3:hover .fusion-button-icon-divider, .fusion-button.button-3:hover .fusion-button-icon-divider, .fusion-button.button-3:active .fusion-button-icon-divider{border-color:#666666;}.fusion-button.button-3:hover, .fusion-button.button-3:focus, .fusion-button.button-3:active{border-color:#666666;}.fusion-button.button-3 {border-color:#666666;border-radius:0px;}.fusion-button.button-3{background: #ffffff;}.fusion-button.button-3:hover,.button-3:focus,.fusion-button.button-3:active{background: #fecc33;}<\/style><a class=\"fusion-button button-flat fusion-button-default-size button-custom button-3 fusion-button-span-yes \" target=\"_self\" href=\"#satisfaccion\"><span class=\"fusion-button-text\">SATISFACTION DES CLIENTS<\/span><\/a><\/div><div class=\"fusion-clearfix\"><\/div><\/div><\/div><div class=\"fusion-layout-column fusion_builder_column fusion-builder-column-3 fusion_builder_column_1_3 1_3 fusion-one-third\" style=\"width:30.6666%; margin-right: 4%;margin-top:0px;margin-bottom:20px;\"><div class=\"fusion-column-wrapper fusion-flex-column-wrapper-legacy\" style=\"background-position:left top;background-repeat:no-repeat;-webkit-background-size:cover;-moz-background-size:cover;-o-background-size:cover;background-size:cover;background-color:#f2f2f2;padding: 0px 0px 0px 0px;\"><div class=\"fusion-menu-anchor\" id=\"ISO9001\"><\/div><style type=\"text\/css\">.fusion-gallery-1 .fusion-gallery-image {border:0px solid #f6f6f6;}<\/style><div class=\"fusion-gallery fusion-gallery-container fusion-grid-1 fusion-columns-total-2 fusion-gallery-layout-grid fusion-gallery-1\" style=\"margin:-5px;\"><div style=\"padding:5px;\" class=\"fusion-grid-column fusion-gallery-column fusion-gallery-column-1 hover-type-none\"><div class=\"fusion-gallery-image\"><img decoding=\"async\" src=\"https:\/\/www.fibcnet.com\/wp-content\/uploads\/2018\/03\/IMG_1932-460x295.jpg\" width=\"460\" height=\"295\" alt=\"\" title=\"IMG_1932\" aria-label=\"IMG_1932\" class=\"img-responsive wp-image-2351 fusion-gallery-image-size-fixed\" \/><\/div><\/div><div class=\"clearfix\"><\/div><div style=\"padding:5px;\" class=\"fusion-grid-column fusion-gallery-column fusion-gallery-column-1 hover-type-none\"><div class=\"fusion-gallery-image\"><img decoding=\"async\" src=\"https:\/\/www.fibcnet.com\/wp-content\/uploads\/2018\/03\/CERTIFICADO-BRC-460x295.jpg\" width=\"460\" height=\"295\" alt=\"\" title=\"CERTIFICADO BRC\" aria-label=\"CERTIFICADO BRC\" class=\"img-responsive wp-image-2352 fusion-gallery-image-size-fixed\" \/><\/div><\/div><div class=\"clearfix\"><\/div><\/div><div class=\"fusion-clearfix\"><\/div><\/div><\/div><div class=\"fusion-layout-column fusion_builder_column fusion-builder-column-4 fusion_builder_column_2_5 2_5 fusion-two-fifth\" style=\"width:37.6%; margin-right: 4%;margin-top:0px;margin-bottom:20px;\"><div class=\"fusion-column-wrapper fusion-flex-column-wrapper-legacy\" style=\"background-position:left top;background-repeat:no-repeat;-webkit-background-size:cover;-moz-background-size:cover;-o-background-size:cover;background-size:cover;background-color:#f2f2f2;padding: 0px 0px 0px 0px;\"><div class=\"fusion-text fusion-text-2\"><h2>Qualit\u00e9 certifi\u00e9e \u2013 ISO\u00a09001<\/h2>\n<p style=\"text-align: justify;\">CLIMESA poss\u00e8de la certification ISO\u00a09001 depuis plus de 20\u00a0ans sans interruption. CLIMESA s\u2019engage \u00e0 maintenir une forte satisfaction de ses clients, reflet de la qualit\u00e9 de ses produits et de son excellent travail, ainsi que de l\u2019\u00e9quipe qui compose l\u2019organisation.<\/p>\n<p style=\"text-align: justify;\">La structure de l\u2019entreprise est \u00e9tablie selon des processus clairement d\u00e9finis et ax\u00e9s sur le respect des exigences des clients, de la mani\u00e8re la plus efficace possible. Cela nous oblige \u00e0 surveiller et \u00e0 \u00e9valuer tous ces processus de mani\u00e8re continue afin de garantir le bon r\u00e9sultat des t\u00e2ches, tout en optimisant les ressources et les co\u00fbts.<\/p>\n<p style=\"text-align: justify;\">Gr\u00e2ce \u00e0 cela, CLIMESA poss\u00e8de une structure commerciale forte, qui renvoie une image positive sur le march\u00e9 et lui permet de se distinguer dans le secteur.<\/p>\n<\/div><div class=\"fusion-clearfix\"><\/div><\/div><\/div><div class=\"fusion-layout-column fusion_builder_column fusion-builder-column-5 fusion_builder_column_1_1 1_1 fusion-one-full fusion-column-last\" style=\"margin-top:0px;margin-bottom:20px;\"><div class=\"fusion-column-wrapper fusion-flex-column-wrapper-legacy\" style=\"background-position:left top;background-repeat:no-repeat;-webkit-background-size:cover;-moz-background-size:cover;-o-background-size:cover;background-size:cover;background-color:#f2f2f2;padding: 0px 0px 0px 0px;\"><div class=\"fusion-sep-clear\"><\/div><div class=\"fusion-separator fusion-full-width-sep\" style=\"margin-left: auto;margin-right: auto;margin-top:5px;margin-bottom:5px;width:100%;\"><\/div><div class=\"fusion-sep-clear\"><\/div><div class=\"fusion-clearfix\"><\/div><\/div><\/div><div class=\"fusion-layout-column fusion_builder_column fusion-builder-column-6 fusion_builder_column_1_5 1_5 fusion-one-fifth fusion-column-first\" style=\"width:16.8%; margin-right: 4%;margin-top:0px;margin-bottom:20px;\"><div class=\"fusion-column-wrapper fusion-flex-column-wrapper-legacy\" style=\"background-position:left top;background-repeat:no-repeat;-webkit-background-size:cover;-moz-background-size:cover;-o-background-size:cover;background-size:cover;background-color:#f2f2f2;padding: 0px 0px 0px 0px;\"><div class=\"fusion-sep-clear\"><\/div><div class=\"fusion-separator fusion-full-width-sep\" style=\"margin-left: auto;margin-right: auto;margin-top:5px;margin-bottom:5px;width:100%;\"><\/div><div class=\"fusion-sep-clear\"><\/div><div class=\"fusion-clearfix\"><\/div><\/div><\/div><div class=\"fusion-layout-column fusion_builder_column fusion-builder-column-7 fusion_builder_column_1_3 1_3 fusion-one-third\" style=\"width:30.6666%; margin-right: 4%;margin-top:0px;margin-bottom:20px;\"><div class=\"fusion-column-wrapper fusion-flex-column-wrapper-legacy\" style=\"background-position:left top;background-repeat:no-repeat;-webkit-background-size:cover;-moz-background-size:cover;-o-background-size:cover;background-size:cover;background-color:#f2f2f2;padding: 0px 0px 0px 0px;\"><div class=\"fusion-menu-anchor\" id=\"ensayos\"><\/div><style type=\"text\/css\">.fusion-gallery-2 .fusion-gallery-image {border:0px solid #f6f6f6;}<\/style><div class=\"fusion-gallery fusion-gallery-container fusion-grid-1 fusion-columns-total-1 fusion-gallery-layout-grid fusion-gallery-2\" style=\"margin:-5px;\"><div style=\"padding:5px;\" class=\"fusion-grid-column fusion-gallery-column fusion-gallery-column-1 hover-type-none\"><div class=\"fusion-gallery-image\"><img decoding=\"async\" src=\"https:\/\/www.fibcnet.com\/wp-content\/uploads\/2018\/03\/IMG_1958-460x295.jpg\" width=\"460\" height=\"295\" alt=\"\" title=\"IMG_1958\" aria-label=\"IMG_1958\" class=\"img-responsive wp-image-2356 fusion-gallery-image-size-fixed\" \/><\/div><\/div><div class=\"clearfix\"><\/div><\/div><div class=\"fusion-clearfix\"><\/div><\/div><\/div><div class=\"fusion-layout-column fusion_builder_column fusion-builder-column-8 fusion_builder_column_2_5 2_5 fusion-two-fifth\" style=\"width:37.6%; margin-right: 4%;margin-top:0px;margin-bottom:20px;\"><div class=\"fusion-column-wrapper fusion-flex-column-wrapper-legacy\" style=\"background-position:left top;background-repeat:no-repeat;-webkit-background-size:cover;-moz-background-size:cover;-o-background-size:cover;background-size:cover;background-color:#f2f2f2;padding: 0px 0px 0px 0px;\"><div class=\"fusion-text fusion-text-3\"><h2>Essais de qualit\u00e9<\/h2>\n<p class=\"p1\">Chez CLIMESA, nous r\u00e9alisons plusieurs contr\u00f4les et essais de qualit\u00e9 sur les conteneurs flexibles afin de garantir qu\u2019ils satisfont aux obligations l\u00e9gales ainsi qu\u2019aux exigences de nos clients. L\u2019entreprise dispose de tous les \u00e9quipements d\u2019essais n\u00e9cessaires et du personnel qualifi\u00e9 pour leur utilisation.<\/p>\n<p class=\"p1\">Le principal essai r\u00e9alis\u00e9 est celui de la traction, qui teste la r\u00e9sistance m\u00e9canique des conteneurs flexibles. La norme UNE-EN ISO 21898:2004, Grands r\u00e9cipients vrac souples (FIBC) pour mati\u00e8res non dangereuses, est appliqu\u00e9e lors de ces essais. L\u2019objectif principal est de d\u00e9montrer, selon des conditions \u00e9tablies, la capacit\u00e9 de charge et de s\u2019assurer de son facteur de s\u00e9curit\u00e9 op\u00e9rationnelle.<\/p>\n<p class=\"p1\">Un autre essai fondamental est celui de la v\u00e9rification des propri\u00e9t\u00e9s \u00e9lectrostatiques des conteneurs flexibles. CLIMESA fabrique tous types de conteneurs flexibles destin\u00e9s \u00e0 garantir la s\u00e9curit\u00e9 dans les environnements de travail dans lesquels existe un risque d\u2019accumulation de charges \u00e9lectrostatiques dans les conteneurs. Pour cela, des v\u00e9rifications conformes \u00e0 la norme CEI\u00a061340-4-4, M\u00e9thodes d\u2019essai normalis\u00e9es pour des applications sp\u00e9cifiques\u00a0\u2013 Classification \u00e9lectrostatique des grands r\u00e9cipients pour vrac souples (FIBC), sont r\u00e9alis\u00e9es afin d\u2019analyser si les tissus ou les d\u00e9viations de courant \u00e0 la terre fonctionnent correctement.<\/p>\n<\/div><div class=\"fusion-clearfix\"><\/div><\/div><\/div><div class=\"fusion-layout-column fusion_builder_column fusion-builder-column-9 fusion_builder_column_1_1 1_1 fusion-one-full fusion-column-last\" style=\"margin-top:0px;margin-bottom:20px;\"><div class=\"fusion-column-wrapper fusion-flex-column-wrapper-legacy\" style=\"background-position:left top;background-repeat:no-repeat;-webkit-background-size:cover;-moz-background-size:cover;-o-background-size:cover;background-size:cover;background-color:#f2f2f2;padding: 0px 0px 0px 0px;\"><div class=\"fusion-sep-clear\"><\/div><div class=\"fusion-separator fusion-full-width-sep\" style=\"margin-left: auto;margin-right: auto;margin-top:5px;margin-bottom:5px;width:100%;\"><\/div><div class=\"fusion-sep-clear\"><\/div><div class=\"fusion-clearfix\"><\/div><\/div><\/div><div class=\"fusion-layout-column fusion_builder_column fusion-builder-column-10 fusion_builder_column_1_5 1_5 fusion-one-fifth fusion-column-first\" style=\"width:16.8%; margin-right: 4%;margin-top:0px;margin-bottom:20px;\"><div class=\"fusion-column-wrapper fusion-flex-column-wrapper-legacy\" style=\"background-position:left top;background-repeat:no-repeat;-webkit-background-size:cover;-moz-background-size:cover;-o-background-size:cover;background-size:cover;background-color:#f2f2f2;padding: 0px 0px 0px 0px;\"><div class=\"fusion-sep-clear\"><\/div><div class=\"fusion-separator fusion-full-width-sep\" style=\"margin-left: auto;margin-right: auto;margin-top:5px;margin-bottom:5px;width:100%;\"><\/div><div class=\"fusion-sep-clear\"><\/div><div class=\"fusion-clearfix\"><\/div><\/div><\/div><div class=\"fusion-layout-column fusion_builder_column fusion-builder-column-11 fusion_builder_column_1_3 1_3 fusion-one-third\" style=\"width:30.6666%; margin-right: 4%;margin-top:0px;margin-bottom:20px;\"><div class=\"fusion-column-wrapper fusion-flex-column-wrapper-legacy\" style=\"background-position:left top;background-repeat:no-repeat;-webkit-background-size:cover;-moz-background-size:cover;-o-background-size:cover;background-size:cover;background-color:#f2f2f2;padding: 0px 0px 0px 0px;\"><div class=\"fusion-menu-anchor\" id=\"satisfaccion\"><\/div><style type=\"text\/css\">.fusion-gallery-3 .fusion-gallery-image {border:0px solid #f6f6f6;}<\/style><div class=\"fusion-gallery fusion-gallery-container fusion-grid-1 fusion-columns-total-1 fusion-gallery-layout-grid fusion-gallery-3\" style=\"margin:-5px;\"><div style=\"padding:5px;\" class=\"fusion-grid-column fusion-gallery-column fusion-gallery-column-1 hover-type-none\"><div class=\"fusion-gallery-image\"><img decoding=\"async\" src=\"https:\/\/www.fibcnet.com\/wp-content\/uploads\/2021\/11\/Ejemplo-grafico-Calidad-scaled.jpg\" width=\"2560\" height=\"1187\" alt=\"\" title=\"TOP 25 Interloc 2017.xlsx\" aria-label=\"TOP 25 Interloc 2017.xlsx\" class=\"img-responsive wp-image-5225\" srcset=\"https:\/\/www.fibcnet.com\/wp-content\/uploads\/2021\/11\/Ejemplo-grafico-Calidad-200x93.jpg 200w, https:\/\/www.fibcnet.com\/wp-content\/uploads\/2021\/11\/Ejemplo-grafico-Calidad-400x186.jpg 400w, https:\/\/www.fibcnet.com\/wp-content\/uploads\/2021\/11\/Ejemplo-grafico-Calidad-600x278.jpg 600w, https:\/\/www.fibcnet.com\/wp-content\/uploads\/2021\/11\/Ejemplo-grafico-Calidad-800x371.jpg 800w, https:\/\/www.fibcnet.com\/wp-content\/uploads\/2021\/11\/Ejemplo-grafico-Calidad-1200x557.jpg 1200w, https:\/\/www.fibcnet.com\/wp-content\/uploads\/2021\/11\/Ejemplo-grafico-Calidad-scaled.jpg 2560w\" sizes=\"(min-width: 2200px) 100vw, (min-width: 640px) 1100px, \" \/><\/div><\/div><div class=\"clearfix\"><\/div><\/div><div class=\"fusion-clearfix\"><\/div><\/div><\/div><div class=\"fusion-layout-column fusion_builder_column fusion-builder-column-12 fusion_builder_column_2_5 2_5 fusion-two-fifth\" style=\"width:37.6%; margin-right: 4%;margin-top:0px;margin-bottom:20px;\"><div class=\"fusion-column-wrapper fusion-flex-column-wrapper-legacy\" style=\"background-position:left top;background-repeat:no-repeat;-webkit-background-size:cover;-moz-background-size:cover;-o-background-size:cover;background-size:cover;background-color:#f2f2f2;padding: 0px 0px 0px 0px;\"><div class=\"fusion-text fusion-text-4\"><h2>Satisfaction des clients<\/h2>\n<p class=\"p1\">L\u2019objectif principal de l\u2019activit\u00e9 de CLIMESA est de r\u00e9pondre \u00e0 toutes les exigences et attentes de ses clients, dont la satisfaction optimale aide \u00e0 cr\u00e9er et maintenir de fortes relations de confiance.<\/p>\n<p class=\"p1\">Les donn\u00e9es recueillies chaque ann\u00e9e lors des enqu\u00eates de satisfaction ne font que confirmer l\u2019excellente qualit\u00e9 des produits et des services offerts par CLIMESA.<\/p>\n<p class=\"p1\">Cette bonne image de marque nous permet de nous introduire dans tous les environnements et de r\u00e9ussir d\u00e8s les pr\u00e9mices des relations.<\/p>\n<\/div><div class=\"fusion-clearfix\"><\/div><\/div><\/div><\/div><\/div><\/p>\n","protected":false},"excerpt":{"rendered":"","protected":false},"author":2,"featured_media":0,"parent":0,"menu_order":0,"comment_status":"closed","ping_status":"closed","template":"100-width.php","meta":{"footnotes":""},"class_list":["post-3710","page","type-page","status-publish","hentry"],"_links":{"self":[{"href":"https:\/\/www.fibcnet.com\/fr\/wp-json\/wp\/v2\/pages\/3710","targetHints":{"allow":["GET"]}}],"collection":[{"href":"https:\/\/www.fibcnet.com\/fr\/wp-json\/wp\/v2\/pages"}],"about":[{"href":"https:\/\/www.fibcnet.com\/fr\/wp-json\/wp\/v2\/types\/page"}],"author":[{"embeddable":true,"href":"https:\/\/www.fibcnet.com\/fr\/wp-json\/wp\/v2\/users\/2"}],"replies":[{"embeddable":true,"href":"https:\/\/www.fibcnet.com\/fr\/wp-json\/wp\/v2\/comments?post=3710"}],"version-history":[{"count":8,"href":"https:\/\/www.fibcnet.com\/fr\/wp-json\/wp\/v2\/pages\/3710\/revisions"}],"predecessor-version":[{"id":5231,"href":"https:\/\/www.fibcnet.com\/fr\/wp-json\/wp\/v2\/pages\/3710\/revisions\/5231"}],"wp:attachment":[{"href":"https:\/\/www.fibcnet.com\/fr\/wp-json\/wp\/v2\/media?parent=3710"}],"curies":[{"name":"wp","href":"https:\/\/api.w.org\/{rel}","templated":true}]}}