{"id":3717,"date":"2018-05-31T17:37:17","date_gmt":"2018-05-31T17:37:17","guid":{"rendered":"http:\/\/www.fibcnet.com\/?page_id=3717"},"modified":"2018-05-31T17:37:17","modified_gmt":"2018-05-31T17:37:17","slug":"qualite","status":"publish","type":"page","link":"https:\/\/www.fibcnet.com\/fr\/qualite\/","title":{"rendered":"QUALIT\u00c9"},"content":{"rendered":"<p><div class=\"fusion-fullwidth fullwidth-box fusion-builder-row-1 nonhundred-percent-fullwidth non-hundred-percent-height-scrolling\" style=\"background-color: #fbc918;background-position: left top;background-repeat: no-repeat;padding-top:0px;padding-right:0px;padding-bottom:0px;padding-left:0px;margin-bottom: 0px;margin-top: 0px;border-width: 0px 0px 0px 0px;border-color:#eae9e9;border-style:solid;\" ><div class=\"fusion-builder-row fusion-row\"><div class=\"fusion-layout-column fusion_builder_column fusion-builder-column-0 fusion_builder_column_1_1 1_1 fusion-one-full fusion-column-first fusion-column-last fusion-animated\" style=\"margin-top:0px;margin-bottom:20px;\" data-animationType=\"fadeInDown\" data-animationDuration=\"1.0\" data-animationOffset=\"top-into-view\"><div class=\"fusion-column-wrapper fusion-flex-column-wrapper-legacy\" style=\"background-position:left top;background-repeat:no-repeat;-webkit-background-size:cover;-moz-background-size:cover;-o-background-size:cover;background-size:cover;padding: 0px 0px 0px 0px;\"><div class=\"fusion-sep-clear\"><\/div><div class=\"fusion-separator fusion-full-width-sep\" style=\"margin-left: auto;margin-right: auto;margin-top:30px;margin-bottom:30px;width:100%;\"><\/div><div class=\"fusion-sep-clear\"><\/div><div class=\"fusion-text fusion-text-1\"><h1 style=\"text-align: center;\">Gestion de la qualit\u00e9<\/h1>\n<h2 style=\"text-align: center;\">Am\u00e9lioration continue<\/h2>\n<\/div><div class=\"fusion-sep-clear\"><\/div><div class=\"fusion-separator fusion-full-width-sep\" style=\"margin-left: auto;margin-right: auto;margin-top:5px;margin-bottom:5px;width:100%;\"><\/div><div class=\"fusion-sep-clear\"><\/div><div class=\"fusion-clearfix\"><\/div><\/div><\/div><\/div><\/div><div class=\"fusion-fullwidth fullwidth-box fusion-builder-row-2 nonhundred-percent-fullwidth non-hundred-percent-height-scrolling\" style=\"background-color: #f2f2f2;background-position: left top;background-repeat: no-repeat;padding-top:0px;padding-right:0px;padding-bottom:50px;padding-left:0px;margin-bottom: 0px;margin-top: 0px;border-width: 0px 0px 0px 0px;border-color:#eae9e9;border-style:solid;\" ><div class=\"fusion-builder-row fusion-row\"><div class=\"fusion-layout-column fusion_builder_column fusion-builder-column-1 fusion_builder_column_1_1 1_1 fusion-one-full fusion-column-first fusion-column-last\" style=\"margin-top:0px;margin-bottom:20px;\"><div class=\"fusion-column-wrapper fusion-flex-column-wrapper-legacy\" style=\"background-position:left top;background-repeat:no-repeat;-webkit-background-size:cover;-moz-background-size:cover;-o-background-size:cover;background-size:cover;background-color:#f2f2f2;padding: 0px 0px 0px 0px;\"><div class=\"fusion-sep-clear\"><\/div><div class=\"fusion-separator fusion-full-width-sep\" style=\"margin-left: auto;margin-right: auto;margin-top:30px;width:100%;\"><\/div><div class=\"fusion-sep-clear\"><\/div><div class=\"fusion-clearfix\"><\/div><\/div><\/div><div class=\"fusion-layout-column fusion_builder_column fusion-builder-column-2 fusion_builder_column_1_3 1_3 fusion-one-third fusion-column-first\" style=\"width:30.6666%; margin-right: 4%;margin-top:0px;margin-bottom:20px;\"><div class=\"fusion-column-wrapper fusion-flex-column-wrapper-legacy\" style=\"background-position:left top;background-repeat:no-repeat;-webkit-background-size:cover;-moz-background-size:cover;-o-background-size:cover;background-size:cover;padding: 0px 0px 0px 0px;\"><span class=\" fusion-imageframe imageframe-none imageframe-1 hover-type-zoomin\"><img decoding=\"async\" width=\"264\" height=\"253\" title=\"icon-iso-gran\" src=\"http:\/\/www.fibcnet.com\/wp-content\/uploads\/icon-iso-gran.png\" class=\"img-responsive wp-image-795\"\/><\/span><div class=\"fusion-clearfix\"><\/div><\/div><\/div><div class=\"fusion-layout-column fusion_builder_column fusion-builder-column-3 fusion_builder_column_3_5 3_5 fusion-three-fifth\" style=\"width:58.4%; margin-right: 4%;margin-top:0px;margin-bottom:20px;\"><div class=\"fusion-column-wrapper fusion-flex-column-wrapper-legacy\" style=\"background-position:left top;background-repeat:no-repeat;-webkit-background-size:cover;-moz-background-size:cover;-o-background-size:cover;background-size:cover;background-color:#f2f2f2;padding: 0px 0px 0px 0px;\"><div class=\"fusion-text fusion-text-2\"><h2>Le d\u00e9passement constant et l\u2019am\u00e9lioration continue de l\u2019efficacit\u00e9 des processus font partie de l\u2019histoire et de l\u2019\u00e9volution de CLIMESA.<\/h2>\n<p>CLIMESA obtient la certification de son syst\u00e8me de qualit\u00e9 en\u00a01996, selon la norme ISO\u00a09002:1994 qui correspond actuellement \u00e0 la norme ISO\u00a09001:2008. La politique de qualit\u00e9 de CLIMESA est clairement ax\u00e9e sur la satisfaction de ses clients.<\/p>\n<blockquote>\n<p>Chez CLIMESA, nous consid\u00e9rons la QUALIT\u00c9 comme une fa\u00e7on de travailler qui nous permet de d\u00e9finir et de r\u00e9aliser tous les produits, processus ou services, en suivant un mod\u00e8le pr\u00e9d\u00e9fini, sans \u00e9carts et \u00e0 moindre co\u00fbt.<\/p>\n<\/blockquote>\n<p>Pour cela, nous nous engageons \u00e0 satisfaire les exigences et les attentes de nos clients, ainsi que les exigences l\u00e9gales et les r\u00e9glementations applicables, de mani\u00e8re \u00e0 ce que nous puissions\u00a0:<\/p>\n<ul>\n<li>Assurer la qualit\u00e9 technique des produits afin d\u2019\u00eatre comp\u00e9titifs.<\/li>\n<li>Rassembler, transmettre et g\u00e9rer les informations n\u00e9cessaires \u00e0 l\u2019am\u00e9lioration continue de nos produits.<\/li>\n<li>Offrir une assistance technique rapide et efficace.<\/li>\n<li>Garantir un bon service en termes de quantit\u00e9 et de d\u00e9lai.<\/li>\n<li>\u00catre capable de recueillir et de nous adapter aux besoins du march\u00e9 en g\u00e9n\u00e9ral et du client en particulier.<\/li>\n<li>Offrir des prix comp\u00e9titifs.<\/li>\n<li>Am\u00e9liorer de mani\u00e8re continue l\u2019efficacit\u00e9 du syst\u00e8me de qualit\u00e9 afin d\u2019accro\u00eetre la satisfaction du client.<\/li>\n<li>En plus de disposer d\u2019un syst\u00e8me de qualit\u00e9 assurant la r\u00e9ussite de nos processus, nous garantissons la qualit\u00e9 et la s\u00e9curit\u00e9 de nos produits au moyen d\u2019une s\u00e9rie d\u2019essais d\u2019homologation r\u00e9alis\u00e9s dans des laboratoires accr\u00e9dit\u00e9s (SGS, APPLUS, LABORDATA, et N.E.L.), qui assurent la conformit\u00e9 aux r\u00e9glementations sp\u00e9cifiques EFIBCA, ISO et UN pour chaque typologie de produits que nous fabriquons.<\/li>\n<\/ul>\n<\/div><div class=\"fusion-sep-clear\"><\/div><div class=\"fusion-separator fusion-full-width-sep\" style=\"margin-left: auto;margin-right: auto;margin-top:30px;width:100%;\"><\/div><div class=\"fusion-sep-clear\"><\/div><div class=\"fusion-clearfix\"><\/div><\/div><\/div><\/div><\/div><\/p>\n","protected":false},"excerpt":{"rendered":"","protected":false},"author":2,"featured_media":0,"parent":0,"menu_order":0,"comment_status":"closed","ping_status":"closed","template":"100-width.php","meta":{"footnotes":""},"class_list":["post-3717","page","type-page","status-publish","hentry"],"_links":{"self":[{"href":"https:\/\/www.fibcnet.com\/fr\/wp-json\/wp\/v2\/pages\/3717","targetHints":{"allow":["GET"]}}],"collection":[{"href":"https:\/\/www.fibcnet.com\/fr\/wp-json\/wp\/v2\/pages"}],"about":[{"href":"https:\/\/www.fibcnet.com\/fr\/wp-json\/wp\/v2\/types\/page"}],"author":[{"embeddable":true,"href":"https:\/\/www.fibcnet.com\/fr\/wp-json\/wp\/v2\/users\/2"}],"replies":[{"embeddable":true,"href":"https:\/\/www.fibcnet.com\/fr\/wp-json\/wp\/v2\/comments?post=3717"}],"version-history":[{"count":7,"href":"https:\/\/www.fibcnet.com\/fr\/wp-json\/wp\/v2\/pages\/3717\/revisions"}],"predecessor-version":[{"id":3724,"href":"https:\/\/www.fibcnet.com\/fr\/wp-json\/wp\/v2\/pages\/3717\/revisions\/3724"}],"wp:attachment":[{"href":"https:\/\/www.fibcnet.com\/fr\/wp-json\/wp\/v2\/media?parent=3717"}],"curies":[{"name":"wp","href":"https:\/\/api.w.org\/{rel}","templated":true}]}}