{"id":3841,"date":"2018-06-01T07:55:55","date_gmt":"2018-06-01T07:55:55","guid":{"rendered":"http:\/\/www.fibcnet.com\/?page_id=3841"},"modified":"2021-09-08T19:13:44","modified_gmt":"2021-09-08T17:13:44","slug":"condusac","status":"publish","type":"page","link":"https:\/\/www.fibcnet.com\/fr\/condusac\/","title":{"rendered":"Condusac"},"content":{"rendered":"<p><div class=\"fusion-fullwidth fullwidth-box fusion-builder-row-1 nonhundred-percent-fullwidth non-hundred-percent-height-scrolling\" style=\"background-color: rgba(255,255,255,0);background-position: left top;background-repeat: no-repeat;padding-top:0px;padding-right:0px;padding-bottom:0px;padding-left:0px;margin-bottom: 0px;margin-top: 0px;border-width: 0px 0px 0px 0px;border-color:#eae9e9;border-style:solid;\" ><div class=\"fusion-builder-row fusion-row\"><div class=\"fusion-layout-column fusion_builder_column fusion-builder-column-0 fusion_builder_column_2_3 2_3 fusion-two-third fusion-column-first\" style=\"width:65.3333%; margin-right: 4%;margin-top:0px;margin-bottom:20px;\"><div class=\"fusion-column-wrapper fusion-flex-column-wrapper-legacy\" style=\"background-position:left top;background-repeat:no-repeat;-webkit-background-size:cover;-moz-background-size:cover;-o-background-size:cover;background-size:cover;padding: 0px 0px 0px 0px;\"><div class=\"fusion-sep-clear\"><\/div><div class=\"fusion-separator fusion-full-width-sep\" style=\"margin-left: auto;margin-right: auto;margin-top:20px;margin-bottom:10px;width:100%;\"><\/div><div class=\"fusion-sep-clear\"><\/div>\n<div class=\"fusion-slider-revolution rev_slider_wrapper\">\t\t\t<!-- START Condusac REVOLUTION SLIDER 6.3.3 --><p class=\"rs-p-wp-fix\"><\/p>\n\t\t\t<rs-module-wrap id=\"rev_slider_14_1_wrapper\" data-source=\"gallery\" style=\"background:#ffffff;padding:0;margin:0px auto;margin-top:0;margin-bottom:0;max-width:;\">\n\t\t\t\t<rs-module id=\"rev_slider_14_1\" style=\"\" data-version=\"6.3.3\">\n\t\t\t\t\t<rs-slides>\n\t\t\t\t\t\t<rs-slide data-key=\"rs-41\" data-thumb=\"\/\/www.fibcnet.com\/wp-content\/uploads\/2021\/01\/producto-condusac-baja-100x100.jpg\" data-anim=\"ei:d;eo:d;s:d;r:0;t:crossfade;sl:d;\">\n\t\t\t\t\t\t\t<img decoding=\"async\" src=\"\/\/www.fibcnet.com\/wp-content\/uploads\/2021\/01\/producto-condusac-baja.jpg\" title=\"producto-condusac-baja\" width=\"1170\" height=\"1100\" data-bg=\"f:contain;\" data-parallax=\"1\" class=\"rev-slidebg\" data-no-retina>\n<!---->\t\t\t\t\t\t<\/rs-slide>\n\t\t\t\t\t\t<rs-slide data-key=\"rs-47\" data-thumb=\"\/\/www.fibcnet.com\/wp-content\/uploads\/2021\/01\/producto-condusac-baja2-100x100.jpg\" data-anim=\"ei:d;eo:d;s:d;r:0;t:crossfade;sl:d;\">\n\t\t\t\t\t\t\t<img decoding=\"async\" src=\"\/\/www.fibcnet.com\/wp-content\/uploads\/2021\/01\/producto-condusac-baja2.jpg\" title=\"producto-condusac-baja2\" width=\"1170\" height=\"1100\" data-bg=\"f:contain;\" data-parallax=\"off\" class=\"rev-slidebg\" data-no-retina>\n<!---->\t\t\t\t\t\t<\/rs-slide>\n\t\t\t\t\t\t<rs-slide data-key=\"rs-86\" data-thumb=\"\/\/www.fibcnet.com\/wp-content\/uploads\/2018\/03\/IMG_6591-100x100.jpg\" data-anim=\"ei:d;eo:d;s:d;r:0;t:crossfade;sl:d;\">\n\t\t\t\t\t\t\t<img decoding=\"async\" src=\"\/\/www.fibcnet.com\/wp-content\/uploads\/2018\/03\/IMG_6591.jpg\" title=\"IMG_6591\" width=\"988\" height=\"629\" data-bg=\"f:contain;\" data-parallax=\"off\" class=\"rev-slidebg\" data-no-retina>\n<!---->\t\t\t\t\t\t<\/rs-slide>\n\t\t\t\t\t\t<rs-slide data-key=\"rs-85\" data-thumb=\"\/\/www.fibcnet.com\/wp-content\/uploads\/2018\/03\/IMG_6592-100x100.jpg\" data-anim=\"ei:d;eo:d;s:d;r:0;t:crossfade;sl:d;\">\n\t\t\t\t\t\t\t<img decoding=\"async\" src=\"\/\/www.fibcnet.com\/wp-content\/uploads\/2018\/03\/IMG_6592.jpg\" title=\"IMG_6592\" width=\"733\" height=\"543\" data-bg=\"f:contain;\" data-parallax=\"off\" class=\"rev-slidebg\" data-no-retina>\n<!---->\t\t\t\t\t\t<\/rs-slide>\n\t\t\t\t\t\t<rs-slide data-key=\"rs-84\" data-thumb=\"\/\/www.fibcnet.com\/wp-content\/uploads\/2018\/03\/Type-C-FIBC-Test-100x100.png\" data-anim=\"ei:d;eo:d;s:d;r:0;t:crossfade;sl:d;\">\n\t\t\t\t\t\t\t<img decoding=\"async\" src=\"\/\/www.fibcnet.com\/wp-content\/uploads\/2018\/03\/Type-C-FIBC-Test.png\" title=\"Type C FIBC Test\" width=\"849\" height=\"561\" data-bg=\"f:contain;\" data-parallax=\"off\" class=\"rev-slidebg\" data-no-retina>\n<!---->\t\t\t\t\t\t<\/rs-slide>\n\t\t\t\t\t<\/rs-slides>\n\t\t\t\t<\/rs-module>\n\t\t\t\t<script type=\"text\/javascript\">\n\t\t\t\t\tsetREVStartSize({c: 'rev_slider_14_1',rl:[1240,1024,778,480],el:[1100],gw:[1170],gh:[1100],type:'standard',justify:'',layout:'fullwidth',tabh:\"100\",mh:\"0\"});\n\t\t\t\t\tvar\trevapi14,\n\t\t\t\t\t\ttpj;\n\t\t\t\t\tfunction revinit_revslider141() {\n\t\t\t\t\tjQuery(function() {\n\t\t\t\t\t\ttpj = jQuery;\n\t\t\t\t\t\trevapi14 = tpj(\"#rev_slider_14_1\");\n\t\t\t\t\t\ttpj.noConflict();\n\t\t\t\t\t\tif(revapi14==undefined || revapi14.revolution == undefined){\n\t\t\t\t\t\t\trevslider_showDoubleJqueryError(\"rev_slider_14_1\");\n\t\t\t\t\t\t}else{\n\t\t\t\t\t\t\trevapi14.revolution({\n\t\t\t\t\t\t\t\tduration:2000,\n\t\t\t\t\t\t\t\tvisibilityLevels:\"1240,1024,778,480\",\n\t\t\t\t\t\t\t\tgridwidth:1170,\n\t\t\t\t\t\t\t\tgridheight:1100,\n\t\t\t\t\t\t\t\thideLayerAtLimit:481,\n\t\t\t\t\t\t\t\tspinner:\"spinner2\",\n\t\t\t\t\t\t\t\tperspective:600,\n\t\t\t\t\t\t\t\tperspectiveType:\"local\",\n\t\t\t\t\t\t\t\teditorheight:\"1100,768,960,720\",\n\t\t\t\t\t\t\t\tresponsiveLevels:\"1240,1024,778,480\",\n\t\t\t\t\t\t\t\tprogressBar:{disableProgressBar:true},\n\t\t\t\t\t\t\t\tnavigation: {\n\t\t\t\t\t\t\t\t\tmouseScrollNavigation:false,\n\t\t\t\t\t\t\t\t\twheelCallDelay:1000,\n\t\t\t\t\t\t\t\t\tarrows: {\n\t\t\t\t\t\t\t\t\t\tenable:true,\n\t\t\t\t\t\t\t\t\t\tstyle:\"hesperiden\",\n\t\t\t\t\t\t\t\t\t\thide_onmobile:true,\n\t\t\t\t\t\t\t\t\t\thide_onleave:true,\n\t\t\t\t\t\t\t\t\t\tleft: {\n\t\t\t\t\t\t\t\t\t\t\th_offset:40\n\t\t\t\t\t\t\t\t\t\t},\n\t\t\t\t\t\t\t\t\t\tright: {\n\t\t\t\t\t\t\t\t\t\t\th_offset:40\n\t\t\t\t\t\t\t\t\t\t}\n\t\t\t\t\t\t\t\t\t},\n\t\t\t\t\t\t\t\t\ttabs: {\n\t\t\t\t\t\t\t\t\t\tenable:true,\n\t\t\t\t\t\t\t\t\t\ttmp:\"<div class=\\\"tp-tab-content\\\">  <span class=\\\"tp-tab-date\\\">{{param1}}<\/span>  <span class=\\\"tp-tab-title\\\">{{title}}<\/span><\/div><div class=\\\"tp-tab-image\\\"><\/div>\",\n\t\t\t\t\t\t\t\t\t\tstyle:\"hesperiden\",\n\t\t\t\t\t\t\t\t\t\tspace:5,\n\t\t\t\t\t\t\t\t\t\theight:100,\n\t\t\t\t\t\t\t\t\t\tmin_width:0,\n\t\t\t\t\t\t\t\t\t\twrapper_padding:0,\n\t\t\t\t\t\t\t\t\t\twrapper_color:\"rgba(255,255,255,1)\",\n\t\t\t\t\t\t\t\t\t\tvisibleAmount:6,\n\t\t\t\t\t\t\t\t\t\tposition:\"outer-horizontal\"\n\t\t\t\t\t\t\t\t\t}\n\t\t\t\t\t\t\t\t},\n\t\t\t\t\t\t\t\tparallax: {\n\t\t\t\t\t\t\t\t\tlevels:[5,10,15,20,25,30,35,40,45,50,47,48,49,50,51,55],\n\t\t\t\t\t\t\t\t\ttype:\"scroll\",\n\t\t\t\t\t\t\t\t\tdisable_onmobile:true\n\t\t\t\t\t\t\t\t},\n\t\t\t\t\t\t\t\tviewPort: {\n\t\t\t\t\t\t\t\t\tenable:true,\n\t\t\t\t\t\t\t\t\tvisible_area:\"20%\"\n\t\t\t\t\t\t\t\t},\n\t\t\t\t\t\t\t\tfallbacks: {\n\t\t\t\t\t\t\t\t\tallowHTML5AutoPlayOnAndroid:true\n\t\t\t\t\t\t\t\t},\n\t\t\t\t\t\t\t});\n\t\t\t\t\t\t\tjQuery(window).on('scroll',function() {\n    var wh = jQuery(this).height();\n  \tjQuery('.tp-parallax-container').each(function() {\n        var layer = jQuery(this);\n    \tvar po = Math.abs(layer.data('parallaxoffset'));        \n        po = po - 10;\n        if (po<0) po = 0;\n        po = 1 - (po \/ 90);  \n        \/\/ Set the value -> po \/ 90)  higher to make a slower Fade Out, \n        \/\/and set it lower to make a quicker fade out.       \n        punchgs.TweenLite.to(layer,0.2,{opacity:po});\n  });\n});\n\/*\n\nconsole.log(\"Is Mobile:\"+is_mobile());\nif (is_mobile()) \nrevapi14.bind(\"revolution.slide.onloaded\",function (e) {\n\tsetTimeout(function() {\n       revapi14.revpause();\n  },4000);\n});\n\nfunction is_mobile() {\n\t      var agents = ['android', 'webos', 'iphone', 'ipad', 'blackberry','Android', 'webos', ,'iPod', 'iPhone', 'iPad', 'Blackberry', 'BlackBerry'];\n\t   var ismobile=false;\n\t      for(i in agents) {\n\n\t       if (navigator.userAgent.split(agents[i]).length>1) {\n\t              ismobile = true;\n\n\t            }\n\t      }\n\t      return ismobile;\n\t  }*\/\n\t\t\t\t\t\t}\n\t\t\t\t\t\t\n\t\t\t\t\t});\n\t\t\t\t\t} \/\/ End of RevInitScript\n\t\t\t\tvar once_revslider141 = false;\n\t\t\t\tif (document.readyState === \"loading\") {document.addEventListener('readystatechange',function() { if((document.readyState === \"interactive\" || document.readyState === \"complete\") && !once_revslider141 ) { once_revslider141 = true; revinit_revslider141();}});} else {once_revslider141 = true; revinit_revslider141();}\n\t\t\t\t<\/script>\n\t\t\t\t<script>\n\t\t\t\t\tvar htmlDivCss = ' #rev_slider_14_1_wrapper rs-loader.spinner2{ background-color: #FFFFFF !important; } ';\n\t\t\t\t\tvar htmlDiv = document.getElementById('rs-plugin-settings-inline-css');\n\t\t\t\t\tif(htmlDiv) {\n\t\t\t\t\t\thtmlDiv.innerHTML = htmlDiv.innerHTML + htmlDivCss;\n\t\t\t\t\t}else{\n\t\t\t\t\t\tvar htmlDiv = document.createElement('div');\n\t\t\t\t\t\thtmlDiv.innerHTML = '<style>' + htmlDivCss + '<\/style>';\n\t\t\t\t\t\tdocument.getElementsByTagName('head')[0].appendChild(htmlDiv.childNodes[0]);\n\t\t\t\t\t}\n\t\t\t\t<\/script>\n\t\t\t\t<script>\n\t\t\t\t\tvar htmlDivCss = unescape(\"%23rev_slider_14_1_wrapper%20.hesperiden.tparrows%20%7B%0A%09cursor%3Apointer%3B%0A%09background%3Argba%280%2C0%2C0%2C0.5%29%3B%0A%09width%3A40px%3B%0A%09height%3A40px%3B%0A%09position%3Aabsolute%3B%0A%09display%3Ablock%3B%0A%09z-index%3A1000%3B%0A%20%20%20%20border-radius%3A%2050%25%3B%0A%7D%0A%23rev_slider_14_1_wrapper%20.hesperiden.tparrows%3Ahover%20%7B%0A%09background%3A%23fecc3a%3B%0A%7D%0A%23rev_slider_14_1_wrapper%20.hesperiden.tparrows%3Abefore%20%7B%0A%09font-family%3A%20%27revicons%27%3B%0A%09font-size%3A20px%3B%0A%09color%3A%23ffffff%3B%0A%09display%3Ablock%3B%0A%09line-height%3A%2040px%3B%0A%09text-align%3A%20center%3B%0A%7D%0A%23rev_slider_14_1_wrapper%20.hesperiden.tparrows.tp-leftarrow%3Abefore%20%7B%0A%09content%3A%20%27%5Ce82c%27%3B%0A%20%20%20%20margin-left%3A-3px%3B%0A%7D%0A%23rev_slider_14_1_wrapper%20.hesperiden.tparrows.tp-rightarrow%3Abefore%20%7B%0A%09content%3A%20%27%5Ce82d%27%3B%0A%20%20%20%20margin-right%3A-3px%3B%0A%7D%0A%23rev_slider_14_1_wrapper%20.hesperiden%20.tp-tab%20%7B%20%0A%20%20opacity%3A1%3B%20%20%20%20%20%20%0A%20%20padding%3A10px%3B%0A%20%20box-sizing%3Aborder-box%3B%0A%20%20font-family%3A%20%27Roboto%27%2C%20sans-serif%3B%0A%20%20border-bottom%3A%201px%20solid%20%23e5e5e5%3B%0A%20%7D%0A%23rev_slider_14_1_wrapper%20.hesperiden%20.tp-tab-image%20%0A%7B%20%0A%20%20width%3A60px%3B%0A%20%20height%3A60px%3B%20max-height%3A100%25%3B%20max-width%3A100%25%3B%0A%20%20position%3Arelative%3B%0A%20%20display%3Ainline-block%3B%0A%20%20float%3Aleft%3B%0A%0A%7D%0A%23rev_slider_14_1_wrapper%20.hesperiden%20.tp-tab-content%20%0A%7B%0A%20%20%20%20background%3Argba%280%2C0%2C0%2C0%29%3B%20%0A%20%20%20%20position%3Arelative%3B%0A%20%20%20%20padding%3A15px%2015px%2015px%2085px%3B%0A%20left%3A0px%3B%0A%20overflow%3Ahidden%3B%0A%20margin-top%3A-15px%3B%0A%20%20%20%20box-sizing%3Aborder-box%3B%0A%20%20%20%20color%3A%23333333%3B%0A%20%20%20%20display%3A%20inline-block%3B%0A%20%20%20%20width%3A100%25%3B%0A%20%20%20%20height%3A100%25%3B%0A%20position%3Aabsolute%3B%20%7D%0A%23rev_slider_14_1_wrapper%20.hesperiden%20.tp-tab-date%0A%20%20%7B%0A%20%20display%3Ablock%3B%0A%20%20color%3A%20rgba%2851%2C51%2C51%2C0.5%29%3B%0A%20%20font-weight%3A500%3B%0A%20%20font-size%3A12px%3B%0A%20%20margin-bottom%3A0px%3B%0A%20%20%7D%0A%23rev_slider_14_1_wrapper%20.hesperiden%20.tp-tab-title%20%0A%7B%0A%20%20%20%20display%3Ablock%3B%09%0A%20%20%20%20text-align%3Aleft%09%3B%0A%20%20%20%20color%3Argba%280%2C0%2C0%2C1%29%3B%0A%20%20%20%20font-size%3A14px%3B%0A%20%20%20%20font-weight%3A500%3B%0A%20%20%20%20text-transform%3Anone%3B%0A%20%20%20%20line-height%3A17px%3B%0A%7D%0A%23rev_slider_14_1_wrapper%20.hesperiden%20.tp-tab%3Ahover%2C%0A%23rev_slider_14_1_wrapper%20.hesperiden%20.tp-tab.selected%20%7B%0A%09background%3A%23eeeeee%3B%20%0A%7D%0A%0A%23rev_slider_14_1_wrapper%20.hesperiden%20.tp-tab-mask%20%7B%0A%7D%0A%0A%2F%2A%20media%20queries%20%2A%2F%0A%40media%20only%20screen%20and%20%28max-width%3A%20960px%29%20%7B%0A%0A%7D%0A%40media%20only%20screen%20and%20%28max-width%3A%20768px%29%20%7B%0A%0A%7D%0A\");\n\t\t\t\t\tvar htmlDiv = document.getElementById('rs-plugin-settings-inline-css');\n\t\t\t\t\tif(htmlDiv) {\n\t\t\t\t\t\thtmlDiv.innerHTML = htmlDiv.innerHTML + htmlDivCss;\n\t\t\t\t\t}else{\n\t\t\t\t\t\tvar htmlDiv = document.createElement('div');\n\t\t\t\t\t\thtmlDiv.innerHTML = '<style>' + htmlDivCss + '<\/style>';\n\t\t\t\t\t\tdocument.getElementsByTagName('head')[0].appendChild(htmlDiv.childNodes[0]);\n\t\t\t\t\t}\n\t\t\t\t<\/script>\n\t\t\t\t<script>\n\t\t\t\t\tvar htmlDivCss = unescape(\"%0A%0A%0A%0A%0A%0A%0A%0A%0A%0A\");\n\t\t\t\t\tvar htmlDiv = document.getElementById('rs-plugin-settings-inline-css');\n\t\t\t\t\tif(htmlDiv) {\n\t\t\t\t\t\thtmlDiv.innerHTML = htmlDiv.innerHTML + htmlDivCss;\n\t\t\t\t\t}else{\n\t\t\t\t\t\tvar htmlDiv = document.createElement('div');\n\t\t\t\t\t\thtmlDiv.innerHTML = '<style>' + htmlDivCss + '<\/style>';\n\t\t\t\t\t\tdocument.getElementsByTagName('head')[0].appendChild(htmlDiv.childNodes[0]);\n\t\t\t\t\t}\n\t\t\t\t<\/script>\n\t\t\t<\/rs-module-wrap>\n\t\t\t<!-- END REVOLUTION SLIDER -->\n<\/div><div class=\"fusion-clearfix\"><\/div><\/div><\/div><div class=\"fusion-layout-column fusion_builder_column fusion-builder-column-1 fusion_builder_column_1_3 1_3 fusion-one-third fusion-column-last\" style=\"width:30.6666%;margin-top:0px;margin-bottom:20px;\"><div class=\"fusion-column-wrapper fusion-flex-column-wrapper-legacy\" style=\"background-position:left top;background-repeat:no-repeat;-webkit-background-size:cover;-moz-background-size:cover;-o-background-size:cover;background-size:cover;background-color:#f2f2f2;padding: 10% 10% 10% 10%;\"><div class=\"fusion-sep-clear\"><\/div><div class=\"fusion-separator fusion-full-width-sep\" style=\"margin-left: auto;margin-right: auto;margin-top:10px;margin-bottom:10px;width:100%;\"><\/div><div class=\"fusion-sep-clear\"><\/div><div class=\"fusion-text fusion-text-1\"><h1>CONDUSAC<sup>\u00ae<\/sup><\/h1>\n<\/div><div class=\"fusion-text fusion-text-2\"><h3>Conteneurs flexibles conducteurs<\/h3>\n<\/div><div class=\"fusion-sep-clear\"><\/div><div class=\"fusion-separator fusion-full-width-sep\" style=\"margin-left: auto;margin-right: auto;margin-top:10px;margin-bottom:10px;width:100%;\"><div class=\"fusion-separator-border sep-single sep-solid\" style=\"border-color:#adadad;border-top-width:1px;\"><\/div><\/div><div class=\"fusion-sep-clear\"><\/div><div class=\"fusion-text fusion-text-3\"><h3>Conteneur flexible de type C<\/h3>\n<\/div><div class=\"fusion-sep-clear\"><\/div><div class=\"fusion-separator fusion-full-width-sep\" style=\"margin-left: auto;margin-right: auto;margin-top:10px;margin-bottom:10px;width:100%;\"><\/div><div class=\"fusion-sep-clear\"><\/div><div class=\"fusion-text fusion-text-4\"><p>Con\u00e7us sp\u00e9cifiquement pour travailler dans des atmosph\u00e8res inflammables (y compris celles contenant des vapeurs d\u2019hydrocarbures).<\/p>\n<p>Ces conteneurs sont confectionn\u00e9s avec du raphia de polypropyl\u00e8ne qui contient des fibres conductrices avec un entrelacs de fils interconnect\u00e9s permettant de conduire l\u2019\u00e9lectricit\u00e9 statique g\u00e9n\u00e9r\u00e9e.<\/p>\n<p>Ce type de conteneurs flexibles exige une mise \u00e0 la terre.<\/p>\n<\/div><div class=\"fusion-sep-clear\"><\/div><div class=\"fusion-separator fusion-full-width-sep\" style=\"margin-left: auto;margin-right: auto;margin-top:10px;margin-bottom:10px;width:100%;\"><div class=\"fusion-separator-border sep-single sep-solid\" style=\"border-color:#adadad;border-top-width:1px;\"><\/div><\/div><div class=\"fusion-sep-clear\"><\/div><div class=\"fusion-text fusion-text-5\"><h5 style=\"text-align: center;\">INFORMATIONS SUPPL\u00c9MENTAIRES<\/h5>\n<\/div><div class=\"fusion-align-block\"><style type=\"text\/css\">.fusion-button.button-1 {border-radius:2px;}<\/style><a class=\"fusion-button button-flat button-large button-default button-1 fusion-button-span-yes \" target=\"_blank\" rel=\"noopener noreferrer\" href=\"http:\/\/www.fibcnet.com\/wp-content\/uploads\/2021\/09\/dossier_web_CONDUSAC.pdf\"><i class=\"fa-file-pdf far button-icon-left\" aria-hidden=\"true\"><\/i><span class=\"fusion-button-text\">TEL\u00c9CHARGER LE PDF (ESP)<\/span><\/a><\/div><div class=\"fusion-align-block\"><style type=\"text\/css\">.fusion-button.button-2 {border-radius:2px;}<\/style><a class=\"fusion-button button-flat button-large button-default button-2 fusion-button-span-yes \" target=\"_blank\" rel=\"noopener noreferrer\" href=\"http:\/\/www.fibcnet.com\/fr\/contact\/\"><span class=\"fusion-button-text\">NOUS CONTACTER<\/span><\/a><\/div><div class=\"fusion-sep-clear\"><\/div><div class=\"fusion-separator fusion-full-width-sep\" style=\"margin-left: auto;margin-right: auto;margin-top:5px;margin-bottom:5px;width:100%;\"><\/div><div class=\"fusion-sep-clear\"><\/div><div class=\"fusion-clearfix\"><\/div><\/div><\/div><\/div><\/div><div class=\"fusion-fullwidth fullwidth-box fusion-builder-row-2 nonhundred-percent-fullwidth non-hundred-percent-height-scrolling\" style=\"background-color: #ffcc33;background-position: left top;background-repeat: no-repeat;padding-top:0px;padding-right:5%;padding-bottom:0px;padding-left:5%;margin-bottom: 0px;margin-top: 0px;border-width: 0px 0px 0px 0px;border-color:#eae9e9;border-style:solid;\" ><div class=\"fusion-builder-row fusion-row\"><div class=\"fusion-layout-column fusion_builder_column fusion-builder-column-2 fusion_builder_column_1_1 1_1 fusion-one-full fusion-column-first fusion-column-last\" style=\"margin-top:0px;margin-bottom:0px;\"><div class=\"fusion-column-wrapper fusion-flex-column-wrapper-legacy\" style=\"background-position:left top;background-repeat:no-repeat;-webkit-background-size:cover;-moz-background-size:cover;-o-background-size:cover;background-size:cover;padding: 0px 0px 0px 0px;\"><div class=\"fusion-sep-clear\"><\/div><div class=\"fusion-separator fusion-full-width-sep\" style=\"margin-left: auto;margin-right: auto;margin-top:60px;width:100%;\"><\/div><div class=\"fusion-sep-clear\"><\/div><div class=\"fusion-clearfix\"><\/div><\/div><\/div><div class=\"fusion-layout-column fusion_builder_column fusion-builder-column-3 fusion_builder_column_1_3 1_3 fusion-one-third fusion-column-first\" style=\"width:30.6666%; margin-right: 4%;margin-top:0px;margin-bottom:0px;\"><div class=\"fusion-column-wrapper fusion-flex-column-wrapper-legacy\" style=\"background-position:left top;background-repeat:no-repeat;-webkit-background-size:cover;-moz-background-size:cover;-o-background-size:cover;background-size:cover;padding: 0px 0px 0px 0px;\"><div class=\"fusion-text fusion-text-6\"><p><img decoding=\"async\" src=\"http:\/\/www.fibcnet.com\/wp-content\/uploads\/tipoC_v1.0-300x300.jpg\" alt=\"tipoc_v1-0\" width=\"300\" height=\"300\" \/><\/p>\n<p>R &lt; 10<sup>8<\/sup> Ohm<\/p>\n<\/div><div class=\"fusion-clearfix\"><\/div><\/div><\/div><div class=\"fusion-layout-column fusion_builder_column fusion-builder-column-4 fusion_builder_column_1_2 1_2 fusion-one-half\" style=\"width:48%; margin-right: 4%;margin-top:0px;margin-bottom:0px;\"><div class=\"fusion-column-wrapper fusion-flex-column-wrapper-legacy\" style=\"background-position:left top;background-repeat:no-repeat;-webkit-background-size:cover;-moz-background-size:cover;-o-background-size:cover;background-size:cover;padding: 0px 0px 0px 0px;\"><div class=\"fusion-text fusion-text-7\"><h2>Conteneur flexible de type C<\/h2>\n<p>Pour le bon fonctionnement du\u00a0<span style=\"color: #dd161e; font-family: FRUTIGER-BLACK;\">CONDUSAC<sup>\u00ae<\/sup><\/span>, la languette conductrice doit \u00eatre connect\u00e9e \u00e0 la terre \u00e0 l\u2019aide d\u2019une pince adapt\u00e9e. Cependant, les conteneurs flexibles comportent souvent des chemins redondants de connexion \u00e0 la terre, comme les anses en contact avec la cha\u00eene m\u00e9tallique et le palan. En cas d\u2019absence de connexion \u00e0 la terre, des d\u00e9charges de type \u00e9tincelle de haute \u00e9nergie pourraient se produire.<\/p>\n<p>Le mat\u00e9riau employ\u00e9 offre une r\u00e9sistance inf\u00e9rieure \u00e0 108\u00a0ohms exig\u00e9e par la norme CEI\u00a061340-4-4 (\u00c9lectrostatique Partie\u00a04-4\u00a0: M\u00e9thodes d\u2019essai normalis\u00e9es pour des applications sp\u00e9cifiques\u00a0\u2013 Classification \u00e9lectrostatique des grands r\u00e9cipients pour vrac souples [FIBC])..<\/p>\n<\/div><div class=\"fusion-clearfix\"><\/div><\/div><\/div><div class=\"fusion-layout-column fusion_builder_column fusion-builder-column-5 fusion_builder_column_1_1 1_1 fusion-one-full fusion-column-last\" style=\"margin-top:0px;margin-bottom:0px;\"><div class=\"fusion-column-wrapper fusion-flex-column-wrapper-legacy\" style=\"background-position:left top;background-repeat:no-repeat;-webkit-background-size:cover;-moz-background-size:cover;-o-background-size:cover;background-size:cover;padding: 0px 0px 0px 0px;\"><div class=\"fusion-sep-clear\"><\/div><div class=\"fusion-separator fusion-full-width-sep\" style=\"margin-left: auto;margin-right: auto;margin-top:15px;margin-bottom:15px;width:100%;\"><\/div><div class=\"fusion-sep-clear\"><\/div><div class=\"fusion-clearfix\"><\/div><\/div><\/div><div class=\"fusion-layout-column fusion_builder_column fusion-builder-column-6 fusion_builder_column_1_4 1_4 fusion-one-fourth fusion-column-first\" style=\"width:22%; margin-right: 4%;margin-top:0px;margin-bottom:0px;\"><div class=\"fusion-column-wrapper fusion-flex-column-wrapper-legacy\" style=\"background-position:left top;background-repeat:no-repeat;-webkit-background-size:cover;-moz-background-size:cover;-o-background-size:cover;background-size:cover;padding: 0px 0px 0px 0px;\"><div class=\"fusion-text fusion-text-8\"><h6><img decoding=\"async\" class=\"size-full wp-image-719 alignleft\" src=\"http:\/\/www.fibcnet.com\/wp-content\/uploads\/icon-danger-8.png\" alt=\"icon-danger-8\" width=\"75\" height=\"75\" \/>La directive 1999\/92\/CE, \u00e9galement appel\u00e9e ATEX-137, transpos\u00e9e \u00e0 la l\u00e9gislation espagnole par le D\u00c9CRET ROYAL 681\/2003 du 12\u00a0juin sur la protection de la sant\u00e9 et de la s\u00e9curit\u00e9 des travailleurs expos\u00e9s aux risques d\u00e9rivant des atmosph\u00e8res explosives sur le lieu de travail, est entr\u00e9e en vigueur en juillet\u00a02003.<\/h6>\n<\/div><div class=\"fusion-clearfix\"><\/div><\/div><\/div><div class=\"fusion-layout-column fusion_builder_column fusion-builder-column-7 fusion_builder_column_1_4 1_4 fusion-one-fourth\" style=\"width:22%; margin-right: 4%;margin-top:0px;margin-bottom:0px;\"><div class=\"fusion-column-wrapper fusion-flex-column-wrapper-legacy\" style=\"background-position:left top;background-repeat:no-repeat;-webkit-background-size:cover;-moz-background-size:cover;-o-background-size:cover;background-size:cover;padding: 0px 0px 0px 0px;\"><div class=\"fusion-text fusion-text-9\"><h6><img decoding=\"async\" class=\"wp-image-1001 size-full alignleft\" src=\"http:\/\/www.fibcnet.com\/wp-content\/uploads\/icon-danger-11.png\" width=\"75\" height=\"75\" \/>Les atmosph\u00e8res explosives sont g\u00e9n\u00e9r\u00e9es dans les processus productifs d\u2019une grande vari\u00e9t\u00e9 de secteurs. Dans ce type d\u2019industries, il est n\u00e9cessaire de r\u00e9aliser une \u00e9tude des risques d\u2019explosion.<\/h6>\n<\/div><div class=\"fusion-clearfix\"><\/div><\/div><\/div><div class=\"fusion-layout-column fusion_builder_column fusion-builder-column-8 fusion_builder_column_1_4 1_4 fusion-one-fourth\" style=\"width:22%; margin-right: 4%;margin-top:0px;margin-bottom:0px;\"><div class=\"fusion-column-wrapper fusion-flex-column-wrapper-legacy\" style=\"background-position:left top;background-repeat:no-repeat;-webkit-background-size:cover;-moz-background-size:cover;-o-background-size:cover;background-size:cover;padding: 0px 0px 0px 0px;\"><div class=\"fusion-text fusion-text-10\"><h6 style=\"text-align: left;\"><img decoding=\"async\" class=\"wp-image-1002 size-full alignleft\" src=\"http:\/\/www.fibcnet.com\/wp-content\/uploads\/icon-danger-12.png\" width=\"75\" height=\"79\" \/><\/h6>\n<h6>L\u2019\u00e9lectrostatique est l\u2019une des sources d\u2019ignition les plus difficiles \u00e0 contr\u00f4ler, responsable d\u2019un pourcentage \u00e9lev\u00e9 d\u2019accidents. Dans le cadre d\u2019un processus de production, pendant le chargement, le d\u00e9chargement ou la friction avec l\u2019emballage, il est possible que de l\u2019\u00e9lectricit\u00e9 statique se produise.<\/h6>\n<\/div><div class=\"fusion-clearfix\"><\/div><\/div><\/div><div class=\"fusion-layout-column fusion_builder_column fusion-builder-column-9 fusion_builder_column_1_4 1_4 fusion-one-fourth fusion-column-last\" style=\"width:22%;margin-top:0px;margin-bottom:0px;\"><div class=\"fusion-column-wrapper fusion-flex-column-wrapper-legacy\" style=\"background-position:left top;background-repeat:no-repeat;-webkit-background-size:cover;-moz-background-size:cover;-o-background-size:cover;background-size:cover;padding: 0px 0px 0px 0px;\"><div class=\"fusion-text fusion-text-11\"><h6 style=\"text-align: left;\"><img decoding=\"async\" class=\"wp-image-1003 size-full alignleft\" src=\"http:\/\/www.fibcnet.com\/wp-content\/uploads\/icon-danger-13.png\" width=\"75\" height=\"75\" \/>Pour \u00e9viter ces risques, <span style=\"color: #dd161e; font-family: FRUTIGER-BLACK;\">CLIMESA<\/span> a con\u00e7u diff\u00e9rents types de conteneurs flexibles qui permettent d\u2019optimiser le niveau de s\u00e9curit\u00e9 passive et les ressources financi\u00e8res destin\u00e9es \u00e0 celle-ci.<\/h6>\n<\/div><div class=\"fusion-clearfix\"><\/div><\/div><\/div><\/div><\/div><\/p>\n","protected":false},"excerpt":{"rendered":"","protected":false},"author":2,"featured_media":0,"parent":0,"menu_order":0,"comment_status":"closed","ping_status":"closed","template":"100-width.php","meta":{"footnotes":""},"class_list":["post-3841","page","type-page","status-publish","hentry"],"_links":{"self":[{"href":"https:\/\/www.fibcnet.com\/fr\/wp-json\/wp\/v2\/pages\/3841","targetHints":{"allow":["GET"]}}],"collection":[{"href":"https:\/\/www.fibcnet.com\/fr\/wp-json\/wp\/v2\/pages"}],"about":[{"href":"https:\/\/www.fibcnet.com\/fr\/wp-json\/wp\/v2\/types\/page"}],"author":[{"embeddable":true,"href":"https:\/\/www.fibcnet.com\/fr\/wp-json\/wp\/v2\/users\/2"}],"replies":[{"embeddable":true,"href":"https:\/\/www.fibcnet.com\/fr\/wp-json\/wp\/v2\/comments?post=3841"}],"version-history":[{"count":9,"href":"https:\/\/www.fibcnet.com\/fr\/wp-json\/wp\/v2\/pages\/3841\/revisions"}],"predecessor-version":[{"id":5091,"href":"https:\/\/www.fibcnet.com\/fr\/wp-json\/wp\/v2\/pages\/3841\/revisions\/5091"}],"wp:attachment":[{"href":"https:\/\/www.fibcnet.com\/fr\/wp-json\/wp\/v2\/media?parent=3841"}],"curies":[{"name":"wp","href":"https:\/\/api.w.org\/{rel}","templated":true}]}}