{"id":3907,"date":"2018-06-01T09:04:58","date_gmt":"2018-06-01T09:04:58","guid":{"rendered":"http:\/\/www.fibcnet.com\/?page_id=3907"},"modified":"2021-09-08T19:13:05","modified_gmt":"2021-09-08T17:13:05","slug":"granesac-construccion-amiant","status":"publish","type":"page","link":"https:\/\/www.fibcnet.com\/fr\/granesac-construccion\/granesac-construccion-amiant\/","title":{"rendered":"Granesac\u00ae construction &#8211; Amiant"},"content":{"rendered":"<div class=\"fusion-fullwidth fullwidth-box fusion-builder-row-1 nonhundred-percent-fullwidth non-hundred-percent-height-scrolling\" style=\"background-color: rgba(255,255,255,0);background-position: left top;background-repeat: no-repeat;padding-top:0px;padding-right:0px;padding-bottom:0px;padding-left:0px;margin-bottom: 0px;margin-top: 0px;border-width: 0px 0px 0px 0px;border-color:#eae9e9;border-style:solid;\" ><div class=\"fusion-builder-row fusion-row\"><div class=\"fusion-layout-column fusion_builder_column fusion-builder-column-0 fusion_builder_column_2_3 2_3 fusion-two-third fusion-column-first\" style=\"width:65.3333%; margin-right: 4%;margin-top:0px;margin-bottom:20px;\"><div class=\"fusion-column-wrapper fusion-flex-column-wrapper-legacy\" style=\"background-position:left top;background-repeat:no-repeat;-webkit-background-size:cover;-moz-background-size:cover;-o-background-size:cover;background-size:cover;padding: 0px 0px 0px 0px;\"><div class=\"fusion-sep-clear\"><\/div><div class=\"fusion-separator fusion-full-width-sep\" style=\"margin-left: auto;margin-right: auto;margin-top:20px;margin-bottom:10px;width:100%;\"><\/div><div class=\"fusion-sep-clear\"><\/div>\n<div class=\"fusion-slider-revolution rev_slider_wrapper\">\t\t\t<!-- START Amiant REVOLUTION SLIDER 6.3.3 --><p class=\"rs-p-wp-fix\"><\/p>\n\t\t\t<rs-module-wrap id=\"rev_slider_13_1_wrapper\" data-source=\"gallery\" style=\"background:#ffffff;padding:0;margin:0px auto;margin-top:0;margin-bottom:0;max-width:;\">\n\t\t\t\t<rs-module id=\"rev_slider_13_1\" style=\"\" data-version=\"6.3.3\">\n\t\t\t\t\t<rs-slides>\n\t\t\t\t\t\t<rs-slide data-key=\"rs-38\" data-title=\"Slide\" data-thumb=\"\/\/www.fibcnet.com\/wp-content\/uploads\/2021\/01\/granesa-industrial-100x100.png\" data-anim=\"ei:d;eo:d;s:d;t:crossfade;sl:d;\">\n\t\t\t\t\t\t\t<img decoding=\"async\" src=\"\/\/www.fibcnet.com\/wp-content\/uploads\/2021\/01\/granesa-industrial.png\" title=\"granesa-industrial\" width=\"1170\" height=\"1100\" data-bg=\"f:contain;\" data-parallax=\"1\" class=\"rev-slidebg\" data-no-retina>\n<!---->\t\t\t\t\t\t<\/rs-slide>\n\t\t\t\t\t\t<rs-slide data-key=\"rs-39\" data-title=\"Slide\" data-thumb=\"\/\/www.fibcnet.com\/wp-content\/uploads\/2021\/01\/granesa-industrial-amiant-100x100.png\" data-anim=\"ei:d;eo:d;s:d;t:crossfade;sl:d;\">\n\t\t\t\t\t\t\t<img decoding=\"async\" src=\"\/\/www.fibcnet.com\/wp-content\/uploads\/2021\/01\/granesa-industrial-amiant.png\" title=\"granesa-industrial-amiant\" width=\"1170\" height=\"1100\" data-bg=\"f:contain;\" data-parallax=\"off\" class=\"rev-slidebg\" data-no-retina>\n<!---->\t\t\t\t\t\t<\/rs-slide>\n\t\t\t\t\t\t<rs-slide data-key=\"rs-40\" data-title=\"Slide\" data-thumb=\"\/\/www.fibcnet.com\/wp-content\/uploads\/2021\/01\/granesa-industrial-amiant-2-100x100.png\" data-anim=\"ei:d;eo:d;s:d;t:crossfade;sl:d;\">\n\t\t\t\t\t\t\t<img decoding=\"async\" src=\"\/\/www.fibcnet.com\/wp-content\/uploads\/2021\/01\/granesa-industrial-amiant-2.png\" title=\"granesa-industrial-amiant-2\" width=\"1170\" height=\"1100\" data-bg=\"f:contain;\" data-parallax=\"off\" class=\"rev-slidebg\" data-no-retina>\n<!---->\t\t\t\t\t\t<\/rs-slide>\n\t\t\t\t\t<\/rs-slides>\n\t\t\t\t<\/rs-module>\n\t\t\t\t<script type=\"text\/javascript\">\n\t\t\t\t\tsetREVStartSize({c: 'rev_slider_13_1',rl:[1240,1024,778,480],el:[],gw:[1170],gh:[1100],type:'standard',justify:'',layout:'fullwidth',tabh:\"100\",mh:\"0\"});\n\t\t\t\t\tvar\trevapi13,\n\t\t\t\t\t\ttpj;\n\t\t\t\t\tfunction revinit_revslider131() {\n\t\t\t\t\tjQuery(function() {\n\t\t\t\t\t\ttpj = jQuery;\n\t\t\t\t\t\trevapi13 = tpj(\"#rev_slider_13_1\");\n\t\t\t\t\t\ttpj.noConflict();\n\t\t\t\t\t\tif(revapi13==undefined || revapi13.revolution == undefined){\n\t\t\t\t\t\t\trevslider_showDoubleJqueryError(\"rev_slider_13_1\");\n\t\t\t\t\t\t}else{\n\t\t\t\t\t\t\trevapi13.revolution({\n\t\t\t\t\t\t\t\tduration:2000,\n\t\t\t\t\t\t\t\tvisibilityLevels:\"1240,1024,778,480\",\n\t\t\t\t\t\t\t\tgridwidth:1170,\n\t\t\t\t\t\t\t\tgridheight:1100,\n\t\t\t\t\t\t\t\thideLayerAtLimit:481,\n\t\t\t\t\t\t\t\tspinner:\"spinner2\",\n\t\t\t\t\t\t\t\tperspectiveType:\"local\",\n\t\t\t\t\t\t\t\tresponsiveLevels:\"1240,1024,778,480\",\n\t\t\t\t\t\t\t\tprogressBar:{disableProgressBar:true},\n\t\t\t\t\t\t\t\tnavigation: {\n\t\t\t\t\t\t\t\t\tmouseScrollNavigation:false,\n\t\t\t\t\t\t\t\t\tarrows: {\n\t\t\t\t\t\t\t\t\t\tenable:true,\n\t\t\t\t\t\t\t\t\t\tstyle:\"hesperiden\",\n\t\t\t\t\t\t\t\t\t\thide_onmobile:true,\n\t\t\t\t\t\t\t\t\t\thide_onleave:true,\n\t\t\t\t\t\t\t\t\t\tleft: {\n\t\t\t\t\t\t\t\t\t\t\th_offset:40\n\t\t\t\t\t\t\t\t\t\t},\n\t\t\t\t\t\t\t\t\t\tright: {\n\t\t\t\t\t\t\t\t\t\t\th_offset:40\n\t\t\t\t\t\t\t\t\t\t}\n\t\t\t\t\t\t\t\t\t},\n\t\t\t\t\t\t\t\t\ttabs: {\n\t\t\t\t\t\t\t\t\t\tenable:true,\n\t\t\t\t\t\t\t\t\t\ttmp:\"\",\n\t\t\t\t\t\t\t\t\t\tstyle:\"custom\",\n\t\t\t\t\t\t\t\t\t\tspace:5,\n\t\t\t\t\t\t\t\t\t\theight:100,\n\t\t\t\t\t\t\t\t\t\tmin_width:0,\n\t\t\t\t\t\t\t\t\t\twrapper_padding:\"0px\",\n\t\t\t\t\t\t\t\t\t\twrapper_color:\"rgba(255,255,255,1)\",\n\t\t\t\t\t\t\t\t\t\tvisibleAmount:6,\n\t\t\t\t\t\t\t\t\t\tposition:\"outer-horizontal\"\n\t\t\t\t\t\t\t\t\t}\n\t\t\t\t\t\t\t\t},\n\t\t\t\t\t\t\t\tparallax: {\n\t\t\t\t\t\t\t\t\tlevels:[5,10,15,20,25,30,35,40,45,50,47,48,49,50,51,55],\n\t\t\t\t\t\t\t\t\ttype:\"scroll\",\n\t\t\t\t\t\t\t\t\tdisable_onmobile:true\n\t\t\t\t\t\t\t\t},\n\t\t\t\t\t\t\t\tviewPort: {\n\t\t\t\t\t\t\t\t\tenable:true,\n\t\t\t\t\t\t\t\t\tvisible_area:\"20%\"\n\t\t\t\t\t\t\t\t},\n\t\t\t\t\t\t\t\tfallbacks: {\n\t\t\t\t\t\t\t\t\tallowHTML5AutoPlayOnAndroid:true\n\t\t\t\t\t\t\t\t},\n\t\t\t\t\t\t\t});\n\t\t\t\t\t\t\tjQuery(window).on('scroll',function() {\n    var wh = jQuery(this).height();\n  \tjQuery('.tp-parallax-container').each(function() {\n        var layer = jQuery(this);\n    \tvar po = Math.abs(layer.data('parallaxoffset'));        \n        po = po - 10;\n        if (po<0) po = 0;\n        po = 1 - (po \/ 90);  \n        \/\/ Set the value -> po \/ 90)  higher to make a slower Fade Out, \n        \/\/and set it lower to make a quicker fade out.       \n        punchgs.TweenLite.to(layer,0.2,{opacity:po});\n  });\n});\n\/*\n\nconsole.log(\"Is Mobile:\"+is_mobile());\nif (is_mobile()) \nrevapi13.bind(\"revolution.slide.onloaded\",function (e) {\n\tsetTimeout(function() {\n       revapi13.revpause();\n  },4000);\n});\n\nfunction is_mobile() {\n\t      var agents = ['android', 'webos', 'iphone', 'ipad', 'blackberry','Android', 'webos', ,'iPod', 'iPhone', 'iPad', 'Blackberry', 'BlackBerry'];\n\t   var ismobile=false;\n\t      for(i in agents) {\n\n\t       if (navigator.userAgent.split(agents[i]).length>1) {\n\t              ismobile = true;\n\n\t            }\n\t      }\n\t      return ismobile;\n\t  }*\/\n\t\t\t\t\t\t}\n\t\t\t\t\t\t\n\t\t\t\t\t});\n\t\t\t\t\t} \/\/ End of RevInitScript\n\t\t\t\tvar once_revslider131 = false;\n\t\t\t\tif (document.readyState === \"loading\") {document.addEventListener('readystatechange',function() { if((document.readyState === \"interactive\" || document.readyState === \"complete\") && !once_revslider131 ) { once_revslider131 = true; revinit_revslider131();}});} else {once_revslider131 = true; revinit_revslider131();}\n\t\t\t\t<\/script>\n\t\t\t\t<script>\n\t\t\t\t\tvar htmlDivCss = ' #rev_slider_13_1_wrapper rs-loader.spinner2{ background-color: #FFFFFF !important; } ';\n\t\t\t\t\tvar htmlDiv = document.getElementById('rs-plugin-settings-inline-css');\n\t\t\t\t\tif(htmlDiv) {\n\t\t\t\t\t\thtmlDiv.innerHTML = htmlDiv.innerHTML + htmlDivCss;\n\t\t\t\t\t}else{\n\t\t\t\t\t\tvar htmlDiv = document.createElement('div');\n\t\t\t\t\t\thtmlDiv.innerHTML = '<style>' + htmlDivCss + '<\/style>';\n\t\t\t\t\t\tdocument.getElementsByTagName('head')[0].appendChild(htmlDiv.childNodes[0]);\n\t\t\t\t\t}\n\t\t\t\t<\/script>\n\t\t\t\t<script>\n\t\t\t\t\tvar htmlDivCss = unescape(\"%23rev_slider_13_1_wrapper%20.hesperiden.tparrows%20%7B%0A%09cursor%3Apointer%3B%0A%09background%3Argba%280%2C0%2C0%2C0.5%29%3B%0A%09width%3A40px%3B%0A%09height%3A40px%3B%0A%09position%3Aabsolute%3B%0A%09display%3Ablock%3B%0A%09z-index%3A1000%3B%0A%20%20%20%20border-radius%3A%2050%25%3B%0A%7D%0A%23rev_slider_13_1_wrapper%20.hesperiden.tparrows%3Ahover%20%7B%0A%09background%3A%23fecc3a%3B%0A%7D%0A%23rev_slider_13_1_wrapper%20.hesperiden.tparrows%3Abefore%20%7B%0A%09font-family%3A%20%27revicons%27%3B%0A%09font-size%3A20px%3B%0A%09color%3A%23ffffff%3B%0A%09display%3Ablock%3B%0A%09line-height%3A%2040px%3B%0A%09text-align%3A%20center%3B%0A%7D%0A%23rev_slider_13_1_wrapper%20.hesperiden.tparrows.tp-leftarrow%3Abefore%20%7B%0A%09content%3A%20%27%5Ce82c%27%3B%0A%20%20%20%20margin-left%3A-3px%3B%0A%7D%0A%23rev_slider_13_1_wrapper%20.hesperiden.tparrows.tp-rightarrow%3Abefore%20%7B%0A%09content%3A%20%27%5Ce82d%27%3B%0A%20%20%20%20margin-right%3A-3px%3B%0A%7D%0A\");\n\t\t\t\t\tvar htmlDiv = document.getElementById('rs-plugin-settings-inline-css');\n\t\t\t\t\tif(htmlDiv) {\n\t\t\t\t\t\thtmlDiv.innerHTML = htmlDiv.innerHTML + htmlDivCss;\n\t\t\t\t\t}else{\n\t\t\t\t\t\tvar htmlDiv = document.createElement('div');\n\t\t\t\t\t\thtmlDiv.innerHTML = '<style>' + htmlDivCss + '<\/style>';\n\t\t\t\t\t\tdocument.getElementsByTagName('head')[0].appendChild(htmlDiv.childNodes[0]);\n\t\t\t\t\t}\n\t\t\t\t<\/script>\n\t\t\t\t<script>\n\t\t\t\t\tvar htmlDivCss = unescape(\"%0A%0A%0A\");\n\t\t\t\t\tvar htmlDiv = document.getElementById('rs-plugin-settings-inline-css');\n\t\t\t\t\tif(htmlDiv) {\n\t\t\t\t\t\thtmlDiv.innerHTML = htmlDiv.innerHTML + htmlDivCss;\n\t\t\t\t\t}else{\n\t\t\t\t\t\tvar htmlDiv = document.createElement('div');\n\t\t\t\t\t\thtmlDiv.innerHTML = '<style>' + htmlDivCss + '<\/style>';\n\t\t\t\t\t\tdocument.getElementsByTagName('head')[0].appendChild(htmlDiv.childNodes[0]);\n\t\t\t\t\t}\n\t\t\t\t<\/script>\n\t\t\t<\/rs-module-wrap>\n\t\t\t<!-- END REVOLUTION SLIDER -->\n<\/div><div class=\"fusion-clearfix\"><\/div><\/div><\/div><div class=\"fusion-layout-column fusion_builder_column fusion-builder-column-1 fusion_builder_column_1_3 1_3 fusion-one-third fusion-column-last\" style=\"width:30.6666%;margin-top:0px;margin-bottom:20px;\"><div class=\"fusion-column-wrapper fusion-flex-column-wrapper-legacy\" style=\"background-position:left top;background-repeat:no-repeat;-webkit-background-size:cover;-moz-background-size:cover;-o-background-size:cover;background-size:cover;background-color:#f2f2f2;padding: 10% 10% 10% 10%;\"><div class=\"fusion-sep-clear\"><\/div><div class=\"fusion-separator fusion-full-width-sep\" style=\"margin-left: auto;margin-right: auto;margin-top:10px;margin-bottom:10px;width:100%;\"><\/div><div class=\"fusion-sep-clear\"><\/div><div class=\"fusion-text fusion-text-1\"><h1>GRANESAC<sup>\u00ae<\/sup><\/h1>\n<\/div><div class=\"fusion-text fusion-text-2\"><h3>Indispensables pour la construction<\/h3>\n<\/div><div class=\"fusion-sep-clear\"><\/div><div class=\"fusion-separator fusion-full-width-sep\" style=\"margin-left: auto;margin-right: auto;margin-top:10px;margin-bottom:10px;width:100%;\"><div class=\"fusion-separator-border sep-single sep-solid\" style=\"border-color:#adadad;border-top-width:1px;\"><\/div><\/div><div class=\"fusion-sep-clear\"><\/div><div class=\"fusion-text fusion-text-3\"><h3>AMIANT<\/h3>\n<h4>Conteneurs flexibles pour l\u2019amiante<\/h4>\n<\/div><div class=\"fusion-sep-clear\"><\/div><div class=\"fusion-separator fusion-full-width-sep\" style=\"margin-left: auto;margin-right: auto;margin-top:10px;margin-bottom:10px;width:100%;\"><div class=\"fusion-separator-border sep-single sep-solid\" style=\"border-color:#adadad;border-top-width:1px;\"><\/div><\/div><div class=\"fusion-sep-clear\"><\/div><div class=\"fusion-text fusion-text-4\"><h4>Conteneurs sp\u00e9cialement con\u00e7us pour le ramassage et le transport des d\u00e9chets contenant de l\u2019amiante. Ce type de d\u00e9chet doit \u00eatre ramass\u00e9 s\u00e9par\u00e9ment du reste des d\u00e9chets qui peuvent \u00eatre g\u00e9n\u00e9r\u00e9s.<\/h4>\n<\/div><div class=\"fusion-sep-clear\"><\/div><div class=\"fusion-separator fusion-full-width-sep\" style=\"margin-left: auto;margin-right: auto;margin-top:10px;margin-bottom:10px;width:100%;\"><div class=\"fusion-separator-border sep-single sep-solid\" style=\"border-color:#adadad;border-top-width:1px;\"><\/div><\/div><div class=\"fusion-sep-clear\"><\/div><div class=\"fusion-text fusion-text-5\"><h5 style=\"text-align: center;\">INFORMATIONS SUPPL\u00c9MENTAIRES<\/h5>\n<\/div><div class=\"fusion-align-block\"><style type=\"text\/css\">.fusion-button.button-1 {border-radius:2px;}<\/style><a class=\"fusion-button button-flat button-large button-default button-1 fusion-button-span-yes \" target=\"_blank\" rel=\"noopener noreferrer\" href=\"http:\/\/www.fibcnet.com\/wp-content\/uploads\/2021\/06\/dossier_web_GRANESAC-IND_MAT_PELIGROSAS.pdf\"><i class=\" fa fa-file-pdf-o button-icon-left\" aria-hidden=\"true\"><\/i><span class=\"fusion-button-text\">TEL\u00c9CHARGER LE PDF (ESP)<\/span><\/a><\/div><div class=\"fusion-align-block\"><style type=\"text\/css\">.fusion-button.button-2 {border-radius:2px;}<\/style><a class=\"fusion-button button-flat button-large button-default button-2 fusion-button-span-yes \" target=\"_blank\" rel=\"noopener noreferrer\" href=\"http:\/\/www.fibcnet.com\/fr\/configurateur-fibc\/\"><i class=\" fa fa-file-o button-icon-left\" aria-hidden=\"true\"><\/i><span class=\"fusion-button-text\">DEMANDER UN DEVIS GRATUIT<\/span><\/a><\/div><div class=\"fusion-align-block\"><style type=\"text\/css\">.fusion-button.button-3 {border-radius:2px;}<\/style><a class=\"fusion-button button-flat button-large button-default button-3 fusion-button-span-yes \" target=\"_blank\" rel=\"noopener noreferrer\" href=\"http:\/\/www.fibcnet.com\/fr\/contact\/\"><span class=\"fusion-button-text\">NOUS CONTACTER<\/span><\/a><\/div><div class=\"fusion-sep-clear\"><\/div><div class=\"fusion-separator fusion-full-width-sep\" style=\"margin-left: auto;margin-right: auto;margin-top:5px;margin-bottom:5px;width:100%;\"><\/div><div class=\"fusion-sep-clear\"><\/div><div class=\"fusion-clearfix\"><\/div><\/div><\/div><\/div><\/div>\n","protected":false},"excerpt":{"rendered":"","protected":false},"author":2,"featured_media":0,"parent":3919,"menu_order":0,"comment_status":"closed","ping_status":"closed","template":"100-width.php","meta":{"footnotes":""},"class_list":["post-3907","page","type-page","status-publish","hentry"],"_links":{"self":[{"href":"https:\/\/www.fibcnet.com\/fr\/wp-json\/wp\/v2\/pages\/3907","targetHints":{"allow":["GET"]}}],"collection":[{"href":"https:\/\/www.fibcnet.com\/fr\/wp-json\/wp\/v2\/pages"}],"about":[{"href":"https:\/\/www.fibcnet.com\/fr\/wp-json\/wp\/v2\/types\/page"}],"author":[{"embeddable":true,"href":"https:\/\/www.fibcnet.com\/fr\/wp-json\/wp\/v2\/users\/2"}],"replies":[{"embeddable":true,"href":"https:\/\/www.fibcnet.com\/fr\/wp-json\/wp\/v2\/comments?post=3907"}],"version-history":[{"count":13,"href":"https:\/\/www.fibcnet.com\/fr\/wp-json\/wp\/v2\/pages\/3907\/revisions"}],"predecessor-version":[{"id":5090,"href":"https:\/\/www.fibcnet.com\/fr\/wp-json\/wp\/v2\/pages\/3907\/revisions\/5090"}],"up":[{"embeddable":true,"href":"https:\/\/www.fibcnet.com\/fr\/wp-json\/wp\/v2\/pages\/3919"}],"wp:attachment":[{"href":"https:\/\/www.fibcnet.com\/fr\/wp-json\/wp\/v2\/media?parent=3907"}],"curies":[{"name":"wp","href":"https:\/\/api.w.org\/{rel}","templated":true}]}}