{"id":3956,"date":"2018-06-01T09:43:39","date_gmt":"2018-06-01T09:43:39","guid":{"rendered":"http:\/\/www.fibcnet.com\/?page_id=3956"},"modified":"2019-05-17T12:14:08","modified_gmt":"2019-05-17T10:14:08","slug":"lentreprise","status":"publish","type":"page","link":"https:\/\/www.fibcnet.com\/fr\/lentreprise\/","title":{"rendered":"L\u2019ENTREPRISE"},"content":{"rendered":"<p><div class=\"fusion-fullwidth fullwidth-box fusion-builder-row-1 nonhundred-percent-fullwidth non-hundred-percent-height-scrolling\" style=\"background-color: #fbc918;background-position: left top;background-repeat: no-repeat;padding-top:0px;padding-right:0px;padding-bottom:0px;padding-left:0px;margin-bottom: 0px;margin-top: 0px;border-width: 0px 0px 0px 0px;border-color:#eae9e9;border-style:solid;\" ><div class=\"fusion-builder-row fusion-row\"><div class=\"fusion-layout-column fusion_builder_column fusion-builder-column-0 fusion_builder_column_1_1 1_1 fusion-one-full fusion-column-first fusion-column-last fusion-animated\" style=\"margin-top:0px;margin-bottom:20px;\" data-animationType=\"fadeInDown\" data-animationDuration=\"1.0\" data-animationOffset=\"top-into-view\"><div class=\"fusion-column-wrapper fusion-flex-column-wrapper-legacy\" style=\"background-position:left top;background-repeat:no-repeat;-webkit-background-size:cover;-moz-background-size:cover;-o-background-size:cover;background-size:cover;padding: 0px 0px 0px 0px;\"><div class=\"fusion-sep-clear\"><\/div><div class=\"fusion-separator fusion-full-width-sep\" style=\"margin-left: auto;margin-right: auto;margin-top:30px;margin-bottom:30px;width:100%;\"><\/div><div class=\"fusion-sep-clear\"><\/div><div class=\"fusion-text fusion-text-1\"><h1 style=\"text-align: center;\">Pr\u00e9sentation<\/h1>\n<\/div><div class=\"fusion-sep-clear\"><\/div><div class=\"fusion-separator fusion-full-width-sep\" style=\"margin-left: auto;margin-right: auto;margin-top:5px;margin-bottom:5px;width:100%;\"><\/div><div class=\"fusion-sep-clear\"><\/div><div class=\"fusion-clearfix\"><\/div><\/div><\/div><\/div><\/div><div class=\"fusion-fullwidth fullwidth-box fusion-builder-row-2 nonhundred-percent-fullwidth non-hundred-percent-height-scrolling\" style=\"background-color: #f2f2f2;background-position: left top;background-repeat: no-repeat;padding-top:0px;padding-right:0px;padding-bottom:0px;padding-left:0px;margin-bottom: 0px;margin-top: 0px;border-width: 0px 0px 0px 0px;border-color:#eae9e9;border-style:solid;\" ><div class=\"fusion-builder-row fusion-row\"><div class=\"fusion-layout-column fusion_builder_column fusion-builder-column-1 fusion_builder_column_1_1 1_1 fusion-one-full fusion-column-first fusion-column-last\" style=\"margin-top:0px;margin-bottom:20px;\"><div class=\"fusion-column-wrapper fusion-flex-column-wrapper-legacy\" style=\"background-position:left top;background-repeat:no-repeat;-webkit-background-size:cover;-moz-background-size:cover;-o-background-size:cover;background-size:cover;background-color:#f2f2f2;padding: 0px 0px 0px 0px;\"><div class=\"fusion-sep-clear\"><\/div><div class=\"fusion-separator fusion-full-width-sep\" style=\"margin-left: auto;margin-right: auto;margin-top:30px;width:100%;\"><\/div><div class=\"fusion-sep-clear\"><\/div><div class=\"fusion-clearfix\"><\/div><\/div><\/div><div class=\"fusion-layout-column fusion_builder_column fusion-builder-column-2 fusion_builder_column_1_5 1_5 fusion-one-fifth fusion-column-first\" style=\"width:16.8%; margin-right: 4%;margin-top:0px;margin-bottom:20px;\"><div class=\"fusion-column-wrapper fusion-flex-column-wrapper-legacy\" style=\"background-position:left top;background-repeat:no-repeat;-webkit-background-size:cover;-moz-background-size:cover;-o-background-size:cover;background-size:cover;background-color:#f2f2f2;padding: 0px 0px 0px 0px;\"><div class=\"fusion-sep-clear\"><\/div><div class=\"fusion-separator fusion-full-width-sep\" style=\"margin-left: auto;margin-right: auto;margin-top:30px;width:100%;\"><\/div><div class=\"fusion-sep-clear\"><\/div><div class=\"fusion-clearfix\"><\/div><\/div><\/div><div class=\"fusion-layout-column fusion_builder_column fusion-builder-column-3 fusion_builder_column_3_5 3_5 fusion-three-fifth\" style=\"width:58.4%; margin-right: 4%;margin-top:0px;margin-bottom:20px;\"><div class=\"fusion-column-wrapper fusion-flex-column-wrapper-legacy\" style=\"background-position:left top;background-repeat:no-repeat;-webkit-background-size:cover;-moz-background-size:cover;-o-background-size:cover;background-size:cover;background-color:#f2f2f2;padding: 0px 0px 0px 0px;\"><a id=\"\" class=\"\" title=\"\" href=\"http:\/\/www.fibcnet.com\/wp-content\/uploads\/2018\/04\/panoramica-Sallent.png\" data-rel=\"prettyPhoto\"><img decoding=\"async\" src=\"http:\/\/www.fibcnet.com\/wp-content\/uploads\/2018\/04\/panoramica-Sallent.png\" alt=\"\" \/><\/a><div class=\"fusion-sep-clear\"><\/div><div class=\"fusion-separator fusion-full-width-sep\" style=\"margin-left: auto;margin-right: auto;margin-top:30px;width:100%;\"><\/div><div class=\"fusion-sep-clear\"><\/div><div class=\"fusion-text fusion-text-2\"><h2>Chez CLIMESA, nous \u00e9laborons, concevons et fabriquons des conteneurs flexibles destin\u00e9s \u00e0 emballer tous types de produits granul\u00e9s et pulv\u00e9rulents.<\/h2>\n<p style=\"text-align: justify;\">Le haut niveau de sp\u00e9cialisation de notre \u00e9quipe, ainsi que notre exp\u00e9rience dans le secteur de l\u2019emballage et du conditionnement, nous permettent de cr\u00e9er et d\u2019adapter des solutions industrielles offrant le meilleur r\u00e9sultat, des op\u00e9rations classiques et traditionnelles jusqu\u2019aux applications les plus avanc\u00e9es.<\/p>\n<blockquote>\n<p>Le principal objectif de notre activit\u00e9 est d\u2019obtenir de la part de nos clients le meilleur niveau de satisfaction existant dans notre secteur, gr\u00e2ce \u00e0 une production de qualit\u00e9 sup\u00e9rieure, certifi\u00e9e et efficace, r\u00e9pondant aux exigences techniques de chaque op\u00e9ration.<\/p>\n<\/blockquote>\n<p style=\"text-align: justify;\">Un service de proximit\u00e9, pr\u00e9cis et fiable, bas\u00e9 sur le professionnalisme d\u2019une \u00e9quipe dont la jeunesse est associ\u00e9e au savoir-faire d\u2019un pass\u00e9 et d\u2019un pr\u00e9sent existants depuis l\u2019usine de confection.<\/p>\n<p style=\"text-align: justify;\">Nous croyons en un travail bien ex\u00e9cut\u00e9 et en des valeurs d\u2019entreprise qui constituent la base d\u2019une croissance durable. Nous cr\u00e9ons un environnement de confiance qui permet de multiplier les relations dans notre milieu et de collaborer avec elles. Nous pensons de mani\u00e8re globale. Nous agissons localement, toujours proches de nos clients et de leurs besoins et en harmonie avec eux.<\/p>\n<\/div><div class=\"fusion-sep-clear\"><\/div><div class=\"fusion-separator fusion-full-width-sep\" style=\"margin-left: auto;margin-right: auto;margin-top:30px;width:100%;\"><\/div><div class=\"fusion-sep-clear\"><\/div><div class=\"fusion-text fusion-text-3\"><h3>Pr\u00e9sentation de CLIMESA dans HISPACK 2015 (audio en espagnol)<\/h3>\n<\/div><div class=\"fusion-video fusion-youtube\" style=\"max-width:600px;max-height:360px;\"><div class=\"video-shortcode\"><iframe title=\"YouTube video player 1\" src=\"https:\/\/www.youtube.com\/embed\/Jj9C2W7yvU0?wmode=transparent&autoplay=0&amp;rel=0\" width=\"600\" height=\"360\" allowfullscreen allow=\"autoplay; fullscreen\"><\/iframe><\/div><\/div><div class=\"fusion-sep-clear\"><\/div><div class=\"fusion-separator fusion-full-width-sep\" style=\"margin-left: auto;margin-right: auto;margin-top:30px;width:100%;\"><\/div><div class=\"fusion-sep-clear\"><\/div><div class=\"fusion-clearfix\"><\/div><\/div><\/div><\/div><\/div><div class=\"fusion-fullwidth fullwidth-box fusion-builder-row-3 nonhundred-percent-fullwidth non-hundred-percent-height-scrolling\" style=\"background-color: #fbc918;background-position: left top;background-repeat: no-repeat;padding-top:0px;padding-right:0px;padding-bottom:0px;padding-left:0px;margin-bottom: 0px;margin-top: 0px;border-width: 0px 0px 0px 0px;border-color:#eae9e9;border-style:solid;\" ><div class=\"fusion-builder-row fusion-row\"><div class=\"fusion-layout-column fusion_builder_column fusion-builder-column-4 fusion_builder_column_1_1 1_1 fusion-one-full fusion-column-first fusion-column-last fusion-animated\" style=\"margin-top:0px;margin-bottom:20px;\" data-animationType=\"fadeInDown\" data-animationDuration=\"1.0\" data-animationOffset=\"top-into-view\"><div class=\"fusion-column-wrapper fusion-flex-column-wrapper-legacy\" style=\"background-position:left top;background-repeat:no-repeat;-webkit-background-size:cover;-moz-background-size:cover;-o-background-size:cover;background-size:cover;padding: 0px 0px 0px 0px;\"><div class=\"fusion-sep-clear\"><\/div><div class=\"fusion-separator fusion-full-width-sep\" style=\"margin-left: auto;margin-right: auto;margin-top:30px;margin-bottom:30px;width:100%;\"><\/div><div class=\"fusion-sep-clear\"><\/div><div class=\"fusion-text fusion-text-4\"><h1 style=\"text-align: center;\">Histoire<\/h1>\n<\/div><div class=\"fusion-sep-clear\"><\/div><div class=\"fusion-separator fusion-full-width-sep\" style=\"margin-left: auto;margin-right: auto;margin-top:5px;margin-bottom:5px;width:100%;\"><\/div><div class=\"fusion-sep-clear\"><\/div><div class=\"fusion-clearfix\"><\/div><\/div><\/div><\/div><\/div><div class=\"fusion-fullwidth fullwidth-box fusion-builder-row-4 nonhundred-percent-fullwidth non-hundred-percent-height-scrolling\" style=\"background-color: #f2f2f2;background-position: left top;background-repeat: no-repeat;padding-top:0px;padding-right:0px;padding-bottom:0px;padding-left:0px;margin-bottom: 0px;margin-top: 0px;border-width: 0px 0px 0px 0px;border-color:#eae9e9;border-style:solid;\" ><div class=\"fusion-builder-row fusion-row\"><div class=\"fusion-layout-column fusion_builder_column fusion-builder-column-5 fusion_builder_column_1_1 1_1 fusion-one-full fusion-column-first fusion-column-last\" style=\"margin-top:0px;margin-bottom:20px;\"><div class=\"fusion-column-wrapper fusion-flex-column-wrapper-legacy\" style=\"background-position:left top;background-repeat:no-repeat;-webkit-background-size:cover;-moz-background-size:cover;-o-background-size:cover;background-size:cover;background-color:#f2f2f2;padding: 0px 0px 0px 0px;\"><div class=\"fusion-sep-clear\"><\/div><div class=\"fusion-separator fusion-full-width-sep\" style=\"margin-left: auto;margin-right: auto;margin-top:30px;width:100%;\"><\/div><div class=\"fusion-sep-clear\"><\/div><div class=\"fusion-clearfix\"><\/div><\/div><\/div><div class=\"fusion-layout-column fusion_builder_column fusion-builder-column-6 fusion_builder_column_1_1 1_1 fusion-one-full fusion-column-first fusion-column-last\" style=\"margin-top:0px;margin-bottom:20px;\"><div class=\"fusion-column-wrapper fusion-flex-column-wrapper-legacy\" style=\"background-position:left top;background-repeat:no-repeat;-webkit-background-size:cover;-moz-background-size:cover;-o-background-size:cover;background-size:cover;background-color:#f2f2f2;padding: 0px 0px 0px 0px;\"><a id=\"\" class=\"\" title=\"\" href=\"http:\/\/www.fibcnet.com\/wp-content\/uploads\/2018\/04\/composicio_02.png\" data-rel=\"prettyPhoto\"><img decoding=\"async\" src=\"http:\/\/www.fibcnet.com\/wp-content\/uploads\/2018\/04\/composicio_02.png\" alt=\"\" \/><\/a><div class=\"fusion-clearfix\"><\/div><\/div><\/div><div class=\"fusion-layout-column fusion_builder_column fusion-builder-column-7 fusion_builder_column_1_5 1_5 fusion-one-fifth fusion-column-first\" style=\"width:16.8%; margin-right: 4%;margin-top:0px;margin-bottom:20px;\"><div class=\"fusion-column-wrapper fusion-flex-column-wrapper-legacy\" style=\"background-position:left top;background-repeat:no-repeat;-webkit-background-size:cover;-moz-background-size:cover;-o-background-size:cover;background-size:cover;background-color:#f2f2f2;padding: 0px 0px 0px 0px;\"><div class=\"fusion-sep-clear\"><\/div><div class=\"fusion-separator fusion-full-width-sep\" style=\"margin-left: auto;margin-right: auto;margin-top:30px;width:100%;\"><\/div><div class=\"fusion-sep-clear\"><\/div><div class=\"fusion-clearfix\"><\/div><\/div><\/div><div class=\"fusion-layout-column fusion_builder_column fusion-builder-column-8 fusion_builder_column_3_5 3_5 fusion-three-fifth\" style=\"width:58.4%; margin-right: 4%;margin-top:0px;margin-bottom:20px;\"><div class=\"fusion-column-wrapper fusion-flex-column-wrapper-legacy\" style=\"background-position:left top;background-repeat:no-repeat;-webkit-background-size:cover;-moz-background-size:cover;-o-background-size:cover;background-size:cover;background-color:#f2f2f2;padding: 0px 0px 0px 0px;\"><div class=\"fusion-text fusion-text-5\"><h2>Dans les ann\u00e9es\u00a01930, la famille Climent vivait et travaillait dans une maison du quartier de la Plata de Poble Nou, \u00e0 Barcelone.<\/h2>\n<p style=\"text-align: justify;\">Le m\u00e9tier de sellier, artisan du cuir, \u00e9tait vraiment pr\u00e9cieux dans une grande ville o\u00f9 les d\u00e9placements se faisaient encore avec des chevaux d\u2019attelage. L\u2019art de la couture, \u00e0 la main et avec les premi\u00e8res machines industrielles, est \u00e0 l\u2019origine de l\u2019entreprise CLIMESA actuelle, puisqu\u2019en\u00a01973, Juan Climent Isalt, notre fondateur, a entrepris le d\u00e9veloppement et la fabrication de produits qui commen\u00e7aient \u00e0 introduire les tissus synth\u00e9tiques, pour les \u00e9conomies et les propri\u00e9t\u00e9s favorables \u00e0 l\u2019am\u00e9lioration des produits existants qu\u2019ils apportaient.<\/p>\n<p style=\"text-align: justify;\">C\u2019est ainsi que, gr\u00e2ce \u00e0 la cr\u00e9ation du raphia et des bandes de polypropyl\u00e8ne, est n\u00e9 ce qui est devenu aujourd\u2019hui un emballage industriel tr\u00e8s utilis\u00e9 dans les industries chimique et mini\u00e8re ainsi que dans le secteur agroalimentaire. Dans les ann\u00e9es\u00a080, l\u2019utilisation des conteneurs flexibles s\u2019est \u00e9tendue au stockage et au transport de produits de tous types. CLIMESA a invent\u00e9 et apport\u00e9 des solutions pratiques \u00e0 un emballage technique auquel \u00e9taient constamment demand\u00e9es de nouvelles utilisations. Dans les ann\u00e9es\u00a090, pouss\u00e9s par le fort mouvement de construction de la Barcelone pr\u00e9-olympique, nous avons \u00e9t\u00e9 le moteur de l\u2019invention et de l\u2019\u00e9laboration du ramassage des d\u00e9chets urbains, utilisant un conteneur flexible simple, tr\u00e8s r\u00e9sistant, et qui fait depuis partie du paysage de nos villes.<\/p>\n<p style=\"text-align: justify;\">La personnalisation, les tissus de couleur, la conception pratique, l\u2019interaction avec les transporteurs et les professionnels de la gestion des d\u00e9chets, nous ont amen\u00e9s \u00e0 un mod\u00e8le de r\u00e9ussite et, sans aucun doute, de durabilit\u00e9 dans le secteur de la construction et de la r\u00e9novation. Ce mod\u00e8le a ouvert la porte \u00e0 l\u2019approvisionnement de mat\u00e9riaux sur les sites de construction, de fa\u00e7on pratique, par lots de 1\u00a0000\u00a0kg et avec des variantes d\u2019adaptation maximale aux demandes du march\u00e9.<\/p>\n<blockquote>\n<p>La constance de notre activit\u00e9 dans les secteurs industriels nous a conduits \u00e0 actualiser et r\u00e9nover en permanence nos processus et notre contr\u00f4le de la qualit\u00e9, en respectant \u00e0 tout moment les normes internationales et la r\u00e9glementation en vigueur.<\/p>\n<\/blockquote>\n<p style=\"text-align: justify;\">CLIMESA est le membre actuel le plus ancien de EFIBCA (depuis\u00a01987), association rassemblant les entreprises de notre sous-secteur. Nous avons obtenu en\u00a01996 notre certification ISO\u00a09001, que nous renouvelons depuis lors \u00e0 la fr\u00e9quence exig\u00e9e. Une fa\u00e7on claire de d\u00e9montrer que nos processus et notre organisation sont planifi\u00e9s, structur\u00e9s et continuellement revus.<\/p>\n<p style=\"text-align: justify;\">Notre qualit\u00e9 est assur\u00e9e par nos employ\u00e9s, des personnes d\u2019origines diverses, unies dans un travail et un projet industriel qui respecte les meilleures valeurs de notre soci\u00e9t\u00e9. Nous sommes pr\u00eats \u00e0 donner chaque jour le meilleur de nous-m\u00eames et \u00e0 r\u00e9pondre aux besoins de nos clients.<\/p>\n<p style=\"text-align: justify;\">En\u00a02000, CLIMESA a agrandi ses installations avec une usine de 6\u00a0000\u00a0m\u00e8tres carr\u00e9s sur la commune de Castellgal\u00ed. Nous avons r\u00e9cemment d\u00e9plac\u00e9 et agrandi la capacit\u00e9 de cette usine vers un nouveau site \u00e0 Plans de la Sala, \u00e0 Sallent.<\/p>\n<p style=\"text-align: justify;\">Depuis octobre\u00a02015, nous fabriquons nos produits dans un b\u00e2timent tr\u00e8s performant et avec la meilleure technologie afin d\u2019augmenter notre offre en termes de quantit\u00e9 et de qualit\u00e9, et surtout d\u2019innovation, que notre secteur n\u2019est pas capable de d\u00e9velopper.<\/p>\n<p style=\"text-align: justify;\">Aujourd\u2019hui, CLIMESA est une entreprise de type familial, avec un haut niveau de professionnalisation de son \u00e9quipe technique et de direction. Nous sommes en mesure de cr\u00e9er le futur car nous savons ce dont nos clients ont besoin. Et nous savons comment y parvenir de mani\u00e8re constructive et durable.<\/p>\n<\/div><div class=\"fusion-sep-clear\"><\/div><div class=\"fusion-separator fusion-full-width-sep\" style=\"margin-left: auto;margin-right: auto;margin-top:30px;width:100%;\"><\/div><div class=\"fusion-sep-clear\"><\/div><div class=\"fusion-clearfix\"><\/div><\/div><\/div><\/div><\/div><div class=\"fusion-fullwidth fullwidth-box fusion-builder-row-5 nonhundred-percent-fullwidth non-hundred-percent-height-scrolling\" style=\"background-color: #f2f2f2;background-position: left top;background-repeat: no-repeat;padding-top:0px;padding-right:0px;padding-bottom:50px;padding-left:0px;margin-bottom: 0px;margin-top: 0px;border-width: 0px 0px 0px 0px;border-color:#eae9e9;border-style:solid;\" ><div class=\"fusion-builder-row fusion-row\"><div class=\"fusion-layout-column fusion_builder_column fusion-builder-column-9 fusion_builder_column_1_1 1_1 fusion-one-full fusion-column-first fusion-column-last\" style=\"margin-top:0px;margin-bottom:20px;\"><div class=\"fusion-column-wrapper fusion-flex-column-wrapper-legacy fusion-empty-dims-bg-image\" style=\"background-image: url(&#039;http:\/\/www.fibcnet.com\/wp-content\/uploads\/DSC_0008-1200x798.jpg&#039;);background-position:left top;background-repeat:no-repeat;-webkit-background-size:cover;-moz-background-size:cover;-o-background-size:cover;background-size:cover;background-color:#cccccc;padding: 0px 0px 0px 0px;\" data-bg-url=\"http:\/\/www.fibcnet.com\/wp-content\/uploads\/DSC_0008-1200x798.jpg\"><div class=\"fusion-sep-clear\"><\/div><div class=\"fusion-separator fusion-full-width-sep\" style=\"margin-left: auto;margin-right: auto;margin-top:700px;width:100%;\"><\/div><div class=\"fusion-sep-clear\"><\/div><div class=\"fusion-clearfix\"><\/div><\/div><\/div><\/div><\/div><\/p>\n","protected":false},"excerpt":{"rendered":"","protected":false},"author":2,"featured_media":0,"parent":0,"menu_order":0,"comment_status":"closed","ping_status":"closed","template":"100-width.php","meta":{"footnotes":""},"class_list":["post-3956","page","type-page","status-publish","hentry"],"_links":{"self":[{"href":"https:\/\/www.fibcnet.com\/fr\/wp-json\/wp\/v2\/pages\/3956","targetHints":{"allow":["GET"]}}],"collection":[{"href":"https:\/\/www.fibcnet.com\/fr\/wp-json\/wp\/v2\/pages"}],"about":[{"href":"https:\/\/www.fibcnet.com\/fr\/wp-json\/wp\/v2\/types\/page"}],"author":[{"embeddable":true,"href":"https:\/\/www.fibcnet.com\/fr\/wp-json\/wp\/v2\/users\/2"}],"replies":[{"embeddable":true,"href":"https:\/\/www.fibcnet.com\/fr\/wp-json\/wp\/v2\/comments?post=3956"}],"version-history":[{"count":9,"href":"https:\/\/www.fibcnet.com\/fr\/wp-json\/wp\/v2\/pages\/3956\/revisions"}],"predecessor-version":[{"id":4366,"href":"https:\/\/www.fibcnet.com\/fr\/wp-json\/wp\/v2\/pages\/3956\/revisions\/4366"}],"wp:attachment":[{"href":"https:\/\/www.fibcnet.com\/fr\/wp-json\/wp\/v2\/media?parent=3956"}],"curies":[{"name":"wp","href":"https:\/\/api.w.org\/{rel}","templated":true}]}}