{"id":4986,"date":"2021-09-06T19:48:25","date_gmt":"2021-09-06T17:48:25","guid":{"rendered":"https:\/\/www.fibcnet.com\/?page_id=4986"},"modified":"2021-09-06T20:14:28","modified_gmt":"2021-09-06T18:14:28","slug":"publisac","status":"publish","type":"page","link":"https:\/\/www.fibcnet.com\/fr\/publisac\/","title":{"rendered":"PUBLISAC\u00ae"},"content":{"rendered":"<div class=\"fusion-fullwidth fullwidth-box fusion-builder-row-1 nonhundred-percent-fullwidth non-hundred-percent-height-scrolling\" style=\"background-color: rgba(255,255,255,0);background-position: left top;background-repeat: no-repeat;padding-top:0px;padding-right:0px;padding-bottom:0px;padding-left:0px;margin-bottom: 0px;margin-top: 0px;border-width: 0px 0px 0px 0px;border-color:#eae9e9;border-style:solid;\" ><div class=\"fusion-builder-row fusion-row\"><div class=\"fusion-layout-column fusion_builder_column fusion-builder-column-0 fusion_builder_column_2_3 2_3 fusion-two-third fusion-column-first\" style=\"width:65.3333%; margin-right: 4%;margin-top:0px;margin-bottom:20px;\"><div class=\"fusion-column-wrapper fusion-flex-column-wrapper-legacy\" style=\"background-position:left top;background-repeat:no-repeat;-webkit-background-size:cover;-moz-background-size:cover;-o-background-size:cover;background-size:cover;padding: 0px 0px 0px 0px;\"><div class=\"fusion-sep-clear\"><\/div><div class=\"fusion-separator fusion-full-width-sep\" style=\"margin-left: auto;margin-right: auto;margin-top:20px;margin-bottom:10px;width:100%;\"><\/div><div class=\"fusion-sep-clear\"><\/div>\n<div class=\"fusion-slider-revolution rev_slider_wrapper\">\t\t\t<!-- START Publisac REVOLUTION SLIDER 6.3.3 --><p class=\"rs-p-wp-fix\"><\/p>\n\t\t\t<rs-module-wrap id=\"rev_slider_29_1_wrapper\" data-source=\"gallery\" style=\"background:#ffffff;padding:0;margin:0px auto;margin-top:0;margin-bottom:0;max-width:;\">\n\t\t\t\t<rs-module id=\"rev_slider_29_1\" style=\"\" data-version=\"6.3.3\">\n\t\t\t\t\t<rs-slides>\n\t\t\t\t\t\t<rs-slide data-key=\"rs-140\" data-thumb=\"\/\/www.fibcnet.com\/wp-content\/uploads\/2020\/09\/Captura-de-pantalla-2020-09-02-a-les-18.09.55-100x100.jpg\" data-anim=\"ei:d;eo:d;s:600;r:0;t:fade;sl:d;\">\n\t\t\t\t\t\t\t<img decoding=\"async\" src=\"\/\/www.fibcnet.com\/wp-content\/uploads\/2020\/09\/Captura-de-pantalla-2020-09-02-a-les-18.09.55.jpg\" title=\"Captura de pantalla 2020-09-02 a les 18.09.55\" width=\"2910\" height=\"2460\" data-bg=\"p:center bottom;\" data-parallax=\"off\" class=\"rev-slidebg\" data-no-retina>\n<!---->\t\t\t\t\t\t<\/rs-slide>\n\t\t\t\t\t\t<rs-slide data-key=\"rs-136\" data-thumb=\"\/\/www.fibcnet.com\/wp-content\/uploads\/2020\/09\/Captura-de-pantalla-2020-09-02-a-les-18.10.15-100x100.jpg\" data-anim=\"ei:d;eo:d;s:900;r:0;t:fade;sl:7;\">\n\t\t\t\t\t\t\t<img decoding=\"async\" src=\"\/\/www.fibcnet.com\/wp-content\/uploads\/2020\/09\/Captura-de-pantalla-2020-09-02-a-les-18.10.15.jpg\" title=\"Captura de pantalla 2020-09-02 a les 18.10.15\" width=\"1998\" height=\"2000\" data-bg=\"p:center top;\" data-parallax=\"1\" class=\"rev-slidebg\" data-no-retina>\n<!---->\t\t\t\t\t\t<\/rs-slide>\n\t\t\t\t\t\t<rs-slide data-key=\"rs-139\" data-thumb=\"\/\/www.fibcnet.com\/wp-content\/uploads\/2020\/09\/Captura-de-pantalla-2020-09-02-a-les-18.15.52-100x100.jpg\" data-anim=\"ei:d;eo:d;s:600;r:0;t:fade;sl:d;\">\n\t\t\t\t\t\t\t<img decoding=\"async\" src=\"\/\/www.fibcnet.com\/wp-content\/uploads\/2020\/09\/Captura-de-pantalla-2020-09-02-a-les-18.15.52.jpg\" title=\"Captura de pantalla 2020-09-02 a les 18.15.52\" width=\"1376\" height=\"1198\" data-bg=\"p:center bottom;\" data-parallax=\"off\" class=\"rev-slidebg\" data-no-retina>\n<!---->\t\t\t\t\t\t<\/rs-slide>\n\t\t\t\t\t<\/rs-slides>\n\t\t\t\t<\/rs-module>\n\t\t\t\t<script type=\"text\/javascript\">\n\t\t\t\t\tsetREVStartSize({c: 'rev_slider_29_1',rl:[1240,1024,778,480],el:[1100],gw:[1170],gh:[1100],type:'standard',justify:'',layout:'fullwidth',tabh:\"80\",mh:\"0\"});\n\t\t\t\t\tvar\trevapi29,\n\t\t\t\t\t\ttpj;\n\t\t\t\t\tfunction revinit_revslider291() {\n\t\t\t\t\tjQuery(function() {\n\t\t\t\t\t\ttpj = jQuery;\n\t\t\t\t\t\trevapi29 = tpj(\"#rev_slider_29_1\");\n\t\t\t\t\t\ttpj.noConflict();\n\t\t\t\t\t\tif(revapi29==undefined || revapi29.revolution == undefined){\n\t\t\t\t\t\t\trevslider_showDoubleJqueryError(\"rev_slider_29_1\");\n\t\t\t\t\t\t}else{\n\t\t\t\t\t\t\trevapi29.revolution({\n\t\t\t\t\t\t\t\tduration:2000,\n\t\t\t\t\t\t\t\tvisibilityLevels:\"1240,1024,778,480\",\n\t\t\t\t\t\t\t\tgridwidth:1170,\n\t\t\t\t\t\t\t\tgridheight:1100,\n\t\t\t\t\t\t\t\thideLayerAtLimit:481,\n\t\t\t\t\t\t\t\tspinner:\"spinner2\",\n\t\t\t\t\t\t\t\tperspective:600,\n\t\t\t\t\t\t\t\tperspectiveType:\"local\",\n\t\t\t\t\t\t\t\teditorheight:\"1100,768,960,720\",\n\t\t\t\t\t\t\t\tresponsiveLevels:\"1240,1024,778,480\",\n\t\t\t\t\t\t\t\tprogressBar:{disableProgressBar:true},\n\t\t\t\t\t\t\t\tnavigation: {\n\t\t\t\t\t\t\t\t\tmouseScrollNavigation:false,\n\t\t\t\t\t\t\t\t\twheelCallDelay:1000,\n\t\t\t\t\t\t\t\t\tarrows: {\n\t\t\t\t\t\t\t\t\t\tenable:true,\n\t\t\t\t\t\t\t\t\t\tstyle:\"hesperiden\",\n\t\t\t\t\t\t\t\t\t\thide_onmobile:true,\n\t\t\t\t\t\t\t\t\t\thide_onleave:true,\n\t\t\t\t\t\t\t\t\t\tleft: {\n\t\t\t\t\t\t\t\t\t\t\th_offset:40\n\t\t\t\t\t\t\t\t\t\t},\n\t\t\t\t\t\t\t\t\t\tright: {\n\t\t\t\t\t\t\t\t\t\t\th_offset:40\n\t\t\t\t\t\t\t\t\t\t}\n\t\t\t\t\t\t\t\t\t},\n\t\t\t\t\t\t\t\t\ttabs: {\n\t\t\t\t\t\t\t\t\t\tenable:true,\n\t\t\t\t\t\t\t\t\t\ttmp:\"<div class=\\\"tp-tab-content\\\">  <span class=\\\"tp-tab-date\\\">{{param1}}<\/span>  <span class=\\\"tp-tab-title\\\">{{title}}<\/span><\/div><div class=\\\"tp-tab-image\\\"><\/div>\",\n\t\t\t\t\t\t\t\t\t\tstyle:\"hesperiden\",\n\t\t\t\t\t\t\t\t\t\tv_offset:0,\n\t\t\t\t\t\t\t\t\t\tspace:5,\n\t\t\t\t\t\t\t\t\t\twidth:250,\n\t\t\t\t\t\t\t\t\t\theight:80,\n\t\t\t\t\t\t\t\t\t\tmin_width:0,\n\t\t\t\t\t\t\t\t\t\twrapper_padding:0,\n\t\t\t\t\t\t\t\t\t\twrapper_color:\"rgba(255,255,255,1)\",\n\t\t\t\t\t\t\t\t\t\tvisibleAmount:6,\n\t\t\t\t\t\t\t\t\t\tposition:\"outer-horizontal\"\n\t\t\t\t\t\t\t\t\t}\n\t\t\t\t\t\t\t\t},\n\t\t\t\t\t\t\t\tparallax: {\n\t\t\t\t\t\t\t\t\tlevels:[5,10,15,20,25,30,35,40,45,50,47,48,49,50,51,55],\n\t\t\t\t\t\t\t\t\ttype:\"scroll\",\n\t\t\t\t\t\t\t\t\tdisable_onmobile:true\n\t\t\t\t\t\t\t\t},\n\t\t\t\t\t\t\t\tviewPort: {\n\t\t\t\t\t\t\t\t\tenable:true,\n\t\t\t\t\t\t\t\t\tvisible_area:\"20%\"\n\t\t\t\t\t\t\t\t},\n\t\t\t\t\t\t\t\tfallbacks: {\n\t\t\t\t\t\t\t\t\tallowHTML5AutoPlayOnAndroid:true\n\t\t\t\t\t\t\t\t},\n\t\t\t\t\t\t\t});\n\t\t\t\t\t\t\tjQuery(window).on('scroll',function() {\n    var wh = jQuery(this).height();\n  \tjQuery('.tp-parallax-container').each(function() {\n        var layer = jQuery(this);\n    \tvar po = Math.abs(layer.data('parallaxoffset'));        \n        po = po - 10;\n        if (po<0) po = 0;\n        po = 1 - (po \/ 90);  \n        \/\/ Set the value -> po \/ 90)  higher to make a slower Fade Out, \n        \/\/and set it lower to make a quicker fade out.       \n        punchgs.TweenLite.to(layer,0.2,{opacity:po});\n  });\n});\n\/*\n\nconsole.log(\"Is Mobile:\"+is_mobile());\nif (is_mobile()) \nrevapi299.bind(\"revolution.slide.onloaded\",function (e) {\n\tsetTimeout(function() {\n       revapi299.revpause();\n  },4000);\n});\n\nfunction is_mobile() {\n\t      var agents = ['android', 'webos', 'iphone', 'ipad', 'blackberry','Android', 'webos', ,'iPod', 'iPhone', 'iPad', 'Blackberry', 'BlackBerry'];\n\t   var ismobile=false;\n\t      for(i in agents) {\n\n\t       if (navigator.userAgent.split(agents[i]).length>1) {\n\t              ismobile = true;\n\n\t            }\n\t      }\n\t      return ismobile;\n\t  }*\/\n\t\t\t\t\t\t}\n\t\t\t\t\t\t\n\t\t\t\t\t});\n\t\t\t\t\t} \/\/ End of RevInitScript\n\t\t\t\tvar once_revslider291 = false;\n\t\t\t\tif (document.readyState === \"loading\") {document.addEventListener('readystatechange',function() { if((document.readyState === \"interactive\" || document.readyState === \"complete\") && !once_revslider291 ) { once_revslider291 = true; revinit_revslider291();}});} else {once_revslider291 = true; revinit_revslider291();}\n\t\t\t\t<\/script>\n\t\t\t\t<script>\n\t\t\t\t\tvar htmlDivCss = ' #rev_slider_29_1_wrapper rs-loader.spinner2{ background-color: #FFFFFF !important; } ';\n\t\t\t\t\tvar htmlDiv = document.getElementById('rs-plugin-settings-inline-css');\n\t\t\t\t\tif(htmlDiv) {\n\t\t\t\t\t\thtmlDiv.innerHTML = htmlDiv.innerHTML + htmlDivCss;\n\t\t\t\t\t}else{\n\t\t\t\t\t\tvar htmlDiv = document.createElement('div');\n\t\t\t\t\t\thtmlDiv.innerHTML = '<style>' + htmlDivCss + '<\/style>';\n\t\t\t\t\t\tdocument.getElementsByTagName('head')[0].appendChild(htmlDiv.childNodes[0]);\n\t\t\t\t\t}\n\t\t\t\t<\/script>\n\t\t\t\t<script>\n\t\t\t\t\tvar htmlDivCss = unescape(\"%23rev_slider_29_1_wrapper%20.hesperiden.tparrows%20%7B%0A%09cursor%3Apointer%3B%0A%09background%3Argba%280%2C0%2C0%2C0.5%29%3B%0A%09width%3A40px%3B%0A%09height%3A40px%3B%0A%09position%3Aabsolute%3B%0A%09display%3Ablock%3B%0A%09z-index%3A1000%3B%0A%20%20%20%20border-radius%3A%2050%25%3B%0A%7D%0A%23rev_slider_29_1_wrapper%20.hesperiden.tparrows%3Ahover%20%7B%0A%09background%3A%23fecc3a%3B%0A%7D%0A%23rev_slider_29_1_wrapper%20.hesperiden.tparrows%3Abefore%20%7B%0A%09font-family%3A%20%27revicons%27%3B%0A%09font-size%3A20px%3B%0A%09color%3A%23ffffff%3B%0A%09display%3Ablock%3B%0A%09line-height%3A%2040px%3B%0A%09text-align%3A%20center%3B%0A%7D%0A%23rev_slider_29_1_wrapper%20.hesperiden.tparrows.tp-leftarrow%3Abefore%20%7B%0A%09content%3A%20%27%5Ce82c%27%3B%0A%20%20%20%20margin-left%3A-3px%3B%0A%7D%0A%23rev_slider_29_1_wrapper%20.hesperiden.tparrows.tp-rightarrow%3Abefore%20%7B%0A%09content%3A%20%27%5Ce82d%27%3B%0A%20%20%20%20margin-right%3A-3px%3B%0A%7D%0A%23rev_slider_29_1_wrapper%20.hesperiden%20.tp-tab%20%7B%20%0A%20%20opacity%3A1%3B%20%20%20%20%20%20%0A%20%20padding%3A10px%3B%0A%20%20box-sizing%3Aborder-box%3B%0A%20%20font-family%3A%20%27Roboto%27%2C%20sans-serif%3B%0A%20%20border-bottom%3A%201px%20solid%20%23e5e5e5%3B%0A%20%7D%0A%23rev_slider_29_1_wrapper%20.hesperiden%20.tp-tab-image%20%0A%7B%20%0A%20%20width%3A60px%3B%0A%20%20height%3A60px%3B%20max-height%3A100%25%3B%20max-width%3A100%25%3B%0A%20%20position%3Arelative%3B%0A%20%20display%3Ainline-block%3B%0A%20%20float%3Aleft%3B%0A%0A%7D%0A%23rev_slider_29_1_wrapper%20.hesperiden%20.tp-tab-content%20%0A%7B%0A%20%20%20%20background%3Argba%280%2C0%2C0%2C0%29%3B%20%0A%20%20%20%20position%3Arelative%3B%0A%20%20%20%20padding%3A15px%2015px%2015px%2085px%3B%0A%20left%3A0px%3B%0A%20overflow%3Ahidden%3B%0A%20margin-top%3A-15px%3B%0A%20%20%20%20box-sizing%3Aborder-box%3B%0A%20%20%20%20color%3A%23333333%3B%0A%20%20%20%20display%3A%20inline-block%3B%0A%20%20%20%20width%3A100%25%3B%0A%20%20%20%20height%3A100%25%3B%0A%20position%3Aabsolute%3B%20%7D%0A%23rev_slider_29_1_wrapper%20.hesperiden%20.tp-tab-date%0A%20%20%7B%0A%20%20display%3Ablock%3B%0A%20%20color%3A%20rgba%2851%2C51%2C51%2C0.5%29%3B%0A%20%20font-weight%3A500%3B%0A%20%20font-size%3A12px%3B%0A%20%20margin-bottom%3A0px%3B%0A%20%20%7D%0A%23rev_slider_29_1_wrapper%20.hesperiden%20.tp-tab-title%20%0A%7B%0A%20%20%20%20display%3Ablock%3B%09%0A%20%20%20%20text-align%3Aleft%09%3B%0A%20%20%20%20color%3Argba%280%2C0%2C0%2C1%29%3B%0A%20%20%20%20font-size%3A14px%3B%0A%20%20%20%20font-weight%3A500%3B%0A%20%20%20%20text-transform%3Anone%3B%0A%20%20%20%20line-height%3A17px%3B%0A%7D%0A%23rev_slider_29_1_wrapper%20.hesperiden%20.tp-tab%3Ahover%2C%0A%23rev_slider_29_1_wrapper%20.hesperiden%20.tp-tab.selected%20%7B%0A%09background%3A%23eeeeee%3B%20%0A%7D%0A%0A%23rev_slider_29_1_wrapper%20.hesperiden%20.tp-tab-mask%20%7B%0A%7D%0A%0A%2F%2A%20media%20queries%20%2A%2F%0A%40media%20only%20screen%20and%20%28max-width%3A%20960px%29%20%7B%0A%0A%7D%0A%40media%20only%20screen%20and%20%28max-width%3A%20768px%29%20%7B%0A%0A%7D%0A\");\n\t\t\t\t\tvar htmlDiv = document.getElementById('rs-plugin-settings-inline-css');\n\t\t\t\t\tif(htmlDiv) {\n\t\t\t\t\t\thtmlDiv.innerHTML = htmlDiv.innerHTML + htmlDivCss;\n\t\t\t\t\t}else{\n\t\t\t\t\t\tvar htmlDiv = document.createElement('div');\n\t\t\t\t\t\thtmlDiv.innerHTML = '<style>' + htmlDivCss + '<\/style>';\n\t\t\t\t\t\tdocument.getElementsByTagName('head')[0].appendChild(htmlDiv.childNodes[0]);\n\t\t\t\t\t}\n\t\t\t\t<\/script>\n\t\t\t\t<script>\n\t\t\t\t\tvar htmlDivCss = unescape(\"%0A%0A%0A%0A%0A%0A\");\n\t\t\t\t\tvar htmlDiv = document.getElementById('rs-plugin-settings-inline-css');\n\t\t\t\t\tif(htmlDiv) {\n\t\t\t\t\t\thtmlDiv.innerHTML = htmlDiv.innerHTML + htmlDivCss;\n\t\t\t\t\t}else{\n\t\t\t\t\t\tvar htmlDiv = document.createElement('div');\n\t\t\t\t\t\thtmlDiv.innerHTML = '<style>' + htmlDivCss + '<\/style>';\n\t\t\t\t\t\tdocument.getElementsByTagName('head')[0].appendChild(htmlDiv.childNodes[0]);\n\t\t\t\t\t}\n\t\t\t\t<\/script>\n\t\t\t<\/rs-module-wrap>\n\t\t\t<!-- END REVOLUTION SLIDER -->\n<\/div><div class=\"fusion-clearfix\"><\/div><\/div><\/div><div class=\"fusion-layout-column fusion_builder_column fusion-builder-column-1 fusion_builder_column_1_3 1_3 fusion-one-third fusion-column-last\" style=\"width:30.6666%;margin-top:0px;margin-bottom:20px;\"><div class=\"fusion-column-wrapper fusion-flex-column-wrapper-legacy\" style=\"background-position:left top;background-repeat:no-repeat;-webkit-background-size:cover;-moz-background-size:cover;-o-background-size:cover;background-size:cover;background-color:#f2f2f2;padding: 10% 10% 10% 10%;\"><div class=\"fusion-sep-clear\"><\/div><div class=\"fusion-separator fusion-full-width-sep\" style=\"margin-left: auto;margin-right: auto;margin-top:10px;margin-bottom:10px;width:100%;\"><\/div><div class=\"fusion-sep-clear\"><\/div><div class=\"fusion-text fusion-text-1\"><h1>PUBLISAC<sup>\u00ae<\/sup><\/h1>\n<\/div><div class=\"fusion-text fusion-text-2\"><h3 style=\"--fontSize: 18; line-height: 1.2; --minFontSize: 18;\" data-fontsize=\"18\" data-lineheight=\"21.6px\" class=\"fusion-responsive-typography-calculated\">Le Conteneur Flexible r\u00e9invent\u00e9 comme support publicitaire<\/h3>\n<\/div><div class=\"fusion-sep-clear\"><\/div><div class=\"fusion-separator fusion-full-width-sep\" style=\"margin-left: auto;margin-right: auto;margin-top:10px;margin-bottom:10px;width:100%;\"><div class=\"fusion-separator-border sep-single sep-solid\" style=\"border-color:#adadad;border-top-width:1px;\"><\/div><\/div><div class=\"fusion-sep-clear\"><\/div><div class=\"fusion-text fusion-text-3\"><p>Gr\u00e2ce \u00e0 un stratifi\u00e9 sp\u00e9cial qui offre une surface id\u00e9ale pour l&rsquo;impression num\u00e9rique en couleur, notre  PUBLISAC<sup>\u00ae<\/sup> se pr\u00e9sente comme une solution tr\u00e8s efficace pour une promotion visuelle enti\u00e8rement personnalisable, offrant une valeur ajout\u00e9e \u00e0 un produit d&rsquo;excellente qualit\u00e9 et de nombreuses performances.<\/p>\n<\/div><div class=\"fusion-sep-clear\"><\/div><div class=\"fusion-separator fusion-full-width-sep\" style=\"margin-left: auto;margin-right: auto;margin-top:10px;margin-bottom:10px;width:100%;\"><div class=\"fusion-separator-border sep-single sep-solid\" style=\"border-color:#adadad;border-top-width:1px;\"><\/div><\/div><div class=\"fusion-sep-clear\"><\/div><style type=\"text\/css\">.fusion-accordian  #accordion-4986-1 .panel-title a .fa-fusion-box{ color: #ffffff;}.fusion-accordian  #accordion-4986-1 .panel-title a .fa-fusion-box:before{ font-size: 13px; width: 13px;}.fusion-accordian  #accordion-4986-1 .panel-title a{font-size:18px;}.fusion-accordian  #accordion-4986-1 .fa-fusion-box { background-color: #c20c1e;border-color: #c20c1e;}.fusion-accordian  #accordion-4986-1 .panel-title a:hover, #accordion-4986-1 .fusion-toggle-boxed-mode:hover .panel-title a { color: #ffcc3a;}.fusion-accordian  #accordion-4986-1 .panel-title .active .fa-fusion-box,.fusion-accordian  #accordion-4986-1 .panel-title a:hover .fa-fusion-box { background-color: #ffcc3a!important;border-color: #ffcc3a!important;}<\/style><div class=\"accordian fusion-accordian\"><div class=\"panel-group\" id=\"accordion-4986-1\"><div class=\"fusion-panel panel-default fusion-toggle-no-divider\"><div class=\"panel-heading\"><h4 class=\"panel-title toggle\"><a aria-expanded=\"false\" aria-controls=\"ac9a663708b1cae3b\" role=\"button\" data-toggle=\"collapse\" data-parent=\"#accordion-4986-1\" data-target=\"#ac9a663708b1cae3b\" href=\"#ac9a663708b1cae3b\"><span class=\"fusion-toggle-icon-wrapper\" aria-hidden=\"true\"><i class=\"fa-fusion-box\" aria-hidden=\"true\"><\/i><\/span><span class=\"fusion-toggle-heading\">Avantages<\/span><\/a><\/h4><\/div><div id=\"ac9a663708b1cae3b\" class=\"panel-collapse collapse \"><div class=\"panel-body toggle-content fusion-clearfix\">\n<ul>\n<li>Impression num\u00e9rique couleur en qualit\u00e9 photo<\/li>\n<li>4 faces lat\u00e9rales enti\u00e8rement personnalisables<\/li>\n<li>Le mod\u00e8le plafonn\u00e9 fournit une 5\u00e8me surface d&rsquo;impression suppl\u00e9mentaire<\/li>\n<li>Id\u00e9al pour donner de la visibilit\u00e9 \u00e0 votre marque ou produit<\/li>\n<li>Certifi\u00e9 BRC pour un usage alimentaire<\/li>\n<\/ul>\n<\/div><\/div><\/div><div class=\"fusion-panel panel-default fusion-toggle-no-divider\"><div class=\"panel-heading\"><h4 class=\"panel-title toggle\"><a aria-expanded=\"false\" aria-controls=\"89e15c23e92b0191f\" role=\"button\" data-toggle=\"collapse\" data-parent=\"#accordion-4986-1\" data-target=\"#89e15c23e92b0191f\" href=\"#89e15c23e92b0191f\"><span class=\"fusion-toggle-icon-wrapper\" aria-hidden=\"true\"><i class=\"fa-fusion-box\" aria-hidden=\"true\"><\/i><\/span><span class=\"fusion-toggle-heading\">Sp\u00e9cifications<\/span><\/a><\/h4><\/div><div id=\"89e15c23e92b0191f\" class=\"panel-collapse collapse \"><div class=\"panel-body toggle-content fusion-clearfix\">\n<ul>\n<li>2 options : ouverture compl\u00e8te et fond ferm\u00e9 \/ couvercle sup\u00e9rieur et fond ferm\u00e9<\/li>\n<li>Largeur x longueur x hauteur : 91 x 91 x 100 cm<\/li>\n<li>Contenance : 800 l<\/li>\n<li>Force : 1 000 kg<\/li>\n<li>Coeff. s\u00e9curit\u00e9\u00a0: 5\u00a0:\u00a01<\/li>\n<\/ul>\n<\/div><\/div><\/div><\/div><\/div><div class=\"fusion-sep-clear\"><\/div><div class=\"fusion-separator fusion-full-width-sep\" style=\"margin-left: auto;margin-right: auto;margin-top:10px;margin-bottom:10px;width:100%;\"><div class=\"fusion-separator-border sep-single sep-solid\" style=\"border-color:#adadad;border-top-width:1px;\"><\/div><\/div><div class=\"fusion-sep-clear\"><\/div><div class=\"fusion-text fusion-text-4\"><h5 style=\"text-align: center; --fontSize: 16; line-height: 1; --minFontSize: 16;\" data-fontsize=\"16\" data-lineheight=\"16px\" class=\"fusion-responsive-typography-calculated\">INFORMATIONS SUPPL\u00c9MENTAIRES<\/h5>\n<\/div><div class=\"fusion-align-block\"><style type=\"text\/css\">.fusion-button.button-1 .fusion-button-text, .fusion-button.button-1 i {color:#000000;}.fusion-button.button-1 .fusion-button-icon-divider{border-color:#000000;}.fusion-button.button-1:hover .fusion-button-text, .fusion-button.button-1:hover i,.fusion-button.button-1:focus .fusion-button-text, .fusion-button.button-1:focus i,.fusion-button.button-1:active .fusion-button-text, .fusion-button.button-1:active{color:#000000;}.fusion-button.button-1:hover .fusion-button-icon-divider, .fusion-button.button-1:hover .fusion-button-icon-divider, .fusion-button.button-1:active .fusion-button-icon-divider{border-color:#000000;}.fusion-button.button-1:hover, .fusion-button.button-1:focus, .fusion-button.button-1:active{border-color:#000000;}.fusion-button.button-1 {border-color:#000000;border-radius:2px;}.fusion-button.button-1{background: #f2f2f2;}.fusion-button.button-1:hover,.button-1:focus,.fusion-button.button-1:active{background: #fecc3a;}<\/style><a class=\"fusion-button button-flat button-large button-custom button-1 fusion-button-span-yes \" target=\"_blank\" rel=\"noopener noreferrer\" href=\"http:\/\/www.fibcnet.com\/wp-content\/uploads\/2021\/06\/dossier_web_PUBLISAC.pdf\"><i class=\"fa-file-pdf far button-icon-left\" aria-hidden=\"true\"><\/i><span class=\"fusion-button-text\">TEL\u00c9CHARGER LE PDF (ESP)<\/span><\/a><\/div><div class=\"fusion-align-block\"><style type=\"text\/css\">.fusion-button.button-2 {border-radius:2px;}<\/style><a class=\"fusion-button button-flat button-large button-default button-2 fusion-button-span-yes \" target=\"_blank\" rel=\"noopener noreferrer\" href=\"http:\/\/www.fibcnet.com\/contacto\/\"><span class=\"fusion-button-text\">NOUS CONTACTER<\/span><\/a><\/div><div class=\"fusion-sep-clear\"><\/div><div class=\"fusion-separator fusion-full-width-sep\" style=\"margin-left: auto;margin-right: auto;margin-top:5px;margin-bottom:5px;width:100%;\"><\/div><div class=\"fusion-sep-clear\"><\/div><div class=\"fusion-clearfix\"><\/div><\/div><\/div><\/div><\/div>\n","protected":false},"excerpt":{"rendered":"","protected":false},"author":2,"featured_media":0,"parent":0,"menu_order":0,"comment_status":"closed","ping_status":"closed","template":"","meta":{"footnotes":""},"class_list":["post-4986","page","type-page","status-publish","hentry"],"_links":{"self":[{"href":"https:\/\/www.fibcnet.com\/fr\/wp-json\/wp\/v2\/pages\/4986","targetHints":{"allow":["GET"]}}],"collection":[{"href":"https:\/\/www.fibcnet.com\/fr\/wp-json\/wp\/v2\/pages"}],"about":[{"href":"https:\/\/www.fibcnet.com\/fr\/wp-json\/wp\/v2\/types\/page"}],"author":[{"embeddable":true,"href":"https:\/\/www.fibcnet.com\/fr\/wp-json\/wp\/v2\/users\/2"}],"replies":[{"embeddable":true,"href":"https:\/\/www.fibcnet.com\/fr\/wp-json\/wp\/v2\/comments?post=4986"}],"version-history":[{"count":14,"href":"https:\/\/www.fibcnet.com\/fr\/wp-json\/wp\/v2\/pages\/4986\/revisions"}],"predecessor-version":[{"id":5001,"href":"https:\/\/www.fibcnet.com\/fr\/wp-json\/wp\/v2\/pages\/4986\/revisions\/5001"}],"wp:attachment":[{"href":"https:\/\/www.fibcnet.com\/fr\/wp-json\/wp\/v2\/media?parent=4986"}],"curies":[{"name":"wp","href":"https:\/\/api.w.org\/{rel}","templated":true}]}}